{"id":11,"date":"2023-09-04T14:00:03","date_gmt":"2023-09-04T11:00:03","guid":{"rendered":"http:\/\/www.sorelektrik.com\/index.php\/sepet\/"},"modified":"2023-09-05T12:26:51","modified_gmt":"2023-09-05T09:26:51","slug":"sepet","status":"publish","type":"page","link":"https:\/\/www.sorelektrik.com\/index.php\/sepet\/","title":{"rendered":"Sepet"},"content":{"rendered":"\n","protected":false},"excerpt":{"rendered":"","protected":false},"author":1,"featured_media":0,"parent":0,"menu_order":0,"comment_status":"closed","ping_status":"closed","template":"","meta":{"footnotes":""},"class_list":["post-11","page","type-page","status-publish","hentry"],"yoast_head":"<!-- This site is optimized with the Yoast SEO plugin v27.4 - https:\/\/yoast.com\/product\/yoast-seo-wordpress\/ -->\n<title>Sepet - Sor Elektrik<\/title>\n<meta name=\"robots\" content=\"index, follow, max-snippet:-1, max-image-preview:large, max-video-preview:-1\" \/>\n<link rel=\"canonical\" href=\"https:\/\/www.sorelektrik.com\/index.php\/sepet\/\" \/>\n<meta property=\"og:locale\" content=\"tr_TR\" \/>\n<meta property=\"og:type\" content=\"article\" \/>\n<meta property=\"og:title\" content=\"Sepet - Sor Elektrik\" \/>\n<meta property=\"og:url\" content=\"https:\/\/www.sorelektrik.com\/index.php\/sepet\/\" \/>\n<meta property=\"og:site_name\" content=\"Sor Elektrik\" \/>\n<meta property=\"article:modified_time\" content=\"2023-09-05T09:26:51+00:00\" \/>\n<meta property=\"og:image\" content=\"https:\/\/www.sorelektrik.com\/wp-content\/uploads\/2023\/09\/Ekran-goruntusu-2023-09-05-161841.png\" \/>\n\t<meta property=\"og:image:width\" content=\"1894\" \/>\n\t<meta property=\"og:image:height\" content=\"857\" \/>\n\t<meta property=\"og:image:type\" content=\"image\/png\" \/>\n<meta name=\"twitter:card\" content=\"summary_large_image\" \/>\n<script type=\"application\/ld+json\" class=\"yoast-schema-graph\">{\"@context\":\"https:\\\/\\\/schema.org\",\"@graph\":[{\"@type\":\"WebPage\",\"@id\":\"https:\\\/\\\/www.sorelektrik.com\\\/index.php\\\/sepet\\\/\",\"url\":\"https:\\\/\\\/www.sorelektrik.com\\\/index.php\\\/sepet\\\/\",\"name\":\"Sepet - Sor Elektrik\",\"isPartOf\":{\"@id\":\"https:\\\/\\\/www.sorelektrik.com\\\/#website\"},\"datePublished\":\"2023-09-04T11:00:03+00:00\",\"dateModified\":\"2023-09-05T09:26:51+00:00\",\"breadcrumb\":{\"@id\":\"https:\\\/\\\/www.sorelektrik.com\\\/index.php\\\/sepet\\\/#breadcrumb\"},\"inLanguage\":\"tr\",\"potentialAction\":[{\"@type\":\"ReadAction\",\"target\":[\"https:\\\/\\\/www.sorelektrik.com\\\/index.php\\\/sepet\\\/\"]}]},{\"@type\":\"BreadcrumbList\",\"@id\":\"https:\\\/\\\/www.sorelektrik.com\\\/index.php\\\/sepet\\\/#breadcrumb\",\"itemListElement\":[{\"@type\":\"ListItem\",\"position\":1,\"name\":\"Anasayfa\",\"item\":\"https:\\\/\\\/www.sorelektrik.com\\\/\"},{\"@type\":\"ListItem\",\"position\":2,\"name\":\"Sepet\"}]},{\"@type\":\"WebSite\",\"@id\":\"https:\\\/\\\/www.sorelektrik.com\\\/#website\",\"url\":\"https:\\\/\\\/www.sorelektrik.com\\\/\",\"name\":\"Sor Elektrik\",\"description\":\"Kalite Hi\u00e7bir Zaman Tesad\u00fcf De\u011fildir\",\"publisher\":{\"@id\":\"https:\\\/\\\/www.sorelektrik.com\\\/#organization\"},\"alternateName\":\"http:\\\/\\\/www.sorelektrik.com\\\/\",\"potentialAction\":[{\"@type\":\"SearchAction\",\"target\":{\"@type\":\"EntryPoint\",\"urlTemplate\":\"https:\\\/\\\/www.sorelektrik.com\\\/?s={search_term_string}\"},\"query-input\":{\"@type\":\"PropertyValueSpecification\",\"valueRequired\":true,\"valueName\":\"search_term_string\"}}],\"inLanguage\":\"tr\"},{\"@type\":\"Organization\",\"@id\":\"https:\\\/\\\/www.sorelektrik.com\\\/#organization\",\"name\":\"Sor Elektrik\",\"alternateName\":\"http:\\\/\\\/www.sorelektrik.com\\\/\",\"url\":\"https:\\\/\\\/www.sorelektrik.com\\\/\",\"logo\":{\"@type\":\"ImageObject\",\"inLanguage\":\"tr\",\"@id\":\"https:\\\/\\\/www.sorelektrik.com\\\/#\\\/schema\\\/logo\\\/image\\\/\",\"url\":\"http:\\\/\\\/www.sorelektrik.com\\\/wp-content\\\/uploads\\\/2023\\\/09\\\/sorlogoicon_Calisma-Yuzeyi-1.png\",\"contentUrl\":\"http:\\\/\\\/www.sorelektrik.com\\\/wp-content\\\/uploads\\\/2023\\\/09\\\/sorlogoicon_Calisma-Yuzeyi-1.png\",\"width\":2134,\"height\":2134,\"caption\":\"Sor Elektrik\"},\"image\":{\"@id\":\"https:\\\/\\\/www.sorelektrik.com\\\/#\\\/schema\\\/logo\\\/image\\\/\"}}]}<\/script>\n<!-- \/ Yoast SEO plugin. -->","yoast_head_json":{"title":"Sepet - Sor Elektrik","robots":{"index":"index","follow":"follow","max-snippet":"max-snippet:-1","max-image-preview":"max-image-preview:large","max-video-preview":"max-video-preview:-1"},"canonical":"https:\/\/www.sorelektrik.com\/index.php\/sepet\/","og_locale":"tr_TR","og_type":"article","og_title":"Sepet - Sor Elektrik","og_url":"https:\/\/www.sorelektrik.com\/index.php\/sepet\/","og_site_name":"Sor Elektrik","article_modified_time":"2023-09-05T09:26:51+00:00","og_image":[{"width":1894,"height":857,"url":"https:\/\/www.sorelektrik.com\/wp-content\/uploads\/2023\/09\/Ekran-goruntusu-2023-09-05-161841.png","type":"image\/png"}],"twitter_card":"summary_large_image","schema":{"@context":"https:\/\/schema.org","@graph":[{"@type":"WebPage","@id":"https:\/\/www.sorelektrik.com\/index.php\/sepet\/","url":"https:\/\/www.sorelektrik.com\/index.php\/sepet\/","name":"Sepet - Sor Elektrik","isPartOf":{"@id":"https:\/\/www.sorelektrik.com\/#website"},"datePublished":"2023-09-04T11:00:03+00:00","dateModified":"2023-09-05T09:26:51+00:00","breadcrumb":{"@id":"https:\/\/www.sorelektrik.com\/index.php\/sepet\/#breadcrumb"},"inLanguage":"tr","potentialAction":[{"@type":"ReadAction","target":["https:\/\/www.sorelektrik.com\/index.php\/sepet\/"]}]},{"@type":"BreadcrumbList","@id":"https:\/\/www.sorelektrik.com\/index.php\/sepet\/#breadcrumb","itemListElement":[{"@type":"ListItem","position":1,"name":"Anasayfa","item":"https:\/\/www.sorelektrik.com\/"},{"@type":"ListItem","position":2,"name":"Sepet"}]},{"@type":"WebSite","@id":"https:\/\/www.sorelektrik.com\/#website","url":"https:\/\/www.sorelektrik.com\/","name":"Sor Elektrik","description":"Kalite Hi\u00e7bir Zaman Tesad\u00fcf De\u011fildir","publisher":{"@id":"https:\/\/www.sorelektrik.com\/#organization"},"alternateName":"http:\/\/www.sorelektrik.com\/","potentialAction":[{"@type":"SearchAction","target":{"@type":"EntryPoint","urlTemplate":"https:\/\/www.sorelektrik.com\/?s={search_term_string}"},"query-input":{"@type":"PropertyValueSpecification","valueRequired":true,"valueName":"search_term_string"}}],"inLanguage":"tr"},{"@type":"Organization","@id":"https:\/\/www.sorelektrik.com\/#organization","name":"Sor Elektrik","alternateName":"http:\/\/www.sorelektrik.com\/","url":"https:\/\/www.sorelektrik.com\/","logo":{"@type":"ImageObject","inLanguage":"tr","@id":"https:\/\/www.sorelektrik.com\/#\/schema\/logo\/image\/","url":"http:\/\/www.sorelektrik.com\/wp-content\/uploads\/2023\/09\/sorlogoicon_Calisma-Yuzeyi-1.png","contentUrl":"http:\/\/www.sorelektrik.com\/wp-content\/uploads\/2023\/09\/sorlogoicon_Calisma-Yuzeyi-1.png","width":2134,"height":2134,"caption":"Sor Elektrik"},"image":{"@id":"https:\/\/www.sorelektrik.com\/#\/schema\/logo\/image\/"}}]}},"_links":{"self":[{"href":"https:\/\/www.sorelektrik.com\/index.php\/wp-json\/wp\/v2\/pages\/11","targetHints":{"allow":["GET"]}}],"collection":[{"href":"https:\/\/www.sorelektrik.com\/index.php\/wp-json\/wp\/v2\/pages"}],"about":[{"href":"https:\/\/www.sorelektrik.com\/index.php\/wp-json\/wp\/v2\/types\/page"}],"author":[{"embeddable":true,"href":"https:\/\/www.sorelektrik.com\/index.php\/wp-json\/wp\/v2\/users\/1"}],"replies":[{"embeddable":true,"href":"https:\/\/www.sorelektrik.com\/index.php\/wp-json\/wp\/v2\/comments?post=11"}],"version-history":[{"count":1,"href":"https:\/\/www.sorelektrik.com\/index.php\/wp-json\/wp\/v2\/pages\/11\/revisions"}],"predecessor-version":[{"id":476,"href":"https:\/\/www.sorelektrik.com\/index.php\/wp-json\/wp\/v2\/pages\/11\/revisions\/476"}],"wp:attachment":[{"href":"https:\/\/www.sorelektrik.com\/index.php\/wp-json\/wp\/v2\/media?parent=11"}],"curies":[{"name":"wp","href":"https:\/\/api.w.org\/{rel}","templated":true}]}}