{"id":839,"date":"2023-09-13T15:13:21","date_gmt":"2023-09-13T12:13:21","guid":{"rendered":"http:\/\/www.sorelektrik.com\/?page_id=839"},"modified":"2023-09-19T14:32:20","modified_gmt":"2023-09-19T11:32:20","slug":"sont-reaktorler","status":"publish","type":"page","link":"https:\/\/www.sorelektrik.com\/index.php\/urunlerimiz\/xkoren\/sont-reaktorler\/","title":{"rendered":"\u015e\u00f6nt Reakt\u00f6rler"},"content":{"rendered":"\t<section class=\"section\" id=\"section_1793912503\">\n\t\t<div class=\"bg section-bg fill bg-fill  bg-loaded\" >\n\n\t\t\t\n\t\t\t\n\t\t\t\n\n\t\t<\/div>\n\n\t\t<div class=\"section-content relative\">\n\t\t\t\n\n  <div class=\"banner has-hover\" id=\"banner-1062690018\">\n          <div class=\"banner-inner fill\">\n        <div class=\"banner-bg fill\" >\n            <div class=\"bg fill bg-fill \"><\/div>\n                        <div class=\"overlay\"><\/div>            \n                    <\/div>\n        <div class=\"banner-layers container\">\n            <div class=\"fill banner-link\"><\/div>            \n   <div id=\"text-box-33386032\" class=\"text-box banner-layer x50 md-x50 lg-x50 y50 md-y50 lg-y50 res-text\">\n                                <div class=\"text-box-content text dark\">\n              \n              <div class=\"text-inner text-center\">\n                  \n<h3 class=\"uppercase\" style=\"text-align: center;\"><strong>\u015e\u00d6NT REAKT\u00d6RLER<\/strong><\/h3>\n              <\/div>\n           <\/div>\n                            \n<style>\n#text-box-33386032 {\n  width: 60%;\n}\n#text-box-33386032 .text-box-content {\n  font-size: 100%;\n}\n<\/style>\n    <\/div>\n \n        <\/div>\n      <\/div>\n\n            \n<style>\n#banner-1062690018 {\n  padding-top: 400px;\n}\n#banner-1062690018 .bg.bg-loaded {\n  background-image: url(https:\/\/www.sorelektrik.com\/wp-content\/uploads\/2023\/09\/Sont-Reaktor-Fiyatlari2-scaled.jpg);\n}\n#banner-1062690018 .overlay {\n  background-color: rgba(0,0,0,.5);\n}\n<\/style>\n  <\/div>\n\n\n\t\t<\/div>\n\n\t\t\n<style>\n#section_1793912503 {\n  padding-top: 0px;\n  padding-bottom: 0px;\n}\n<\/style>\n\t<\/section>\n\t\n<div class=\"row\"  id=\"row-1076200811\">\n\n\t<div id=\"col-1350032073\" class=\"col medium-3 small-12 large-3\"  >\n\t\t\t\t<div class=\"col-inner\"  >\n\t\t\t\n\t\t\t\n<a data-animate=\"fadeInLeft\" href=\"http:\/\/www.sorelektrik.com\/index.php\/urunlerimiz\/xkoren\/termik-manyetik-kompakt-tip-devre-kesiciler\/\" target=\"_self\" class=\"button primary expand\"  >\n    <span>Termik Manyetik Kompakt Tip Devre Kesiciler<\/span>\n  <\/a>\n\n\n<a data-animate=\"fadeInLeft\" href=\"http:\/\/www.sorelektrik.com\/index.php\/urunlerimiz\/xkoren\/acik-tip-devre-kesiciler\/\" target=\"_self\" class=\"button primary expand\"  >\n    <span>A\u00e7\u0131k Tip Devre Kesiciler<\/span>\n  <\/a>\n\n\n<a data-animate=\"fadeInLeft\" href=\"http:\/\/www.sorelektrik.com\/index.php\/urunlerimiz\/xkoren\/otomatik-sigortalar\/\" target=\"_self\" class=\"button primary expand\"  >\n    <span>Otomatik Sigortalar<\/span>\n  <\/a>\n\n\n<a data-animate=\"fadeInLeft\" href=\"http:\/\/www.sorelektrik.com\/index.php\/urunlerimiz\/xkoren\/kacak-akim-koruma-salterleri\/\" target=\"_self\" class=\"button primary expand\"  >\n    <span>Ka\u00e7ak Ak\u0131m Koruma \u015ealterleri<\/span>\n  <\/a>\n\n\n<a data-animate=\"fadeInLeft\" href=\"http:\/\/www.sorelektrik.com\/index.php\/urunlerimiz\/xkoren\/moduler-sessiz-kontaktorler\/\" target=\"_self\" class=\"button primary expand\"  >\n    <span>Mod\u00fcler Sessiz Kontakt\u00f6rler<\/span>\n  <\/a>\n\n\n<a data-animate=\"fadeInLeft\" href=\"http:\/\/www.sorelektrik.com\/index.php\/urunlerimiz\/xkoren\/kontaktor-termik-roleler\/\" target=\"_self\" class=\"button primary expand\"  >\n    <span>Kontakt\u00f6r & Termik R\u00f6leler<\/span>\n  <\/a>\n\n\n<a data-animate=\"fadeInLeft\" href=\"http:\/\/www.sorelektrik.com\/index.php\/urunlerimiz\/xkoren\/kondansatorler\/\" target=\"_self\" class=\"button primary expand\"  >\n    <span>Kondansat\u00f6rler<\/span>\n  <\/a>\n\n\n<a data-animate=\"fadeInLeft\" href=\"http:\/\/www.sorelektrik.com\/index.php\/urunlerimiz\/xkoren\/nh-sigortalar\/\" target=\"_self\" class=\"button primary expand\"  >\n    <span>NH Sigortalar<\/span>\n  <\/a>\n\n\n<a data-animate=\"fadeInLeft\" href=\"http:\/\/www.sorelektrik.com\/index.php\/urunlerimiz\/xkoren\/yuk-ayiricilar\/\" target=\"_self\" class=\"button primary expand\"  >\n    <span>Y\u00fck Ay\u0131r\u0131c\u0131lar<\/span>\n  <\/a>\n\n\n<a data-animate=\"fadeInLeft\" href=\"http:\/\/www.sorelektrik.com\/index.php\/urunlerimiz\/xkoren\/motor-koruma-salterleri\/\" target=\"_self\" class=\"button primary expand\"  >\n    <span>Motor Koruma \u015falterleri<\/span>\n  <\/a>\n\n\n<a data-animate=\"fadeInLeft\" href=\"http:\/\/www.sorelektrik.com\/index.php\/urunlerimiz\/xkoren\/parafudrlar\/\" target=\"_self\" class=\"button primary expand\"  >\n    <span>Parafudrlar<\/span>\n  <\/a>\n\n\n<a data-animate=\"fadeInLeft\" href=\"http:\/\/www.sorelektrik.com\/index.php\/urunlerimiz\/xkoren\/akim-transformatorleri\/\" target=\"_self\" class=\"button primary expand\"  >\n    <span>Ak\u0131m Transformat\u00f6rleri<\/span>\n  <\/a>\n\n\n<a data-animate=\"fadeInLeft\" href=\"http:\/\/www.sorelektrik.com\/index.php\/urunlerimiz\/xkoren\/otomatik-transfer-salterleri\/\" target=\"_self\" class=\"button primary expand\"  >\n    <span>Otomatik Transfer \u015ealterleri<\/span>\n  <\/a>\n\n\n<a data-animate=\"fadeInLeft\" href=\"http:\/\/www.sorelektrik.com\/index.php\/urunlerimiz\/xkoren\/reaktif-guc-kontrol-rolesi\/\" target=\"_self\" class=\"button primary expand\"  >\n    <span>Reaktif G\u00fc\u00e7 Kontrol R\u00f6lesi<\/span>\n  <\/a>\n\n\n<a data-animate=\"fadeInLeft\" href=\"http:\/\/www.sorelektrik.com\/index.php\/urunlerimiz\/xkoren\/harmonik-filtreler\/\" target=\"_self\" class=\"button primary expand\"  >\n    <span>Harmonik Filtreler<\/span>\n  <\/a>\n\n\n<a data-animate=\"fadeInLeft\" href=\"http:\/\/www.sorelektrik.com\/index.php\/urunlerimiz\/xkoren\/sont-reaktorler\/\" target=\"_self\" class=\"button primary expand\"  >\n    <span>\u015e\u00f6nt Reakt\u00f6rler<\/span>\n  <\/a>\n\n\n<a data-animate=\"fadeInLeft\" href=\"http:\/\/www.sorelektrik.com\/index.php\/urunlerimiz\/xkoren\/reaktif-suruculer\/\" target=\"_self\" class=\"button primary expand\"  >\n    <span>Reaktif S\u00fcr\u00fcc\u00fcler<\/span>\n  <\/a>\n\n\n<a data-animate=\"fadeInLeft\" href=\"http:\/\/www.sorelektrik.com\/index.php\/urunlerimiz\/xkoren\/roleler\/\" target=\"_self\" class=\"button primary expand\"  >\n    <span>R\u00f6leler<\/span>\n  <\/a>\n\n\n<a data-animate=\"fadeInLeft\" href=\"http:\/\/www.sorelektrik.com\/index.php\/urunlerimiz\/xkoren\/pano-sinyal-lambalari-ve-butonlar\/\" target=\"_self\" class=\"button primary expand\"  >\n    <span>Pano Sinyal Lambalar\u0131 ve Butonlar<\/span>\n  <\/a>\n\n\n<a data-animate=\"fadeInLeft\" href=\"http:\/\/www.sorelektrik.com\/index.php\/urunlerimiz\/xkoren\/kacak-akim-algilama-rolesi-ve-toroidal-transformatorler\/\" target=\"_self\" class=\"button primary expand\"  >\n    <span>Ka\u00e7ak Ak\u0131m Alg\u0131lama R\u00f6lesi ve Toroidal Transformat\u00f6rler<\/span>\n  <\/a>\n\n\n<a data-animate=\"fadeInLeft\" href=\"http:\/\/www.sorelektrik.com\/index.php\/urunlerimiz\/xkoren\/ups\/\" target=\"_self\" class=\"button primary expand\"  >\n    <span>UPS<\/span>\n  <\/a>\n\n\n<a data-animate=\"fadeInLeft\" href=\"http:\/\/www.sorelektrik.com\/index.php\/urunlerimiz\/xkoren\/olcu-aletleri\/\" target=\"_self\" class=\"button primary expand\"  >\n    <span>\u00d6l\u00e7\u00fc Aletleri<\/span>\n  <\/a>\n\n\n<a data-animate=\"fadeInLeft\" href=\"http:\/\/www.sorelektrik.com\/index.php\/urunlerimiz\/xkoren\/paket-salterler\/\" target=\"_self\" class=\"button primary expand\"  >\n    <span>Paket \u015ealterler<\/span>\n  <\/a>\n\n\t\t<\/div>\n\t\t\t\t\t<\/div>\n\n\t\n\n\t<div id=\"col-1976662694\" class=\"col medium-9 small-12 large-9\"  >\n\t\t\t\t<div class=\"col-inner\"  >\n\t\t\t\n\t\t\t\n\t<section class=\"section\" id=\"section_242943341\">\n\t\t<div class=\"bg section-bg fill bg-fill  bg-loaded\" >\n\n\t\t\t\n\t\t\t\n\t\t\t\n\n\t\t<\/div>\n\n\t\t<div class=\"section-content relative\">\n\t\t\t\n<div class=\"row\"  id=\"row-1857464233\">\n\n\t<div id=\"col-1842435678\" class=\"col small-12 large-12\"  >\n\t\t\t\t<div class=\"col-inner\"  >\n\t\t\t\n\t\t\t\n\n  \n    <div class=\"row large-columns-3 medium-columns- small-columns-2 row-small\">\n  \t\n\t     \n\t\t\t\t\t\n<div class=\"product-small col has-hover product type-product post-713 status-publish first instock product_cat-sont-reaktorler has-post-thumbnail shipping-taxable product-type-simple\">\n\t<div class=\"col-inner\">\n\t\n<div class=\"badge-container absolute left top z-1\">\n<\/div>\n\t<div class=\"product-small box \">\n\t\t<div class=\"box-image\">\n\t\t\t<div class=\"image-fade_in_back\">\n\t\t\t\t<a href=\"https:\/\/www.sorelektrik.com\/index.php\/urun\/sont-reaktor\/\" aria-label=\"\u015e\u00f6nt Reakt\u00f6r\">\n\t\t\t\t\t<img loading=\"lazy\" decoding=\"async\" width=\"300\" height=\"300\" src=\"https:\/\/www.sorelektrik.com\/wp-content\/uploads\/2023\/09\/Sont-Reaktor-Fiyatlari2-300x300.jpg\" class=\"attachment-woocommerce_thumbnail size-woocommerce_thumbnail\" alt=\"\u015e\u00f6nt Reakt\u00f6r\" srcset=\"https:\/\/www.sorelektrik.com\/wp-content\/uploads\/2023\/09\/Sont-Reaktor-Fiyatlari2-300x300.jpg 300w, https:\/\/www.sorelektrik.com\/wp-content\/uploads\/2023\/09\/Sont-Reaktor-Fiyatlari2-1024x1024.jpg 1024w, https:\/\/www.sorelektrik.com\/wp-content\/uploads\/2023\/09\/Sont-Reaktor-Fiyatlari2-150x150.jpg 150w, https:\/\/www.sorelektrik.com\/wp-content\/uploads\/2023\/09\/Sont-Reaktor-Fiyatlari2-768x768.jpg 768w, https:\/\/www.sorelektrik.com\/wp-content\/uploads\/2023\/09\/Sont-Reaktor-Fiyatlari2-1536x1536.jpg 1536w, https:\/\/www.sorelektrik.com\/wp-content\/uploads\/2023\/09\/Sont-Reaktor-Fiyatlari2-2048x2048.jpg 2048w, https:\/\/www.sorelektrik.com\/wp-content\/uploads\/2023\/09\/Sont-Reaktor-Fiyatlari2-600x600.jpg 600w, https:\/\/www.sorelektrik.com\/wp-content\/uploads\/2023\/09\/Sont-Reaktor-Fiyatlari2-100x100.jpg 100w\" sizes=\"auto, (max-width: 300px) 100vw, 300px\" \/><img loading=\"lazy\" decoding=\"async\" width=\"300\" height=\"300\" src=\"https:\/\/www.sorelektrik.com\/wp-content\/uploads\/2023\/09\/Tek-Fazli-ve-Uc-Fazli-Sont-Reaktorler-300x300.jpg\" class=\"show-on-hover absolute fill hide-for-small back-image\" alt=\"\" srcset=\"https:\/\/www.sorelektrik.com\/wp-content\/uploads\/2023\/09\/Tek-Fazli-ve-Uc-Fazli-Sont-Reaktorler-300x300.jpg 300w, https:\/\/www.sorelektrik.com\/wp-content\/uploads\/2023\/09\/Tek-Fazli-ve-Uc-Fazli-Sont-Reaktorler-150x150.jpg 150w, https:\/\/www.sorelektrik.com\/wp-content\/uploads\/2023\/09\/Tek-Fazli-ve-Uc-Fazli-Sont-Reaktorler-100x100.jpg 100w, https:\/\/www.sorelektrik.com\/wp-content\/uploads\/2023\/09\/Tek-Fazli-ve-Uc-Fazli-Sont-Reaktorler.jpg 500w\" sizes=\"auto, (max-width: 300px) 100vw, 300px\" \/>\t\t\t\t<\/a>\n\t\t\t<\/div>\n\t\t\t<div class=\"image-tools is-small top right show-on-hover\">\n\t\t\t\t\t\t\t<\/div>\n\t\t\t<div class=\"image-tools is-small hide-for-small bottom left show-on-hover\">\n\t\t\t\t\t\t\t<\/div>\n\t\t\t<div class=\"image-tools grid-tools text-center hide-for-small bottom hover-slide-in show-on-hover\">\n\t\t\t\t  <a class=\"quick-view\" data-prod=\"713\" href=\"#quick-view\">H\u0131zl\u0131 Bak\u0131\u015f<\/a>\t\t\t<\/div>\n\t\t\t\t\t<\/div>\n\n\t\t<div class=\"box-text box-text-products text-center grid-style-2\">\n\t\t\t<div class=\"title-wrapper\">\t\t<p class=\"category uppercase is-smaller no-text-overflow product-cat op-7\">\n\t\t\t\u015e\u00f6nt Reakt\u00f6rler\t\t<\/p>\n\t<p class=\"name product-title woocommerce-loop-product__title\"><a href=\"https:\/\/www.sorelektrik.com\/index.php\/urun\/sont-reaktor\/\" class=\"woocommerce-LoopProduct-link woocommerce-loop-product__link\">\u015e\u00f6nt Reakt\u00f6r<\/a><\/p><\/div><div class=\"price-wrapper\">\n<\/div>\t\t<\/div>\n\t<\/div>\n\t\t<\/div>\n<\/div>\n\t            \t        <\/div>\n\t\t<\/div>\n\t\t\t\t\t<\/div>\n\n\t\n<\/div>\n\t\t<\/div>\n\n\t\t\n<style>\n#section_242943341 {\n  padding-top: 30px;\n  padding-bottom: 30px;\n}\n<\/style>\n\t<\/section>\n\t\n\t\t<\/div>\n\t\t\t\t\t<\/div>\n\n\t\n<\/div>\n","protected":false},"excerpt":{"rendered":"","protected":false},"author":1,"featured_media":0,"parent":142,"menu_order":0,"comment_status":"closed","ping_status":"closed","template":"page-blank.php","meta":{"footnotes":""},"class_list":["post-839","page","type-page","status-publish","hentry"],"yoast_head":"<!-- This site is optimized with the Yoast SEO plugin v27.4 - https:\/\/yoast.com\/product\/yoast-seo-wordpress\/ -->\n<title>\u015e\u00f6nt Reakt\u00f6rler - Sor Elektrik<\/title>\n<meta name=\"robots\" content=\"index, follow, max-snippet:-1, max-image-preview:large, max-video-preview:-1\" \/>\n<link rel=\"canonical\" href=\"https:\/\/www.sorelektrik.com\/index.php\/urunlerimiz\/xkoren\/sont-reaktorler\/\" \/>\n<meta property=\"og:locale\" content=\"tr_TR\" \/>\n<meta property=\"og:type\" content=\"article\" \/>\n<meta property=\"og:title\" content=\"\u015e\u00f6nt Reakt\u00f6rler - Sor Elektrik\" \/>\n<meta property=\"og:url\" content=\"https:\/\/www.sorelektrik.com\/index.php\/urunlerimiz\/xkoren\/sont-reaktorler\/\" \/>\n<meta property=\"og:site_name\" content=\"Sor Elektrik\" \/>\n<meta property=\"article:modified_time\" content=\"2023-09-19T11:32:20+00:00\" \/>\n<meta property=\"og:image\" content=\"https:\/\/www.sorelektrik.com\/wp-content\/uploads\/2023\/09\/Ekran-goruntusu-2023-09-05-161841.png\" \/>\n\t<meta property=\"og:image:width\" content=\"1894\" \/>\n\t<meta property=\"og:image:height\" content=\"857\" \/>\n\t<meta property=\"og:image:type\" content=\"image\/png\" \/>\n<meta name=\"twitter:card\" content=\"summary_large_image\" \/>\n<script type=\"application\/ld+json\" class=\"yoast-schema-graph\">{\"@context\":\"https:\\\/\\\/schema.org\",\"@graph\":[{\"@type\":\"WebPage\",\"@id\":\"https:\\\/\\\/www.sorelektrik.com\\\/index.php\\\/urunlerimiz\\\/xkoren\\\/sont-reaktorler\\\/\",\"url\":\"https:\\\/\\\/www.sorelektrik.com\\\/index.php\\\/urunlerimiz\\\/xkoren\\\/sont-reaktorler\\\/\",\"name\":\"\u015e\u00f6nt Reakt\u00f6rler - Sor Elektrik\",\"isPartOf\":{\"@id\":\"https:\\\/\\\/www.sorelektrik.com\\\/#website\"},\"datePublished\":\"2023-09-13T12:13:21+00:00\",\"dateModified\":\"2023-09-19T11:32:20+00:00\",\"breadcrumb\":{\"@id\":\"https:\\\/\\\/www.sorelektrik.com\\\/index.php\\\/urunlerimiz\\\/xkoren\\\/sont-reaktorler\\\/#breadcrumb\"},\"inLanguage\":\"tr\",\"potentialAction\":[{\"@type\":\"ReadAction\",\"target\":[\"https:\\\/\\\/www.sorelektrik.com\\\/index.php\\\/urunlerimiz\\\/xkoren\\\/sont-reaktorler\\\/\"]}]},{\"@type\":\"BreadcrumbList\",\"@id\":\"https:\\\/\\\/www.sorelektrik.com\\\/index.php\\\/urunlerimiz\\\/xkoren\\\/sont-reaktorler\\\/#breadcrumb\",\"itemListElement\":[{\"@type\":\"ListItem\",\"position\":1,\"name\":\"Anasayfa\",\"item\":\"https:\\\/\\\/www.sorelektrik.com\\\/\"},{\"@type\":\"ListItem\",\"position\":2,\"name\":\"\u00dcr\u00fcnlerimiz\",\"item\":\"https:\\\/\\\/www.sorelektrik.com\\\/index.php\\\/urunlerimiz\\\/\"},{\"@type\":\"ListItem\",\"position\":3,\"name\":\"XKoren\",\"item\":\"https:\\\/\\\/www.sorelektrik.com\\\/index.php\\\/urunlerimiz\\\/xkoren\\\/\"},{\"@type\":\"ListItem\",\"position\":4,\"name\":\"\u015e\u00f6nt Reakt\u00f6rler\"}]},{\"@type\":\"WebSite\",\"@id\":\"https:\\\/\\\/www.sorelektrik.com\\\/#website\",\"url\":\"https:\\\/\\\/www.sorelektrik.com\\\/\",\"name\":\"Sor Elektrik\",\"description\":\"Kalite Hi\u00e7bir Zaman Tesad\u00fcf De\u011fildir\",\"publisher\":{\"@id\":\"https:\\\/\\\/www.sorelektrik.com\\\/#organization\"},\"alternateName\":\"http:\\\/\\\/www.sorelektrik.com\\\/\",\"potentialAction\":[{\"@type\":\"SearchAction\",\"target\":{\"@type\":\"EntryPoint\",\"urlTemplate\":\"https:\\\/\\\/www.sorelektrik.com\\\/?s={search_term_string}\"},\"query-input\":{\"@type\":\"PropertyValueSpecification\",\"valueRequired\":true,\"valueName\":\"search_term_string\"}}],\"inLanguage\":\"tr\"},{\"@type\":\"Organization\",\"@id\":\"https:\\\/\\\/www.sorelektrik.com\\\/#organization\",\"name\":\"Sor Elektrik\",\"alternateName\":\"http:\\\/\\\/www.sorelektrik.com\\\/\",\"url\":\"https:\\\/\\\/www.sorelektrik.com\\\/\",\"logo\":{\"@type\":\"ImageObject\",\"inLanguage\":\"tr\",\"@id\":\"https:\\\/\\\/www.sorelektrik.com\\\/#\\\/schema\\\/logo\\\/image\\\/\",\"url\":\"http:\\\/\\\/www.sorelektrik.com\\\/wp-content\\\/uploads\\\/2023\\\/09\\\/sorlogoicon_Calisma-Yuzeyi-1.png\",\"contentUrl\":\"http:\\\/\\\/www.sorelektrik.com\\\/wp-content\\\/uploads\\\/2023\\\/09\\\/sorlogoicon_Calisma-Yuzeyi-1.png\",\"width\":2134,\"height\":2134,\"caption\":\"Sor Elektrik\"},\"image\":{\"@id\":\"https:\\\/\\\/www.sorelektrik.com\\\/#\\\/schema\\\/logo\\\/image\\\/\"}}]}<\/script>\n<!-- \/ Yoast SEO plugin. -->","yoast_head_json":{"title":"\u015e\u00f6nt Reakt\u00f6rler - Sor Elektrik","robots":{"index":"index","follow":"follow","max-snippet":"max-snippet:-1","max-image-preview":"max-image-preview:large","max-video-preview":"max-video-preview:-1"},"canonical":"https:\/\/www.sorelektrik.com\/index.php\/urunlerimiz\/xkoren\/sont-reaktorler\/","og_locale":"tr_TR","og_type":"article","og_title":"\u015e\u00f6nt Reakt\u00f6rler - Sor Elektrik","og_url":"https:\/\/www.sorelektrik.com\/index.php\/urunlerimiz\/xkoren\/sont-reaktorler\/","og_site_name":"Sor Elektrik","article_modified_time":"2023-09-19T11:32:20+00:00","og_image":[{"width":1894,"height":857,"url":"https:\/\/www.sorelektrik.com\/wp-content\/uploads\/2023\/09\/Ekran-goruntusu-2023-09-05-161841.png","type":"image\/png"}],"twitter_card":"summary_large_image","schema":{"@context":"https:\/\/schema.org","@graph":[{"@type":"WebPage","@id":"https:\/\/www.sorelektrik.com\/index.php\/urunlerimiz\/xkoren\/sont-reaktorler\/","url":"https:\/\/www.sorelektrik.com\/index.php\/urunlerimiz\/xkoren\/sont-reaktorler\/","name":"\u015e\u00f6nt Reakt\u00f6rler - Sor Elektrik","isPartOf":{"@id":"https:\/\/www.sorelektrik.com\/#website"},"datePublished":"2023-09-13T12:13:21+00:00","dateModified":"2023-09-19T11:32:20+00:00","breadcrumb":{"@id":"https:\/\/www.sorelektrik.com\/index.php\/urunlerimiz\/xkoren\/sont-reaktorler\/#breadcrumb"},"inLanguage":"tr","potentialAction":[{"@type":"ReadAction","target":["https:\/\/www.sorelektrik.com\/index.php\/urunlerimiz\/xkoren\/sont-reaktorler\/"]}]},{"@type":"BreadcrumbList","@id":"https:\/\/www.sorelektrik.com\/index.php\/urunlerimiz\/xkoren\/sont-reaktorler\/#breadcrumb","itemListElement":[{"@type":"ListItem","position":1,"name":"Anasayfa","item":"https:\/\/www.sorelektrik.com\/"},{"@type":"ListItem","position":2,"name":"\u00dcr\u00fcnlerimiz","item":"https:\/\/www.sorelektrik.com\/index.php\/urunlerimiz\/"},{"@type":"ListItem","position":3,"name":"XKoren","item":"https:\/\/www.sorelektrik.com\/index.php\/urunlerimiz\/xkoren\/"},{"@type":"ListItem","position":4,"name":"\u015e\u00f6nt Reakt\u00f6rler"}]},{"@type":"WebSite","@id":"https:\/\/www.sorelektrik.com\/#website","url":"https:\/\/www.sorelektrik.com\/","name":"Sor Elektrik","description":"Kalite Hi\u00e7bir Zaman Tesad\u00fcf De\u011fildir","publisher":{"@id":"https:\/\/www.sorelektrik.com\/#organization"},"alternateName":"http:\/\/www.sorelektrik.com\/","potentialAction":[{"@type":"SearchAction","target":{"@type":"EntryPoint","urlTemplate":"https:\/\/www.sorelektrik.com\/?s={search_term_string}"},"query-input":{"@type":"PropertyValueSpecification","valueRequired":true,"valueName":"search_term_string"}}],"inLanguage":"tr"},{"@type":"Organization","@id":"https:\/\/www.sorelektrik.com\/#organization","name":"Sor Elektrik","alternateName":"http:\/\/www.sorelektrik.com\/","url":"https:\/\/www.sorelektrik.com\/","logo":{"@type":"ImageObject","inLanguage":"tr","@id":"https:\/\/www.sorelektrik.com\/#\/schema\/logo\/image\/","url":"http:\/\/www.sorelektrik.com\/wp-content\/uploads\/2023\/09\/sorlogoicon_Calisma-Yuzeyi-1.png","contentUrl":"http:\/\/www.sorelektrik.com\/wp-content\/uploads\/2023\/09\/sorlogoicon_Calisma-Yuzeyi-1.png","width":2134,"height":2134,"caption":"Sor Elektrik"},"image":{"@id":"https:\/\/www.sorelektrik.com\/#\/schema\/logo\/image\/"}}]}},"_links":{"self":[{"href":"https:\/\/www.sorelektrik.com\/index.php\/wp-json\/wp\/v2\/pages\/839","targetHints":{"allow":["GET"]}}],"collection":[{"href":"https:\/\/www.sorelektrik.com\/index.php\/wp-json\/wp\/v2\/pages"}],"about":[{"href":"https:\/\/www.sorelektrik.com\/index.php\/wp-json\/wp\/v2\/types\/page"}],"author":[{"embeddable":true,"href":"https:\/\/www.sorelektrik.com\/index.php\/wp-json\/wp\/v2\/users\/1"}],"replies":[{"embeddable":true,"href":"https:\/\/www.sorelektrik.com\/index.php\/wp-json\/wp\/v2\/comments?post=839"}],"version-history":[{"count":4,"href":"https:\/\/www.sorelektrik.com\/index.php\/wp-json\/wp\/v2\/pages\/839\/revisions"}],"predecessor-version":[{"id":1150,"href":"https:\/\/www.sorelektrik.com\/index.php\/wp-json\/wp\/v2\/pages\/839\/revisions\/1150"}],"up":[{"embeddable":true,"href":"https:\/\/www.sorelektrik.com\/index.php\/wp-json\/wp\/v2\/pages\/142"}],"wp:attachment":[{"href":"https:\/\/www.sorelektrik.com\/index.php\/wp-json\/wp\/v2\/media?parent=839"}],"curies":[{"name":"wp","href":"https:\/\/api.w.org\/{rel}","templated":true}]}}