{"id":285,"date":"2023-09-04T15:36:29","date_gmt":"2023-09-04T12:36:29","guid":{"rendered":"http:\/\/www.sorelektrik.com\/?post_type=product&#038;p=285"},"modified":"2023-09-13T10:04:46","modified_gmt":"2023-09-13T07:04:46","slug":"xkn6-c20-2","status":"publish","type":"product","link":"https:\/\/www.sorelektrik.com\/index.php\/urun\/xkn6-c20-2\/","title":{"rendered":"XKN6 2P"},"content":{"rendered":"","protected":false},"excerpt":{"rendered":"<p>XKoren Electric Otomatik sigortalar\u0131, Nihai y\u00fckleri korumak i\u00e7in tasarlanm\u0131\u015ft\u0131r. End\u00fcstriyel alanlarda, konut sekt\u00f6rlerindeki, Sosyal tesislerde, i\u015f merkezlerinde, elektrik tesisat\u0131nda ve elektrik enerjisi ile \u00e7al\u0131\u015fan cihazlarda olu\u015fabilecek a\u015f\u0131r\u0131 y\u00fck ve k\u0131sa devre ak\u0131mlar\u0131na kar\u015f\u0131 koruma sa\u011flar.<\/p>\n<p>\u00c7al\u0131\u015fma Fonksiyonlar\u0131<\/p>\n<p>\u25a0 A\u015f\u0131r\u0131 y\u00fck ak\u0131mlar\u0131na kar\u015f\u0131 koruma<br \/>\n\u25a0 K\u0131sa devre ak\u0131mlar\u0131na kar\u015f\u0131 koruma<br \/>\nDevreden ge\u00e7en ak\u0131m Otomatik sigorta etiketlerinde beyan eden edilen Ak\u0131m de\u011ferlerinin \u00fcst\u00fcne \u00e7\u0131k\u0131nca veya bir k\u0131sa devre durumunda otomatik sigorta elektrik ba\u011flant\u0131s\u0131n\u0131 keserek \u00e7al\u0131\u015ft\u0131r\u0131lan cihaz\u0131 ve tesisat\u0131 korur.<\/p>\n<p><strong>TEKN\u0130K \u00d6ZELL\u0130KLER<\/strong><\/p>\n<p>\u25a0 1-2-3-4 kutuplu<br \/>\n\u25a0 3-6-10 kA k\u0131sa devre kesme kapasiteleri<br \/>\n\u25a0 1-125 A anma ak\u0131m\u0131<br \/>\n\u25a0 Y\u00fck\u00fcn karakteristi\u011fine g\u00f6re B,C a\u00e7ma s\u0131n\u0131f\u0131<br \/>\n\u25a0 Y\u00fcksek elektriksel ve mekanik \u00f6m\u00fcr<br \/>\n\u25a0 Alev almazl\u0131k \u00f6zellikli y\u00fcksek \u0131s\u0131ya dayan\u0131kl\u0131 g\u00f6vde<br \/>\n\u25a0 On-off g\u00f6stergesi<\/p>\n","protected":false},"featured_media":618,"comment_status":"closed","ping_status":"closed","template":"","meta":[],"product_brand":[],"product_cat":[25,17],"product_tag":[],"class_list":{"0":"post-285","1":"product","2":"type-product","3":"status-publish","4":"has-post-thumbnail","6":"product_cat-otomatik-sigorta","7":"product_cat-xkoren","9":"first","10":"instock","11":"shipping-taxable","12":"product-type-simple"},"yoast_head":"<!-- This site is optimized with the Yoast SEO plugin v27.4 - https:\/\/yoast.com\/product\/yoast-seo-wordpress\/ -->\n<title>XKN6 2P - Sor Elektrik<\/title>\n<meta name=\"robots\" content=\"index, follow, max-snippet:-1, max-image-preview:large, max-video-preview:-1\" \/>\n<link rel=\"canonical\" href=\"https:\/\/www.sorelektrik.com\/index.php\/urun\/xkn6-c20-2\/\" \/>\n<meta property=\"og:locale\" content=\"tr_TR\" \/>\n<meta property=\"og:type\" content=\"article\" \/>\n<meta property=\"og:title\" content=\"XKN6 2P - Sor Elektrik\" \/>\n<meta property=\"og:description\" content=\"XKoren Electric Otomatik sigortalar\u0131, Nihai y\u00fckleri korumak i\u00e7in tasarlanm\u0131\u015ft\u0131r. End\u00fcstriyel alanlarda, konut sekt\u00f6rlerindeki, Sosyal tesislerde, i\u015f merkezlerinde, elektrik tesisat\u0131nda ve elektrik enerjisi ile \u00e7al\u0131\u015fan cihazlarda olu\u015fabilecek a\u015f\u0131r\u0131 y\u00fck ve k\u0131sa devre ak\u0131mlar\u0131na kar\u015f\u0131 koruma sa\u011flar.  \u00c7al\u0131\u015fma Fonksiyonlar\u0131  \u25a0 A\u015f\u0131r\u0131 y\u00fck ak\u0131mlar\u0131na kar\u015f\u0131 koruma \u25a0 K\u0131sa devre ak\u0131mlar\u0131na kar\u015f\u0131 koruma Devreden ge\u00e7en ak\u0131m Otomatik sigorta etiketlerinde beyan eden edilen Ak\u0131m de\u011ferlerinin \u00fcst\u00fcne \u00e7\u0131k\u0131nca veya bir k\u0131sa devre durumunda otomatik sigorta elektrik ba\u011flant\u0131s\u0131n\u0131 keserek \u00e7al\u0131\u015ft\u0131r\u0131lan cihaz\u0131 ve tesisat\u0131 korur.  TEKN\u0130K \u00d6ZELL\u0130KLER  \u25a0 1-2-3-4 kutuplu \u25a0 3-6-10 kA k\u0131sa devre kesme kapasiteleri \u25a0 1-125 A anma ak\u0131m\u0131 \u25a0 Y\u00fck\u00fcn karakteristi\u011fine g\u00f6re B,C a\u00e7ma s\u0131n\u0131f\u0131 \u25a0 Y\u00fcksek elektriksel ve mekanik \u00f6m\u00fcr \u25a0 Alev almazl\u0131k \u00f6zellikli y\u00fcksek \u0131s\u0131ya dayan\u0131kl\u0131 g\u00f6vde \u25a0 On-off g\u00f6stergesi\" \/>\n<meta property=\"og:url\" content=\"https:\/\/www.sorelektrik.com\/index.php\/urun\/xkn6-c20-2\/\" \/>\n<meta property=\"og:site_name\" content=\"Sor Elektrik\" \/>\n<meta property=\"article:modified_time\" content=\"2023-09-13T07:04:46+00:00\" \/>\n<meta property=\"og:image\" content=\"https:\/\/www.sorelektrik.com\/wp-content\/uploads\/2023\/09\/XKN6-2P.png\" \/>\n\t<meta property=\"og:image:width\" content=\"900\" \/>\n\t<meta property=\"og:image:height\" content=\"900\" \/>\n\t<meta property=\"og:image:type\" content=\"image\/png\" \/>\n<meta name=\"twitter:card\" content=\"summary_large_image\" \/>\n<script type=\"application\/ld+json\" class=\"yoast-schema-graph\">{\"@context\":\"https:\\\/\\\/schema.org\",\"@graph\":[{\"@type\":\"WebPage\",\"@id\":\"https:\\\/\\\/www.sorelektrik.com\\\/index.php\\\/urun\\\/xkn6-c20-2\\\/\",\"url\":\"https:\\\/\\\/www.sorelektrik.com\\\/index.php\\\/urun\\\/xkn6-c20-2\\\/\",\"name\":\"XKN6 2P - Sor Elektrik\",\"isPartOf\":{\"@id\":\"https:\\\/\\\/www.sorelektrik.com\\\/#website\"},\"primaryImageOfPage\":{\"@id\":\"https:\\\/\\\/www.sorelektrik.com\\\/index.php\\\/urun\\\/xkn6-c20-2\\\/#primaryimage\"},\"image\":{\"@id\":\"https:\\\/\\\/www.sorelektrik.com\\\/index.php\\\/urun\\\/xkn6-c20-2\\\/#primaryimage\"},\"thumbnailUrl\":\"https:\\\/\\\/www.sorelektrik.com\\\/wp-content\\\/uploads\\\/2023\\\/09\\\/XKN6-2P.png\",\"datePublished\":\"2023-09-04T12:36:29+00:00\",\"dateModified\":\"2023-09-13T07:04:46+00:00\",\"breadcrumb\":{\"@id\":\"https:\\\/\\\/www.sorelektrik.com\\\/index.php\\\/urun\\\/xkn6-c20-2\\\/#breadcrumb\"},\"inLanguage\":\"tr\",\"potentialAction\":[{\"@type\":\"ReadAction\",\"target\":[\"https:\\\/\\\/www.sorelektrik.com\\\/index.php\\\/urun\\\/xkn6-c20-2\\\/\"]}]},{\"@type\":\"ImageObject\",\"inLanguage\":\"tr\",\"@id\":\"https:\\\/\\\/www.sorelektrik.com\\\/index.php\\\/urun\\\/xkn6-c20-2\\\/#primaryimage\",\"url\":\"https:\\\/\\\/www.sorelektrik.com\\\/wp-content\\\/uploads\\\/2023\\\/09\\\/XKN6-2P.png\",\"contentUrl\":\"https:\\\/\\\/www.sorelektrik.com\\\/wp-content\\\/uploads\\\/2023\\\/09\\\/XKN6-2P.png\",\"width\":900,\"height\":900},{\"@type\":\"BreadcrumbList\",\"@id\":\"https:\\\/\\\/www.sorelektrik.com\\\/index.php\\\/urun\\\/xkn6-c20-2\\\/#breadcrumb\",\"itemListElement\":[{\"@type\":\"ListItem\",\"position\":1,\"name\":\"Anasayfa\",\"item\":\"https:\\\/\\\/www.sorelektrik.com\\\/\"},{\"@type\":\"ListItem\",\"position\":2,\"name\":\"\u00dcr\u00fcnlerimiz\",\"item\":\"https:\\\/\\\/www.sorelektrik.com\\\/index.php\\\/urunlerimiz\\\/\"},{\"@type\":\"ListItem\",\"position\":3,\"name\":\"XKN6 2P\"}]},{\"@type\":\"WebSite\",\"@id\":\"https:\\\/\\\/www.sorelektrik.com\\\/#website\",\"url\":\"https:\\\/\\\/www.sorelektrik.com\\\/\",\"name\":\"Sor Elektrik\",\"description\":\"Kalite Hi\u00e7bir Zaman Tesad\u00fcf De\u011fildir\",\"publisher\":{\"@id\":\"https:\\\/\\\/www.sorelektrik.com\\\/#organization\"},\"alternateName\":\"http:\\\/\\\/www.sorelektrik.com\\\/\",\"potentialAction\":[{\"@type\":\"SearchAction\",\"target\":{\"@type\":\"EntryPoint\",\"urlTemplate\":\"https:\\\/\\\/www.sorelektrik.com\\\/?s={search_term_string}\"},\"query-input\":{\"@type\":\"PropertyValueSpecification\",\"valueRequired\":true,\"valueName\":\"search_term_string\"}}],\"inLanguage\":\"tr\"},{\"@type\":\"Organization\",\"@id\":\"https:\\\/\\\/www.sorelektrik.com\\\/#organization\",\"name\":\"Sor Elektrik\",\"alternateName\":\"http:\\\/\\\/www.sorelektrik.com\\\/\",\"url\":\"https:\\\/\\\/www.sorelektrik.com\\\/\",\"logo\":{\"@type\":\"ImageObject\",\"inLanguage\":\"tr\",\"@id\":\"https:\\\/\\\/www.sorelektrik.com\\\/#\\\/schema\\\/logo\\\/image\\\/\",\"url\":\"http:\\\/\\\/www.sorelektrik.com\\\/wp-content\\\/uploads\\\/2023\\\/09\\\/sorlogoicon_Calisma-Yuzeyi-1.png\",\"contentUrl\":\"http:\\\/\\\/www.sorelektrik.com\\\/wp-content\\\/uploads\\\/2023\\\/09\\\/sorlogoicon_Calisma-Yuzeyi-1.png\",\"width\":2134,\"height\":2134,\"caption\":\"Sor Elektrik\"},\"image\":{\"@id\":\"https:\\\/\\\/www.sorelektrik.com\\\/#\\\/schema\\\/logo\\\/image\\\/\"}}]}<\/script>\n<!-- \/ Yoast SEO plugin. -->","yoast_head_json":{"title":"XKN6 2P - Sor Elektrik","robots":{"index":"index","follow":"follow","max-snippet":"max-snippet:-1","max-image-preview":"max-image-preview:large","max-video-preview":"max-video-preview:-1"},"canonical":"https:\/\/www.sorelektrik.com\/index.php\/urun\/xkn6-c20-2\/","og_locale":"tr_TR","og_type":"article","og_title":"XKN6 2P - Sor Elektrik","og_description":"XKoren Electric Otomatik sigortalar\u0131, Nihai y\u00fckleri korumak i\u00e7in tasarlanm\u0131\u015ft\u0131r. End\u00fcstriyel alanlarda, konut sekt\u00f6rlerindeki, Sosyal tesislerde, i\u015f merkezlerinde, elektrik tesisat\u0131nda ve elektrik enerjisi ile \u00e7al\u0131\u015fan cihazlarda olu\u015fabilecek a\u015f\u0131r\u0131 y\u00fck ve k\u0131sa devre ak\u0131mlar\u0131na kar\u015f\u0131 koruma sa\u011flar.  \u00c7al\u0131\u015fma Fonksiyonlar\u0131  \u25a0 A\u015f\u0131r\u0131 y\u00fck ak\u0131mlar\u0131na kar\u015f\u0131 koruma \u25a0 K\u0131sa devre ak\u0131mlar\u0131na kar\u015f\u0131 koruma Devreden ge\u00e7en ak\u0131m Otomatik sigorta etiketlerinde beyan eden edilen Ak\u0131m de\u011ferlerinin \u00fcst\u00fcne \u00e7\u0131k\u0131nca veya bir k\u0131sa devre durumunda otomatik sigorta elektrik ba\u011flant\u0131s\u0131n\u0131 keserek \u00e7al\u0131\u015ft\u0131r\u0131lan cihaz\u0131 ve tesisat\u0131 korur.  TEKN\u0130K \u00d6ZELL\u0130KLER  \u25a0 1-2-3-4 kutuplu \u25a0 3-6-10 kA k\u0131sa devre kesme kapasiteleri \u25a0 1-125 A anma ak\u0131m\u0131 \u25a0 Y\u00fck\u00fcn karakteristi\u011fine g\u00f6re B,C a\u00e7ma s\u0131n\u0131f\u0131 \u25a0 Y\u00fcksek elektriksel ve mekanik \u00f6m\u00fcr \u25a0 Alev almazl\u0131k \u00f6zellikli y\u00fcksek \u0131s\u0131ya dayan\u0131kl\u0131 g\u00f6vde \u25a0 On-off g\u00f6stergesi","og_url":"https:\/\/www.sorelektrik.com\/index.php\/urun\/xkn6-c20-2\/","og_site_name":"Sor Elektrik","article_modified_time":"2023-09-13T07:04:46+00:00","og_image":[{"width":900,"height":900,"url":"https:\/\/www.sorelektrik.com\/wp-content\/uploads\/2023\/09\/XKN6-2P.png","type":"image\/png"}],"twitter_card":"summary_large_image","schema":{"@context":"https:\/\/schema.org","@graph":[{"@type":"WebPage","@id":"https:\/\/www.sorelektrik.com\/index.php\/urun\/xkn6-c20-2\/","url":"https:\/\/www.sorelektrik.com\/index.php\/urun\/xkn6-c20-2\/","name":"XKN6 2P - Sor Elektrik","isPartOf":{"@id":"https:\/\/www.sorelektrik.com\/#website"},"primaryImageOfPage":{"@id":"https:\/\/www.sorelektrik.com\/index.php\/urun\/xkn6-c20-2\/#primaryimage"},"image":{"@id":"https:\/\/www.sorelektrik.com\/index.php\/urun\/xkn6-c20-2\/#primaryimage"},"thumbnailUrl":"https:\/\/www.sorelektrik.com\/wp-content\/uploads\/2023\/09\/XKN6-2P.png","datePublished":"2023-09-04T12:36:29+00:00","dateModified":"2023-09-13T07:04:46+00:00","breadcrumb":{"@id":"https:\/\/www.sorelektrik.com\/index.php\/urun\/xkn6-c20-2\/#breadcrumb"},"inLanguage":"tr","potentialAction":[{"@type":"ReadAction","target":["https:\/\/www.sorelektrik.com\/index.php\/urun\/xkn6-c20-2\/"]}]},{"@type":"ImageObject","inLanguage":"tr","@id":"https:\/\/www.sorelektrik.com\/index.php\/urun\/xkn6-c20-2\/#primaryimage","url":"https:\/\/www.sorelektrik.com\/wp-content\/uploads\/2023\/09\/XKN6-2P.png","contentUrl":"https:\/\/www.sorelektrik.com\/wp-content\/uploads\/2023\/09\/XKN6-2P.png","width":900,"height":900},{"@type":"BreadcrumbList","@id":"https:\/\/www.sorelektrik.com\/index.php\/urun\/xkn6-c20-2\/#breadcrumb","itemListElement":[{"@type":"ListItem","position":1,"name":"Anasayfa","item":"https:\/\/www.sorelektrik.com\/"},{"@type":"ListItem","position":2,"name":"\u00dcr\u00fcnlerimiz","item":"https:\/\/www.sorelektrik.com\/index.php\/urunlerimiz\/"},{"@type":"ListItem","position":3,"name":"XKN6 2P"}]},{"@type":"WebSite","@id":"https:\/\/www.sorelektrik.com\/#website","url":"https:\/\/www.sorelektrik.com\/","name":"Sor Elektrik","description":"Kalite Hi\u00e7bir Zaman Tesad\u00fcf De\u011fildir","publisher":{"@id":"https:\/\/www.sorelektrik.com\/#organization"},"alternateName":"http:\/\/www.sorelektrik.com\/","potentialAction":[{"@type":"SearchAction","target":{"@type":"EntryPoint","urlTemplate":"https:\/\/www.sorelektrik.com\/?s={search_term_string}"},"query-input":{"@type":"PropertyValueSpecification","valueRequired":true,"valueName":"search_term_string"}}],"inLanguage":"tr"},{"@type":"Organization","@id":"https:\/\/www.sorelektrik.com\/#organization","name":"Sor Elektrik","alternateName":"http:\/\/www.sorelektrik.com\/","url":"https:\/\/www.sorelektrik.com\/","logo":{"@type":"ImageObject","inLanguage":"tr","@id":"https:\/\/www.sorelektrik.com\/#\/schema\/logo\/image\/","url":"http:\/\/www.sorelektrik.com\/wp-content\/uploads\/2023\/09\/sorlogoicon_Calisma-Yuzeyi-1.png","contentUrl":"http:\/\/www.sorelektrik.com\/wp-content\/uploads\/2023\/09\/sorlogoicon_Calisma-Yuzeyi-1.png","width":2134,"height":2134,"caption":"Sor Elektrik"},"image":{"@id":"https:\/\/www.sorelektrik.com\/#\/schema\/logo\/image\/"}}]}},"_links":{"self":[{"href":"https:\/\/www.sorelektrik.com\/index.php\/wp-json\/wp\/v2\/product\/285","targetHints":{"allow":["GET"]}}],"collection":[{"href":"https:\/\/www.sorelektrik.com\/index.php\/wp-json\/wp\/v2\/product"}],"about":[{"href":"https:\/\/www.sorelektrik.com\/index.php\/wp-json\/wp\/v2\/types\/product"}],"replies":[{"embeddable":true,"href":"https:\/\/www.sorelektrik.com\/index.php\/wp-json\/wp\/v2\/comments?post=285"}],"wp:featuredmedia":[{"embeddable":true,"href":"https:\/\/www.sorelektrik.com\/index.php\/wp-json\/wp\/v2\/media\/618"}],"wp:attachment":[{"href":"https:\/\/www.sorelektrik.com\/index.php\/wp-json\/wp\/v2\/media?parent=285"}],"wp:term":[{"taxonomy":"product_brand","embeddable":true,"href":"https:\/\/www.sorelektrik.com\/index.php\/wp-json\/wp\/v2\/product_brand?post=285"},{"taxonomy":"product_cat","embeddable":true,"href":"https:\/\/www.sorelektrik.com\/index.php\/wp-json\/wp\/v2\/product_cat?post=285"},{"taxonomy":"product_tag","embeddable":true,"href":"https:\/\/www.sorelektrik.com\/index.php\/wp-json\/wp\/v2\/product_tag?post=285"}],"curies":[{"name":"wp","href":"https:\/\/api.w.org\/{rel}","templated":true}]}}