{"id":579,"date":"2023-09-12T13:50:57","date_gmt":"2023-09-12T10:50:57","guid":{"rendered":"http:\/\/www.sorelektrik.com\/?post_type=product&#038;p=579"},"modified":"2023-09-12T13:50:58","modified_gmt":"2023-09-12T10:50:58","slug":"dam1-1600-electronic-mccb-moulded-case-circuit-breaker","status":"publish","type":"product","link":"https:\/\/www.sorelektrik.com\/index.php\/urun\/dam1-1600-electronic-mccb-moulded-case-circuit-breaker\/","title":{"rendered":"DAM1-1600 Electronic MCCB Moulded Case Circuit Breaker"},"content":{"rendered":"","protected":false},"excerpt":{"rendered":"<p>Y\u00fcksek performans, Y\u00fcksek kesme kapasitesi, Y\u00fcksek koordinasyon sa\u011flar. Y\u00fcksek \u00f6mr\u00fc sayesinde Y\u00fcksek kapsaml\u0131 uygulamalar i\u00e7in kullan\u0131lmaktad\u0131r.<\/p>\n<p>\u25a0 Y\u00fcksek performansl\u0131<br \/>\n\u25a0 En y\u00fcksek kesme kapasitesi ile g\u00fcvenilirlik<br \/>\n\u25a0 Y\u00fcksek seviyede elektriksel ve mekaniksel \u00f6m\u00fcr<br \/>\n\u25a0 Y\u00fcksek seviyede uygulamalara cevap verme yetene\u011fi<br \/>\n\u25a0 Optimum i\u015flevsel \u00f6zellikler ile kademelendirme ve se\u00e7icilik imkan\u0131<br \/>\n\u25a0 Motor devrelerini y\u00fcksek performans ve g\u00fcvenilirlikte kontrol ve koruma i\u00e7in<br \/>\n\u25a0 Alan darl\u0131\u011f\u0131 olan uygulamalarda minimalize edilmi\u015f ideal \u00e7\u00f6z\u00fcm<\/p>\n<p><strong>TEKN\u0130K \u00d6ZELL\u0130KLER<\/strong><\/p>\n<p>\u25a0 Toplam 6 kasada \u00fcr\u00fcn yelpazesi (16A\u2019den 1600\u2019e kadar 6 kasa tipi: 160\/250\/400\/630\/800\/1600A )<br \/>\n\u25a0 Y\u00fcksek kesme kapasitesi Icu @ 415VAC: 35, 50,70, 80kA<br \/>\n\u25a0 Farkl\u0131 uygulamalar i\u00e7in \u015fartnamelere uygunluk Ics=%Ics se\u00e7enekleri (Ics=50%Icu, Ics=75%Icu, Ics=100%Icu)<br \/>\n\u25a0 Y\u00fcksek darbe dayan\u0131m gerilim seviyesi (Uimp = 8kV, Ui =750V, Ue = 690V)<br \/>\n\u25a0 XELC serisi Elektronik a\u00e7t\u0131rma \u00fcniteli LSI<br \/>\n\u25a0 Farkl\u0131 kasalara uyumlu olarak kullan\u0131labilen aksesuarlar (AX, AL, SHT, UVT)<\/p>\n","protected":false},"featured_media":580,"comment_status":"closed","ping_status":"closed","template":"","meta":[],"product_brand":[],"product_cat":[35],"product_tag":[38],"class_list":{"0":"post-579","1":"product","2":"type-product","3":"status-publish","4":"has-post-thumbnail","6":"product_cat-elektronik-kompakt-tip-devre-kesiciler","7":"product_tag-high-solution-mccb","9":"first","10":"instock","11":"shipping-taxable","12":"product-type-simple"},"yoast_head":"<!-- This site is optimized with the Yoast SEO plugin v27.4 - https:\/\/yoast.com\/product\/yoast-seo-wordpress\/ -->\n<title>DAM1-1600 Electronic MCCB Moulded Case Circuit Breaker - Sor Elektrik<\/title>\n<meta name=\"robots\" content=\"index, follow, max-snippet:-1, max-image-preview:large, max-video-preview:-1\" \/>\n<link rel=\"canonical\" href=\"https:\/\/www.sorelektrik.com\/index.php\/urun\/dam1-1600-electronic-mccb-moulded-case-circuit-breaker\/\" \/>\n<meta property=\"og:locale\" content=\"tr_TR\" \/>\n<meta property=\"og:type\" content=\"article\" \/>\n<meta property=\"og:title\" content=\"DAM1-1600 Electronic MCCB Moulded Case Circuit Breaker - Sor Elektrik\" \/>\n<meta property=\"og:description\" content=\"Y\u00fcksek performans, Y\u00fcksek kesme kapasitesi, Y\u00fcksek koordinasyon sa\u011flar. Y\u00fcksek \u00f6mr\u00fc sayesinde Y\u00fcksek kapsaml\u0131 uygulamalar i\u00e7in kullan\u0131lmaktad\u0131r.  \u25a0 Y\u00fcksek performansl\u0131 \u25a0 En y\u00fcksek kesme kapasitesi ile g\u00fcvenilirlik \u25a0 Y\u00fcksek seviyede elektriksel ve mekaniksel \u00f6m\u00fcr \u25a0 Y\u00fcksek seviyede uygulamalara cevap verme yetene\u011fi \u25a0 Optimum i\u015flevsel \u00f6zellikler ile kademelendirme ve se\u00e7icilik imkan\u0131 \u25a0 Motor devrelerini y\u00fcksek performans ve g\u00fcvenilirlikte kontrol ve koruma i\u00e7in \u25a0 Alan darl\u0131\u011f\u0131 olan uygulamalarda minimalize edilmi\u015f ideal \u00e7\u00f6z\u00fcm  TEKN\u0130K \u00d6ZELL\u0130KLER  \u25a0 Toplam 6 kasada \u00fcr\u00fcn yelpazesi (16A\u2019den 1600\u2019e kadar 6 kasa tipi: 160\/250\/400\/630\/800\/1600A ) \u25a0 Y\u00fcksek kesme kapasitesi Icu @ 415VAC: 35, 50,70, 80kA \u25a0 Farkl\u0131 uygulamalar i\u00e7in \u015fartnamelere uygunluk Ics=%Ics se\u00e7enekleri (Ics=50%Icu, Ics=75%Icu, Ics=100%Icu) \u25a0 Y\u00fcksek darbe dayan\u0131m gerilim seviyesi (Uimp = 8kV, Ui =750V, Ue = 690V) \u25a0 XELC serisi Elektronik a\u00e7t\u0131rma \u00fcniteli LSI \u25a0 Farkl\u0131 kasalara uyumlu olarak kullan\u0131labilen aksesuarlar (AX, AL, SHT, UVT)\" \/>\n<meta property=\"og:url\" content=\"https:\/\/www.sorelektrik.com\/index.php\/urun\/dam1-1600-electronic-mccb-moulded-case-circuit-breaker\/\" \/>\n<meta property=\"og:site_name\" content=\"Sor Elektrik\" \/>\n<meta property=\"article:modified_time\" content=\"2023-09-12T10:50:58+00:00\" \/>\n<meta property=\"og:image\" content=\"https:\/\/www.sorelektrik.com\/wp-content\/uploads\/2023\/09\/DAM1-1600-electronic-MCCB-moulded-case-circuit-breaker.png\" \/>\n\t<meta property=\"og:image:width\" content=\"1774\" \/>\n\t<meta property=\"og:image:height\" content=\"1774\" \/>\n\t<meta property=\"og:image:type\" content=\"image\/png\" \/>\n<meta name=\"twitter:card\" content=\"summary_large_image\" \/>\n<script type=\"application\/ld+json\" class=\"yoast-schema-graph\">{\"@context\":\"https:\\\/\\\/schema.org\",\"@graph\":[{\"@type\":\"WebPage\",\"@id\":\"https:\\\/\\\/www.sorelektrik.com\\\/index.php\\\/urun\\\/dam1-1600-electronic-mccb-moulded-case-circuit-breaker\\\/\",\"url\":\"https:\\\/\\\/www.sorelektrik.com\\\/index.php\\\/urun\\\/dam1-1600-electronic-mccb-moulded-case-circuit-breaker\\\/\",\"name\":\"DAM1-1600 Electronic MCCB Moulded Case Circuit Breaker - Sor Elektrik\",\"isPartOf\":{\"@id\":\"https:\\\/\\\/www.sorelektrik.com\\\/#website\"},\"primaryImageOfPage\":{\"@id\":\"https:\\\/\\\/www.sorelektrik.com\\\/index.php\\\/urun\\\/dam1-1600-electronic-mccb-moulded-case-circuit-breaker\\\/#primaryimage\"},\"image\":{\"@id\":\"https:\\\/\\\/www.sorelektrik.com\\\/index.php\\\/urun\\\/dam1-1600-electronic-mccb-moulded-case-circuit-breaker\\\/#primaryimage\"},\"thumbnailUrl\":\"https:\\\/\\\/www.sorelektrik.com\\\/wp-content\\\/uploads\\\/2023\\\/09\\\/DAM1-1600-electronic-MCCB-moulded-case-circuit-breaker.png\",\"datePublished\":\"2023-09-12T10:50:57+00:00\",\"dateModified\":\"2023-09-12T10:50:58+00:00\",\"breadcrumb\":{\"@id\":\"https:\\\/\\\/www.sorelektrik.com\\\/index.php\\\/urun\\\/dam1-1600-electronic-mccb-moulded-case-circuit-breaker\\\/#breadcrumb\"},\"inLanguage\":\"tr\",\"potentialAction\":[{\"@type\":\"ReadAction\",\"target\":[\"https:\\\/\\\/www.sorelektrik.com\\\/index.php\\\/urun\\\/dam1-1600-electronic-mccb-moulded-case-circuit-breaker\\\/\"]}]},{\"@type\":\"ImageObject\",\"inLanguage\":\"tr\",\"@id\":\"https:\\\/\\\/www.sorelektrik.com\\\/index.php\\\/urun\\\/dam1-1600-electronic-mccb-moulded-case-circuit-breaker\\\/#primaryimage\",\"url\":\"https:\\\/\\\/www.sorelektrik.com\\\/wp-content\\\/uploads\\\/2023\\\/09\\\/DAM1-1600-electronic-MCCB-moulded-case-circuit-breaker.png\",\"contentUrl\":\"https:\\\/\\\/www.sorelektrik.com\\\/wp-content\\\/uploads\\\/2023\\\/09\\\/DAM1-1600-electronic-MCCB-moulded-case-circuit-breaker.png\",\"width\":1774,\"height\":1774},{\"@type\":\"BreadcrumbList\",\"@id\":\"https:\\\/\\\/www.sorelektrik.com\\\/index.php\\\/urun\\\/dam1-1600-electronic-mccb-moulded-case-circuit-breaker\\\/#breadcrumb\",\"itemListElement\":[{\"@type\":\"ListItem\",\"position\":1,\"name\":\"Anasayfa\",\"item\":\"https:\\\/\\\/www.sorelektrik.com\\\/\"},{\"@type\":\"ListItem\",\"position\":2,\"name\":\"\u00dcr\u00fcnlerimiz\",\"item\":\"https:\\\/\\\/www.sorelektrik.com\\\/index.php\\\/urunlerimiz\\\/\"},{\"@type\":\"ListItem\",\"position\":3,\"name\":\"DAM1-1600 Electronic MCCB Moulded Case Circuit Breaker\"}]},{\"@type\":\"WebSite\",\"@id\":\"https:\\\/\\\/www.sorelektrik.com\\\/#website\",\"url\":\"https:\\\/\\\/www.sorelektrik.com\\\/\",\"name\":\"Sor Elektrik\",\"description\":\"Kalite Hi\u00e7bir Zaman Tesad\u00fcf De\u011fildir\",\"publisher\":{\"@id\":\"https:\\\/\\\/www.sorelektrik.com\\\/#organization\"},\"alternateName\":\"http:\\\/\\\/www.sorelektrik.com\\\/\",\"potentialAction\":[{\"@type\":\"SearchAction\",\"target\":{\"@type\":\"EntryPoint\",\"urlTemplate\":\"https:\\\/\\\/www.sorelektrik.com\\\/?s={search_term_string}\"},\"query-input\":{\"@type\":\"PropertyValueSpecification\",\"valueRequired\":true,\"valueName\":\"search_term_string\"}}],\"inLanguage\":\"tr\"},{\"@type\":\"Organization\",\"@id\":\"https:\\\/\\\/www.sorelektrik.com\\\/#organization\",\"name\":\"Sor Elektrik\",\"alternateName\":\"http:\\\/\\\/www.sorelektrik.com\\\/\",\"url\":\"https:\\\/\\\/www.sorelektrik.com\\\/\",\"logo\":{\"@type\":\"ImageObject\",\"inLanguage\":\"tr\",\"@id\":\"https:\\\/\\\/www.sorelektrik.com\\\/#\\\/schema\\\/logo\\\/image\\\/\",\"url\":\"http:\\\/\\\/www.sorelektrik.com\\\/wp-content\\\/uploads\\\/2023\\\/09\\\/sorlogoicon_Calisma-Yuzeyi-1.png\",\"contentUrl\":\"http:\\\/\\\/www.sorelektrik.com\\\/wp-content\\\/uploads\\\/2023\\\/09\\\/sorlogoicon_Calisma-Yuzeyi-1.png\",\"width\":2134,\"height\":2134,\"caption\":\"Sor Elektrik\"},\"image\":{\"@id\":\"https:\\\/\\\/www.sorelektrik.com\\\/#\\\/schema\\\/logo\\\/image\\\/\"}}]}<\/script>\n<!-- \/ Yoast SEO plugin. -->","yoast_head_json":{"title":"DAM1-1600 Electronic MCCB Moulded Case Circuit Breaker - Sor Elektrik","robots":{"index":"index","follow":"follow","max-snippet":"max-snippet:-1","max-image-preview":"max-image-preview:large","max-video-preview":"max-video-preview:-1"},"canonical":"https:\/\/www.sorelektrik.com\/index.php\/urun\/dam1-1600-electronic-mccb-moulded-case-circuit-breaker\/","og_locale":"tr_TR","og_type":"article","og_title":"DAM1-1600 Electronic MCCB Moulded Case Circuit Breaker - Sor Elektrik","og_description":"Y\u00fcksek performans, Y\u00fcksek kesme kapasitesi, Y\u00fcksek koordinasyon sa\u011flar. Y\u00fcksek \u00f6mr\u00fc sayesinde Y\u00fcksek kapsaml\u0131 uygulamalar i\u00e7in kullan\u0131lmaktad\u0131r.  \u25a0 Y\u00fcksek performansl\u0131 \u25a0 En y\u00fcksek kesme kapasitesi ile g\u00fcvenilirlik \u25a0 Y\u00fcksek seviyede elektriksel ve mekaniksel \u00f6m\u00fcr \u25a0 Y\u00fcksek seviyede uygulamalara cevap verme yetene\u011fi \u25a0 Optimum i\u015flevsel \u00f6zellikler ile kademelendirme ve se\u00e7icilik imkan\u0131 \u25a0 Motor devrelerini y\u00fcksek performans ve g\u00fcvenilirlikte kontrol ve koruma i\u00e7in \u25a0 Alan darl\u0131\u011f\u0131 olan uygulamalarda minimalize edilmi\u015f ideal \u00e7\u00f6z\u00fcm  TEKN\u0130K \u00d6ZELL\u0130KLER  \u25a0 Toplam 6 kasada \u00fcr\u00fcn yelpazesi (16A\u2019den 1600\u2019e kadar 6 kasa tipi: 160\/250\/400\/630\/800\/1600A ) \u25a0 Y\u00fcksek kesme kapasitesi Icu @ 415VAC: 35, 50,70, 80kA \u25a0 Farkl\u0131 uygulamalar i\u00e7in \u015fartnamelere uygunluk Ics=%Ics se\u00e7enekleri (Ics=50%Icu, Ics=75%Icu, Ics=100%Icu) \u25a0 Y\u00fcksek darbe dayan\u0131m gerilim seviyesi (Uimp = 8kV, Ui =750V, Ue = 690V) \u25a0 XELC serisi Elektronik a\u00e7t\u0131rma \u00fcniteli LSI \u25a0 Farkl\u0131 kasalara uyumlu olarak kullan\u0131labilen aksesuarlar (AX, AL, SHT, UVT)","og_url":"https:\/\/www.sorelektrik.com\/index.php\/urun\/dam1-1600-electronic-mccb-moulded-case-circuit-breaker\/","og_site_name":"Sor Elektrik","article_modified_time":"2023-09-12T10:50:58+00:00","og_image":[{"width":1774,"height":1774,"url":"https:\/\/www.sorelektrik.com\/wp-content\/uploads\/2023\/09\/DAM1-1600-electronic-MCCB-moulded-case-circuit-breaker.png","type":"image\/png"}],"twitter_card":"summary_large_image","schema":{"@context":"https:\/\/schema.org","@graph":[{"@type":"WebPage","@id":"https:\/\/www.sorelektrik.com\/index.php\/urun\/dam1-1600-electronic-mccb-moulded-case-circuit-breaker\/","url":"https:\/\/www.sorelektrik.com\/index.php\/urun\/dam1-1600-electronic-mccb-moulded-case-circuit-breaker\/","name":"DAM1-1600 Electronic MCCB Moulded Case Circuit Breaker - Sor Elektrik","isPartOf":{"@id":"https:\/\/www.sorelektrik.com\/#website"},"primaryImageOfPage":{"@id":"https:\/\/www.sorelektrik.com\/index.php\/urun\/dam1-1600-electronic-mccb-moulded-case-circuit-breaker\/#primaryimage"},"image":{"@id":"https:\/\/www.sorelektrik.com\/index.php\/urun\/dam1-1600-electronic-mccb-moulded-case-circuit-breaker\/#primaryimage"},"thumbnailUrl":"https:\/\/www.sorelektrik.com\/wp-content\/uploads\/2023\/09\/DAM1-1600-electronic-MCCB-moulded-case-circuit-breaker.png","datePublished":"2023-09-12T10:50:57+00:00","dateModified":"2023-09-12T10:50:58+00:00","breadcrumb":{"@id":"https:\/\/www.sorelektrik.com\/index.php\/urun\/dam1-1600-electronic-mccb-moulded-case-circuit-breaker\/#breadcrumb"},"inLanguage":"tr","potentialAction":[{"@type":"ReadAction","target":["https:\/\/www.sorelektrik.com\/index.php\/urun\/dam1-1600-electronic-mccb-moulded-case-circuit-breaker\/"]}]},{"@type":"ImageObject","inLanguage":"tr","@id":"https:\/\/www.sorelektrik.com\/index.php\/urun\/dam1-1600-electronic-mccb-moulded-case-circuit-breaker\/#primaryimage","url":"https:\/\/www.sorelektrik.com\/wp-content\/uploads\/2023\/09\/DAM1-1600-electronic-MCCB-moulded-case-circuit-breaker.png","contentUrl":"https:\/\/www.sorelektrik.com\/wp-content\/uploads\/2023\/09\/DAM1-1600-electronic-MCCB-moulded-case-circuit-breaker.png","width":1774,"height":1774},{"@type":"BreadcrumbList","@id":"https:\/\/www.sorelektrik.com\/index.php\/urun\/dam1-1600-electronic-mccb-moulded-case-circuit-breaker\/#breadcrumb","itemListElement":[{"@type":"ListItem","position":1,"name":"Anasayfa","item":"https:\/\/www.sorelektrik.com\/"},{"@type":"ListItem","position":2,"name":"\u00dcr\u00fcnlerimiz","item":"https:\/\/www.sorelektrik.com\/index.php\/urunlerimiz\/"},{"@type":"ListItem","position":3,"name":"DAM1-1600 Electronic MCCB Moulded Case Circuit Breaker"}]},{"@type":"WebSite","@id":"https:\/\/www.sorelektrik.com\/#website","url":"https:\/\/www.sorelektrik.com\/","name":"Sor Elektrik","description":"Kalite Hi\u00e7bir Zaman Tesad\u00fcf De\u011fildir","publisher":{"@id":"https:\/\/www.sorelektrik.com\/#organization"},"alternateName":"http:\/\/www.sorelektrik.com\/","potentialAction":[{"@type":"SearchAction","target":{"@type":"EntryPoint","urlTemplate":"https:\/\/www.sorelektrik.com\/?s={search_term_string}"},"query-input":{"@type":"PropertyValueSpecification","valueRequired":true,"valueName":"search_term_string"}}],"inLanguage":"tr"},{"@type":"Organization","@id":"https:\/\/www.sorelektrik.com\/#organization","name":"Sor Elektrik","alternateName":"http:\/\/www.sorelektrik.com\/","url":"https:\/\/www.sorelektrik.com\/","logo":{"@type":"ImageObject","inLanguage":"tr","@id":"https:\/\/www.sorelektrik.com\/#\/schema\/logo\/image\/","url":"http:\/\/www.sorelektrik.com\/wp-content\/uploads\/2023\/09\/sorlogoicon_Calisma-Yuzeyi-1.png","contentUrl":"http:\/\/www.sorelektrik.com\/wp-content\/uploads\/2023\/09\/sorlogoicon_Calisma-Yuzeyi-1.png","width":2134,"height":2134,"caption":"Sor Elektrik"},"image":{"@id":"https:\/\/www.sorelektrik.com\/#\/schema\/logo\/image\/"}}]}},"_links":{"self":[{"href":"https:\/\/www.sorelektrik.com\/index.php\/wp-json\/wp\/v2\/product\/579","targetHints":{"allow":["GET"]}}],"collection":[{"href":"https:\/\/www.sorelektrik.com\/index.php\/wp-json\/wp\/v2\/product"}],"about":[{"href":"https:\/\/www.sorelektrik.com\/index.php\/wp-json\/wp\/v2\/types\/product"}],"replies":[{"embeddable":true,"href":"https:\/\/www.sorelektrik.com\/index.php\/wp-json\/wp\/v2\/comments?post=579"}],"wp:featuredmedia":[{"embeddable":true,"href":"https:\/\/www.sorelektrik.com\/index.php\/wp-json\/wp\/v2\/media\/580"}],"wp:attachment":[{"href":"https:\/\/www.sorelektrik.com\/index.php\/wp-json\/wp\/v2\/media?parent=579"}],"wp:term":[{"taxonomy":"product_brand","embeddable":true,"href":"https:\/\/www.sorelektrik.com\/index.php\/wp-json\/wp\/v2\/product_brand?post=579"},{"taxonomy":"product_cat","embeddable":true,"href":"https:\/\/www.sorelektrik.com\/index.php\/wp-json\/wp\/v2\/product_cat?post=579"},{"taxonomy":"product_tag","embeddable":true,"href":"https:\/\/www.sorelektrik.com\/index.php\/wp-json\/wp\/v2\/product_tag?post=579"}],"curies":[{"name":"wp","href":"https:\/\/api.w.org\/{rel}","templated":true}]}}