{"id":631,"date":"2023-09-13T10:17:12","date_gmt":"2023-09-13T07:17:12","guid":{"rendered":"http:\/\/www.sorelektrik.com\/?post_type=product&#038;p=631"},"modified":"2023-09-13T10:17:13","modified_gmt":"2023-09-13T07:17:13","slug":"xkr3-2p","status":"publish","type":"product","link":"https:\/\/www.sorelektrik.com\/index.php\/urun\/xkr3-2p\/","title":{"rendered":"XKR3 2P"},"content":{"rendered":"","protected":false},"excerpt":{"rendered":"<p><strong>Ka\u00e7ak Ak\u0131m Koruma Anahtarlar\u0131<\/strong><\/p>\n<p>XKoren XKR3, XKR6 ve XKR10 serisi ka\u00e7ak ak\u0131m koruma anahtarlar\u0131, do\u011frudan veya dolayl\u0131 temaslar sonucunda 30mA ve \u00fczerinde ka\u00e7ak ak\u0131m olu\u015fturan elektriksel cihazlarda ve elektrik enerjisinin iletildi\u011fi iletkenlerde insan hayat\u0131n\u0131 korur. Ayr\u0131ca tesislerde ve ya\u015fam alanlar\u0131m\u0131zda 300mA ve \u00fczerinde olu\u015fabilecek ka\u00e7ak ak\u0131mlardan kaynakl\u0131 yang\u0131nlar\u0131 \u00f6nlemeye y\u00f6nelik etkin koruma sa\u011flar.<\/p>\n<p>XKoren Ka\u00e7ak ak\u0131m koruma anahtarlar\u0131 olu\u015facak ka\u00e7ak ak\u0131m\u0131n dalga formuna g\u00f6re A ve AC tip olarak 2 farkl\u0131 tipte \u00fcretilirler<\/p>\n<p><strong>AC Tip Ka\u00e7ak Ak\u0131m Koruma \u015ealterleri<\/strong><\/p>\n<p>XKR3-AC<\/p>\n<p>Elektronik kontrol devresine sahip bir ka\u00e7ak ak\u0131m koruma anahtarlar\u0131d\u0131r. Dalga formunda Harmonik bile\u015fen i\u00e7ermeyen 50-60 Hz \u015fehir \u015febeke frekans\u0131ndaki ka\u00e7ak ak\u0131mlara kar\u015f\u0131 etkin koruma sa\u011flar.<br \/>\nKullan\u0131m Alanlar\u0131: \u015eebeke den s\u00fcr\u00fcc\u00fcs\u00fcz direk \u00e7al\u0131\u015fan Elektrik motorlar\u0131, Omik y\u00fckler, Klasik mekanik balast ile \u00e7al\u0131\u015fan ayd\u0131nlatma cihazlar\u0131, elektrikli \u0131s\u0131t\u0131c\u0131lar.<\/p>\n<p><strong>3kA k\u0131sa devre dayanma kapasiteleri<\/strong><\/p>\n<p>XKR6-AC<br \/>\nXKR10-AC<\/p>\n<p>Herhangi bir elektronik devre i\u00e7ermez, Elektromekanik prensibine dayal\u0131 ka\u00e7ak ak\u0131ma kar\u015f\u0131 koruma sa\u011flayan koruma anahtarlar\u0131d\u0131r. Dalga formunda Harmonik bile\u015fen i\u00e7ermeyen 50-60 Hz \u015fehir \u015febeke frekans\u0131ndaki ka\u00e7ak ak\u0131mlara kar\u015f\u0131 etkin koruma sa\u011flar.<\/p>\n<p>Kullan\u0131m Alanlar\u0131: \u015eebeke den s\u00fcr\u00fcc\u00fcs\u00fcz direk \u00e7al\u0131\u015fan Elektrik motorlar\u0131, Omik y\u00fckler, Klasik mekanik balast ile \u00e7al\u0131\u015fan ayd\u0131nlatma cihazlar\u0131, elektrikli \u0131s\u0131t\u0131c\u0131lar.<br \/>\n6kA ve 10 kA k\u0131sa devre dayanma kapasiteleri<\/p>\n<p><strong>A Tipi Ka\u00e7ak Ak\u0131m Koruma \u015ealterleri<\/strong><\/p>\n<p>\u015eebeke gerilimi frekans\u0131yla ayn\u0131 frekanstaki AC ka\u00e7ak ak\u0131mlara kar\u015f\u0131, belirli DC dalga formuna sahip ka\u00e7ak ak\u0131mlara kar\u015f\u0131, ve y\u00fcksek frekanstaki AC\/DC ka\u00e7ak ak\u0131m dalga formlar\u0131na kar\u015f\u0131 koruma sa\u011flar.<br \/>\nKullan\u0131m Alanlar\u0131: Led s\u00fcr\u00fcc\u00fcler ve dimmerler dahil led ayd\u0131nlatma , y\u00fcr\u00fcyen merdivenler<\/p>\n<p><strong>Teknik \u00d6zellikler:<\/strong><\/p>\n<p>\u2013 2 kutuplu (1P+N) veya 4 kutuplu (3P+N) ba\u011flant\u0131<br \/>\n\u2013 6kA veya 10 kA k\u0131sa devre ak\u0131mlar\u0131na dayanma kapasiteleri<br \/>\n\u2013 Koruma yapaca\u011f\u0131 y\u00fck karakteristi\u011fine g\u00f6re AC ve A Tip olarak iki farkl\u0131 se\u00e7im se\u00e7ene\u011fi<br \/>\n\u2013 In= 25A den 125A\u2019e kadar.<br \/>\n\u2013 30mA hayat koruma e\u015fi\u011fi ve 300 mA yang\u0131n koruma e\u015fikli<br \/>\n\u2013Gecikmeli ve gecikmesiz a\u00e7ma yapan \u00fcr\u00fcn se\u00e7enekleri ile uygulamalarda gereksiz a\u00e7malara kar\u015f\u0131 \u00f6nlem<\/p>\n","protected":false},"featured_media":632,"comment_status":"closed","ping_status":"closed","template":"","meta":[],"product_brand":[],"product_cat":[44],"product_tag":[],"class_list":{"0":"post-631","1":"product","2":"type-product","3":"status-publish","4":"has-post-thumbnail","6":"product_cat-kacak-akim-koruma-salterleri-kacak-akim-koruma-salterleri","8":"first","9":"instock","10":"shipping-taxable","11":"product-type-simple"},"yoast_head":"<!-- This site is optimized with the Yoast SEO plugin v27.4 - https:\/\/yoast.com\/product\/yoast-seo-wordpress\/ -->\n<title>XKR3 2P - Sor Elektrik<\/title>\n<meta name=\"robots\" content=\"index, follow, max-snippet:-1, max-image-preview:large, max-video-preview:-1\" \/>\n<link rel=\"canonical\" href=\"https:\/\/www.sorelektrik.com\/index.php\/urun\/xkr3-2p\/\" \/>\n<meta property=\"og:locale\" content=\"tr_TR\" \/>\n<meta property=\"og:type\" content=\"article\" \/>\n<meta property=\"og:title\" content=\"XKR3 2P - Sor Elektrik\" \/>\n<meta property=\"og:description\" content=\"Ka\u00e7ak Ak\u0131m Koruma Anahtarlar\u0131  XKoren XKR3, XKR6 ve XKR10 serisi ka\u00e7ak ak\u0131m koruma anahtarlar\u0131, do\u011frudan veya dolayl\u0131 temaslar sonucunda 30mA ve \u00fczerinde ka\u00e7ak ak\u0131m olu\u015fturan elektriksel cihazlarda ve elektrik enerjisinin iletildi\u011fi iletkenlerde insan hayat\u0131n\u0131 korur. Ayr\u0131ca tesislerde ve ya\u015fam alanlar\u0131m\u0131zda 300mA ve \u00fczerinde olu\u015fabilecek ka\u00e7ak ak\u0131mlardan kaynakl\u0131 yang\u0131nlar\u0131 \u00f6nlemeye y\u00f6nelik etkin koruma sa\u011flar.  XKoren Ka\u00e7ak ak\u0131m koruma anahtarlar\u0131 olu\u015facak ka\u00e7ak ak\u0131m\u0131n dalga formuna g\u00f6re A ve AC tip olarak 2 farkl\u0131 tipte \u00fcretilirler  AC Tip Ka\u00e7ak Ak\u0131m Koruma \u015ealterleri  XKR3-AC  Elektronik kontrol devresine sahip bir ka\u00e7ak ak\u0131m koruma anahtarlar\u0131d\u0131r. Dalga formunda Harmonik bile\u015fen i\u00e7ermeyen 50-60 Hz \u015fehir \u015febeke frekans\u0131ndaki ka\u00e7ak ak\u0131mlara kar\u015f\u0131 etkin koruma sa\u011flar. Kullan\u0131m Alanlar\u0131: \u015eebeke den s\u00fcr\u00fcc\u00fcs\u00fcz direk \u00e7al\u0131\u015fan Elektrik motorlar\u0131, Omik y\u00fckler, Klasik mekanik balast ile \u00e7al\u0131\u015fan ayd\u0131nlatma cihazlar\u0131, elektrikli \u0131s\u0131t\u0131c\u0131lar.  3kA k\u0131sa devre dayanma kapasiteleri  XKR6-AC XKR10-AC  Herhangi bir elektronik devre i\u00e7ermez, Elektromekanik prensibine dayal\u0131 ka\u00e7ak ak\u0131ma kar\u015f\u0131 koruma sa\u011flayan koruma anahtarlar\u0131d\u0131r. Dalga formunda Harmonik bile\u015fen i\u00e7ermeyen 50-60 Hz \u015fehir \u015febeke frekans\u0131ndaki ka\u00e7ak ak\u0131mlara kar\u015f\u0131 etkin koruma sa\u011flar.  Kullan\u0131m Alanlar\u0131: \u015eebeke den s\u00fcr\u00fcc\u00fcs\u00fcz direk \u00e7al\u0131\u015fan Elektrik motorlar\u0131, Omik y\u00fckler, Klasik mekanik balast ile \u00e7al\u0131\u015fan ayd\u0131nlatma cihazlar\u0131, elektrikli \u0131s\u0131t\u0131c\u0131lar. 6kA ve 10 kA k\u0131sa devre dayanma kapasiteleri  A Tipi Ka\u00e7ak Ak\u0131m Koruma \u015ealterleri  \u015eebeke gerilimi frekans\u0131yla ayn\u0131 frekanstaki AC ka\u00e7ak ak\u0131mlara kar\u015f\u0131, belirli DC dalga formuna sahip ka\u00e7ak ak\u0131mlara kar\u015f\u0131, ve y\u00fcksek frekanstaki AC\/DC ka\u00e7ak ak\u0131m dalga formlar\u0131na kar\u015f\u0131 koruma sa\u011flar. Kullan\u0131m Alanlar\u0131: Led s\u00fcr\u00fcc\u00fcler ve dimmerler dahil led ayd\u0131nlatma , y\u00fcr\u00fcyen merdivenler  Teknik \u00d6zellikler:  \u2013 2 kutuplu (1P+N) veya 4 kutuplu (3P+N) ba\u011flant\u0131 \u2013 6kA veya 10 kA k\u0131sa devre ak\u0131mlar\u0131na dayanma kapasiteleri \u2013 Koruma yapaca\u011f\u0131 y\u00fck karakteristi\u011fine g\u00f6re AC ve A Tip olarak iki farkl\u0131 se\u00e7im se\u00e7ene\u011fi \u2013 In= 25A den 125A\u2019e kadar. \u2013 30mA hayat koruma e\u015fi\u011fi ve 300 mA yang\u0131n koruma e\u015fikli \u2013Gecikmeli ve gecikmesiz a\u00e7ma yapan \u00fcr\u00fcn se\u00e7enekleri ile uygulamalarda gereksiz a\u00e7malara kar\u015f\u0131 \u00f6nlem\" \/>\n<meta property=\"og:url\" content=\"https:\/\/www.sorelektrik.com\/index.php\/urun\/xkr3-2p\/\" \/>\n<meta property=\"og:site_name\" content=\"Sor Elektrik\" \/>\n<meta property=\"article:modified_time\" content=\"2023-09-13T07:17:13+00:00\" \/>\n<meta property=\"og:image\" content=\"https:\/\/www.sorelektrik.com\/wp-content\/uploads\/2023\/09\/XKR3-2P.png\" \/>\n\t<meta property=\"og:image:width\" content=\"900\" \/>\n\t<meta property=\"og:image:height\" content=\"900\" \/>\n\t<meta property=\"og:image:type\" content=\"image\/png\" \/>\n<meta name=\"twitter:card\" content=\"summary_large_image\" \/>\n<script type=\"application\/ld+json\" class=\"yoast-schema-graph\">{\"@context\":\"https:\\\/\\\/schema.org\",\"@graph\":[{\"@type\":\"WebPage\",\"@id\":\"https:\\\/\\\/www.sorelektrik.com\\\/index.php\\\/urun\\\/xkr3-2p\\\/\",\"url\":\"https:\\\/\\\/www.sorelektrik.com\\\/index.php\\\/urun\\\/xkr3-2p\\\/\",\"name\":\"XKR3 2P - Sor Elektrik\",\"isPartOf\":{\"@id\":\"https:\\\/\\\/www.sorelektrik.com\\\/#website\"},\"primaryImageOfPage\":{\"@id\":\"https:\\\/\\\/www.sorelektrik.com\\\/index.php\\\/urun\\\/xkr3-2p\\\/#primaryimage\"},\"image\":{\"@id\":\"https:\\\/\\\/www.sorelektrik.com\\\/index.php\\\/urun\\\/xkr3-2p\\\/#primaryimage\"},\"thumbnailUrl\":\"https:\\\/\\\/www.sorelektrik.com\\\/wp-content\\\/uploads\\\/2023\\\/09\\\/XKR3-2P.png\",\"datePublished\":\"2023-09-13T07:17:12+00:00\",\"dateModified\":\"2023-09-13T07:17:13+00:00\",\"breadcrumb\":{\"@id\":\"https:\\\/\\\/www.sorelektrik.com\\\/index.php\\\/urun\\\/xkr3-2p\\\/#breadcrumb\"},\"inLanguage\":\"tr\",\"potentialAction\":[{\"@type\":\"ReadAction\",\"target\":[\"https:\\\/\\\/www.sorelektrik.com\\\/index.php\\\/urun\\\/xkr3-2p\\\/\"]}]},{\"@type\":\"ImageObject\",\"inLanguage\":\"tr\",\"@id\":\"https:\\\/\\\/www.sorelektrik.com\\\/index.php\\\/urun\\\/xkr3-2p\\\/#primaryimage\",\"url\":\"https:\\\/\\\/www.sorelektrik.com\\\/wp-content\\\/uploads\\\/2023\\\/09\\\/XKR3-2P.png\",\"contentUrl\":\"https:\\\/\\\/www.sorelektrik.com\\\/wp-content\\\/uploads\\\/2023\\\/09\\\/XKR3-2P.png\",\"width\":900,\"height\":900},{\"@type\":\"BreadcrumbList\",\"@id\":\"https:\\\/\\\/www.sorelektrik.com\\\/index.php\\\/urun\\\/xkr3-2p\\\/#breadcrumb\",\"itemListElement\":[{\"@type\":\"ListItem\",\"position\":1,\"name\":\"Anasayfa\",\"item\":\"https:\\\/\\\/www.sorelektrik.com\\\/\"},{\"@type\":\"ListItem\",\"position\":2,\"name\":\"\u00dcr\u00fcnlerimiz\",\"item\":\"https:\\\/\\\/www.sorelektrik.com\\\/index.php\\\/urunlerimiz\\\/\"},{\"@type\":\"ListItem\",\"position\":3,\"name\":\"XKR3 2P\"}]},{\"@type\":\"WebSite\",\"@id\":\"https:\\\/\\\/www.sorelektrik.com\\\/#website\",\"url\":\"https:\\\/\\\/www.sorelektrik.com\\\/\",\"name\":\"Sor Elektrik\",\"description\":\"Kalite Hi\u00e7bir Zaman Tesad\u00fcf De\u011fildir\",\"publisher\":{\"@id\":\"https:\\\/\\\/www.sorelektrik.com\\\/#organization\"},\"alternateName\":\"http:\\\/\\\/www.sorelektrik.com\\\/\",\"potentialAction\":[{\"@type\":\"SearchAction\",\"target\":{\"@type\":\"EntryPoint\",\"urlTemplate\":\"https:\\\/\\\/www.sorelektrik.com\\\/?s={search_term_string}\"},\"query-input\":{\"@type\":\"PropertyValueSpecification\",\"valueRequired\":true,\"valueName\":\"search_term_string\"}}],\"inLanguage\":\"tr\"},{\"@type\":\"Organization\",\"@id\":\"https:\\\/\\\/www.sorelektrik.com\\\/#organization\",\"name\":\"Sor Elektrik\",\"alternateName\":\"http:\\\/\\\/www.sorelektrik.com\\\/\",\"url\":\"https:\\\/\\\/www.sorelektrik.com\\\/\",\"logo\":{\"@type\":\"ImageObject\",\"inLanguage\":\"tr\",\"@id\":\"https:\\\/\\\/www.sorelektrik.com\\\/#\\\/schema\\\/logo\\\/image\\\/\",\"url\":\"http:\\\/\\\/www.sorelektrik.com\\\/wp-content\\\/uploads\\\/2023\\\/09\\\/sorlogoicon_Calisma-Yuzeyi-1.png\",\"contentUrl\":\"http:\\\/\\\/www.sorelektrik.com\\\/wp-content\\\/uploads\\\/2023\\\/09\\\/sorlogoicon_Calisma-Yuzeyi-1.png\",\"width\":2134,\"height\":2134,\"caption\":\"Sor Elektrik\"},\"image\":{\"@id\":\"https:\\\/\\\/www.sorelektrik.com\\\/#\\\/schema\\\/logo\\\/image\\\/\"}}]}<\/script>\n<!-- \/ Yoast SEO plugin. -->","yoast_head_json":{"title":"XKR3 2P - Sor Elektrik","robots":{"index":"index","follow":"follow","max-snippet":"max-snippet:-1","max-image-preview":"max-image-preview:large","max-video-preview":"max-video-preview:-1"},"canonical":"https:\/\/www.sorelektrik.com\/index.php\/urun\/xkr3-2p\/","og_locale":"tr_TR","og_type":"article","og_title":"XKR3 2P - Sor Elektrik","og_description":"Ka\u00e7ak Ak\u0131m Koruma Anahtarlar\u0131  XKoren XKR3, XKR6 ve XKR10 serisi ka\u00e7ak ak\u0131m koruma anahtarlar\u0131, do\u011frudan veya dolayl\u0131 temaslar sonucunda 30mA ve \u00fczerinde ka\u00e7ak ak\u0131m olu\u015fturan elektriksel cihazlarda ve elektrik enerjisinin iletildi\u011fi iletkenlerde insan hayat\u0131n\u0131 korur. Ayr\u0131ca tesislerde ve ya\u015fam alanlar\u0131m\u0131zda 300mA ve \u00fczerinde olu\u015fabilecek ka\u00e7ak ak\u0131mlardan kaynakl\u0131 yang\u0131nlar\u0131 \u00f6nlemeye y\u00f6nelik etkin koruma sa\u011flar.  XKoren Ka\u00e7ak ak\u0131m koruma anahtarlar\u0131 olu\u015facak ka\u00e7ak ak\u0131m\u0131n dalga formuna g\u00f6re A ve AC tip olarak 2 farkl\u0131 tipte \u00fcretilirler  AC Tip Ka\u00e7ak Ak\u0131m Koruma \u015ealterleri  XKR3-AC  Elektronik kontrol devresine sahip bir ka\u00e7ak ak\u0131m koruma anahtarlar\u0131d\u0131r. Dalga formunda Harmonik bile\u015fen i\u00e7ermeyen 50-60 Hz \u015fehir \u015febeke frekans\u0131ndaki ka\u00e7ak ak\u0131mlara kar\u015f\u0131 etkin koruma sa\u011flar. Kullan\u0131m Alanlar\u0131: \u015eebeke den s\u00fcr\u00fcc\u00fcs\u00fcz direk \u00e7al\u0131\u015fan Elektrik motorlar\u0131, Omik y\u00fckler, Klasik mekanik balast ile \u00e7al\u0131\u015fan ayd\u0131nlatma cihazlar\u0131, elektrikli \u0131s\u0131t\u0131c\u0131lar.  3kA k\u0131sa devre dayanma kapasiteleri  XKR6-AC XKR10-AC  Herhangi bir elektronik devre i\u00e7ermez, Elektromekanik prensibine dayal\u0131 ka\u00e7ak ak\u0131ma kar\u015f\u0131 koruma sa\u011flayan koruma anahtarlar\u0131d\u0131r. Dalga formunda Harmonik bile\u015fen i\u00e7ermeyen 50-60 Hz \u015fehir \u015febeke frekans\u0131ndaki ka\u00e7ak ak\u0131mlara kar\u015f\u0131 etkin koruma sa\u011flar.  Kullan\u0131m Alanlar\u0131: \u015eebeke den s\u00fcr\u00fcc\u00fcs\u00fcz direk \u00e7al\u0131\u015fan Elektrik motorlar\u0131, Omik y\u00fckler, Klasik mekanik balast ile \u00e7al\u0131\u015fan ayd\u0131nlatma cihazlar\u0131, elektrikli \u0131s\u0131t\u0131c\u0131lar. 6kA ve 10 kA k\u0131sa devre dayanma kapasiteleri  A Tipi Ka\u00e7ak Ak\u0131m Koruma \u015ealterleri  \u015eebeke gerilimi frekans\u0131yla ayn\u0131 frekanstaki AC ka\u00e7ak ak\u0131mlara kar\u015f\u0131, belirli DC dalga formuna sahip ka\u00e7ak ak\u0131mlara kar\u015f\u0131, ve y\u00fcksek frekanstaki AC\/DC ka\u00e7ak ak\u0131m dalga formlar\u0131na kar\u015f\u0131 koruma sa\u011flar. Kullan\u0131m Alanlar\u0131: Led s\u00fcr\u00fcc\u00fcler ve dimmerler dahil led ayd\u0131nlatma , y\u00fcr\u00fcyen merdivenler  Teknik \u00d6zellikler:  \u2013 2 kutuplu (1P+N) veya 4 kutuplu (3P+N) ba\u011flant\u0131 \u2013 6kA veya 10 kA k\u0131sa devre ak\u0131mlar\u0131na dayanma kapasiteleri \u2013 Koruma yapaca\u011f\u0131 y\u00fck karakteristi\u011fine g\u00f6re AC ve A Tip olarak iki farkl\u0131 se\u00e7im se\u00e7ene\u011fi \u2013 In= 25A den 125A\u2019e kadar. \u2013 30mA hayat koruma e\u015fi\u011fi ve 300 mA yang\u0131n koruma e\u015fikli \u2013Gecikmeli ve gecikmesiz a\u00e7ma yapan \u00fcr\u00fcn se\u00e7enekleri ile uygulamalarda gereksiz a\u00e7malara kar\u015f\u0131 \u00f6nlem","og_url":"https:\/\/www.sorelektrik.com\/index.php\/urun\/xkr3-2p\/","og_site_name":"Sor Elektrik","article_modified_time":"2023-09-13T07:17:13+00:00","og_image":[{"width":900,"height":900,"url":"https:\/\/www.sorelektrik.com\/wp-content\/uploads\/2023\/09\/XKR3-2P.png","type":"image\/png"}],"twitter_card":"summary_large_image","schema":{"@context":"https:\/\/schema.org","@graph":[{"@type":"WebPage","@id":"https:\/\/www.sorelektrik.com\/index.php\/urun\/xkr3-2p\/","url":"https:\/\/www.sorelektrik.com\/index.php\/urun\/xkr3-2p\/","name":"XKR3 2P - Sor Elektrik","isPartOf":{"@id":"https:\/\/www.sorelektrik.com\/#website"},"primaryImageOfPage":{"@id":"https:\/\/www.sorelektrik.com\/index.php\/urun\/xkr3-2p\/#primaryimage"},"image":{"@id":"https:\/\/www.sorelektrik.com\/index.php\/urun\/xkr3-2p\/#primaryimage"},"thumbnailUrl":"https:\/\/www.sorelektrik.com\/wp-content\/uploads\/2023\/09\/XKR3-2P.png","datePublished":"2023-09-13T07:17:12+00:00","dateModified":"2023-09-13T07:17:13+00:00","breadcrumb":{"@id":"https:\/\/www.sorelektrik.com\/index.php\/urun\/xkr3-2p\/#breadcrumb"},"inLanguage":"tr","potentialAction":[{"@type":"ReadAction","target":["https:\/\/www.sorelektrik.com\/index.php\/urun\/xkr3-2p\/"]}]},{"@type":"ImageObject","inLanguage":"tr","@id":"https:\/\/www.sorelektrik.com\/index.php\/urun\/xkr3-2p\/#primaryimage","url":"https:\/\/www.sorelektrik.com\/wp-content\/uploads\/2023\/09\/XKR3-2P.png","contentUrl":"https:\/\/www.sorelektrik.com\/wp-content\/uploads\/2023\/09\/XKR3-2P.png","width":900,"height":900},{"@type":"BreadcrumbList","@id":"https:\/\/www.sorelektrik.com\/index.php\/urun\/xkr3-2p\/#breadcrumb","itemListElement":[{"@type":"ListItem","position":1,"name":"Anasayfa","item":"https:\/\/www.sorelektrik.com\/"},{"@type":"ListItem","position":2,"name":"\u00dcr\u00fcnlerimiz","item":"https:\/\/www.sorelektrik.com\/index.php\/urunlerimiz\/"},{"@type":"ListItem","position":3,"name":"XKR3 2P"}]},{"@type":"WebSite","@id":"https:\/\/www.sorelektrik.com\/#website","url":"https:\/\/www.sorelektrik.com\/","name":"Sor Elektrik","description":"Kalite Hi\u00e7bir Zaman Tesad\u00fcf De\u011fildir","publisher":{"@id":"https:\/\/www.sorelektrik.com\/#organization"},"alternateName":"http:\/\/www.sorelektrik.com\/","potentialAction":[{"@type":"SearchAction","target":{"@type":"EntryPoint","urlTemplate":"https:\/\/www.sorelektrik.com\/?s={search_term_string}"},"query-input":{"@type":"PropertyValueSpecification","valueRequired":true,"valueName":"search_term_string"}}],"inLanguage":"tr"},{"@type":"Organization","@id":"https:\/\/www.sorelektrik.com\/#organization","name":"Sor Elektrik","alternateName":"http:\/\/www.sorelektrik.com\/","url":"https:\/\/www.sorelektrik.com\/","logo":{"@type":"ImageObject","inLanguage":"tr","@id":"https:\/\/www.sorelektrik.com\/#\/schema\/logo\/image\/","url":"http:\/\/www.sorelektrik.com\/wp-content\/uploads\/2023\/09\/sorlogoicon_Calisma-Yuzeyi-1.png","contentUrl":"http:\/\/www.sorelektrik.com\/wp-content\/uploads\/2023\/09\/sorlogoicon_Calisma-Yuzeyi-1.png","width":2134,"height":2134,"caption":"Sor Elektrik"},"image":{"@id":"https:\/\/www.sorelektrik.com\/#\/schema\/logo\/image\/"}}]}},"_links":{"self":[{"href":"https:\/\/www.sorelektrik.com\/index.php\/wp-json\/wp\/v2\/product\/631","targetHints":{"allow":["GET"]}}],"collection":[{"href":"https:\/\/www.sorelektrik.com\/index.php\/wp-json\/wp\/v2\/product"}],"about":[{"href":"https:\/\/www.sorelektrik.com\/index.php\/wp-json\/wp\/v2\/types\/product"}],"replies":[{"embeddable":true,"href":"https:\/\/www.sorelektrik.com\/index.php\/wp-json\/wp\/v2\/comments?post=631"}],"wp:featuredmedia":[{"embeddable":true,"href":"https:\/\/www.sorelektrik.com\/index.php\/wp-json\/wp\/v2\/media\/632"}],"wp:attachment":[{"href":"https:\/\/www.sorelektrik.com\/index.php\/wp-json\/wp\/v2\/media?parent=631"}],"wp:term":[{"taxonomy":"product_brand","embeddable":true,"href":"https:\/\/www.sorelektrik.com\/index.php\/wp-json\/wp\/v2\/product_brand?post=631"},{"taxonomy":"product_cat","embeddable":true,"href":"https:\/\/www.sorelektrik.com\/index.php\/wp-json\/wp\/v2\/product_cat?post=631"},{"taxonomy":"product_tag","embeddable":true,"href":"https:\/\/www.sorelektrik.com\/index.php\/wp-json\/wp\/v2\/product_tag?post=631"}],"curies":[{"name":"wp","href":"https:\/\/api.w.org\/{rel}","templated":true}]}}