{"id":633,"date":"2023-09-13T10:18:29","date_gmt":"2023-09-13T07:18:29","guid":{"rendered":"http:\/\/www.sorelektrik.com\/?post_type=product&#038;p=633"},"modified":"2023-09-13T10:18:30","modified_gmt":"2023-09-13T07:18:30","slug":"xkoren-rcbo","status":"publish","type":"product","link":"https:\/\/www.sorelektrik.com\/index.php\/urun\/xkoren-rcbo\/","title":{"rendered":"XKoren RCBO"},"content":{"rendered":"","protected":false},"excerpt":{"rendered":"<p>XKoren, XKRS10-AC serisi ka\u00e7ak ak\u0131m koruma anahtarlar\u0131, do\u011frudan veya dolayl\u0131 temaslar sonucunda ka\u00e7ak ak\u0131m olu\u015fturan elektriksel cihazlarda ve elektrik enerjisinin iletildi\u011fi iletkenlerde insan hayat\u0131n\u0131 korur.<br \/>\nXKoreno Ka\u00e7ak ak\u0131m korumal\u0131 otomatik sigortalar;<\/p>\n<p>\u25a0 10kA AC tip olarak 30mA, 100mA ve 300mA olarak 3 farkl\u0131 ka\u00e7ak ak\u0131m e\u015fik de\u011ferine g\u00f6re \u00fcretilirler<br \/>\n\u25a0 6A den 40 A e kadar hem ka\u00e7ak ak\u0131m koruma (AC tip), hem de a\u015f\u0131r\u0131 y\u00fck ve k\u0131sa devre ak\u0131mlar\u0131na kar\u015f\u0131 (C tip) koruma konusunda kompakt pratik bir \u00fcr\u00fcnd\u00fcr.<\/p>\n","protected":false},"featured_media":634,"comment_status":"closed","ping_status":"closed","template":"","meta":[],"product_brand":[],"product_cat":[43],"product_tag":[],"class_list":{"0":"post-633","1":"product","2":"type-product","3":"status-publish","4":"has-post-thumbnail","6":"product_cat-kacak-akim-korumali-otomatik-sigortalar","8":"first","9":"instock","10":"shipping-taxable","11":"product-type-simple"},"yoast_head":"<!-- This site is optimized with the Yoast SEO plugin v27.4 - https:\/\/yoast.com\/product\/yoast-seo-wordpress\/ -->\n<title>XKoren RCBO - Sor Elektrik<\/title>\n<meta name=\"robots\" content=\"index, follow, max-snippet:-1, max-image-preview:large, max-video-preview:-1\" \/>\n<link rel=\"canonical\" href=\"https:\/\/www.sorelektrik.com\/index.php\/urun\/xkoren-rcbo\/\" \/>\n<meta property=\"og:locale\" content=\"tr_TR\" \/>\n<meta property=\"og:type\" content=\"article\" \/>\n<meta property=\"og:title\" content=\"XKoren RCBO - Sor Elektrik\" \/>\n<meta property=\"og:description\" content=\"XKoren, XKRS10-AC serisi ka\u00e7ak ak\u0131m koruma anahtarlar\u0131, do\u011frudan veya dolayl\u0131 temaslar sonucunda ka\u00e7ak ak\u0131m olu\u015fturan elektriksel cihazlarda ve elektrik enerjisinin iletildi\u011fi iletkenlerde insan hayat\u0131n\u0131 korur. XKoreno Ka\u00e7ak ak\u0131m korumal\u0131 otomatik sigortalar;  \u25a0 10kA AC tip olarak 30mA, 100mA ve 300mA olarak 3 farkl\u0131 ka\u00e7ak ak\u0131m e\u015fik de\u011ferine g\u00f6re \u00fcretilirler \u25a0 6A den 40 A e kadar hem ka\u00e7ak ak\u0131m koruma (AC tip), hem de a\u015f\u0131r\u0131 y\u00fck ve k\u0131sa devre ak\u0131mlar\u0131na kar\u015f\u0131 (C tip) koruma konusunda kompakt pratik bir \u00fcr\u00fcnd\u00fcr.\" \/>\n<meta property=\"og:url\" content=\"https:\/\/www.sorelektrik.com\/index.php\/urun\/xkoren-rcbo\/\" \/>\n<meta property=\"og:site_name\" content=\"Sor Elektrik\" \/>\n<meta property=\"article:modified_time\" content=\"2023-09-13T07:18:30+00:00\" \/>\n<meta property=\"og:image\" content=\"https:\/\/www.sorelektrik.com\/wp-content\/uploads\/2023\/09\/XKoren-RCBO-scaled.jpg\" \/>\n\t<meta property=\"og:image:width\" content=\"1811\" \/>\n\t<meta property=\"og:image:height\" content=\"2560\" \/>\n\t<meta property=\"og:image:type\" content=\"image\/jpeg\" \/>\n<meta name=\"twitter:card\" content=\"summary_large_image\" \/>\n<script type=\"application\/ld+json\" class=\"yoast-schema-graph\">{\"@context\":\"https:\\\/\\\/schema.org\",\"@graph\":[{\"@type\":\"WebPage\",\"@id\":\"https:\\\/\\\/www.sorelektrik.com\\\/index.php\\\/urun\\\/xkoren-rcbo\\\/\",\"url\":\"https:\\\/\\\/www.sorelektrik.com\\\/index.php\\\/urun\\\/xkoren-rcbo\\\/\",\"name\":\"XKoren RCBO - Sor Elektrik\",\"isPartOf\":{\"@id\":\"https:\\\/\\\/www.sorelektrik.com\\\/#website\"},\"primaryImageOfPage\":{\"@id\":\"https:\\\/\\\/www.sorelektrik.com\\\/index.php\\\/urun\\\/xkoren-rcbo\\\/#primaryimage\"},\"image\":{\"@id\":\"https:\\\/\\\/www.sorelektrik.com\\\/index.php\\\/urun\\\/xkoren-rcbo\\\/#primaryimage\"},\"thumbnailUrl\":\"https:\\\/\\\/www.sorelektrik.com\\\/wp-content\\\/uploads\\\/2023\\\/09\\\/XKoren-RCBO-scaled.jpg\",\"datePublished\":\"2023-09-13T07:18:29+00:00\",\"dateModified\":\"2023-09-13T07:18:30+00:00\",\"breadcrumb\":{\"@id\":\"https:\\\/\\\/www.sorelektrik.com\\\/index.php\\\/urun\\\/xkoren-rcbo\\\/#breadcrumb\"},\"inLanguage\":\"tr\",\"potentialAction\":[{\"@type\":\"ReadAction\",\"target\":[\"https:\\\/\\\/www.sorelektrik.com\\\/index.php\\\/urun\\\/xkoren-rcbo\\\/\"]}]},{\"@type\":\"ImageObject\",\"inLanguage\":\"tr\",\"@id\":\"https:\\\/\\\/www.sorelektrik.com\\\/index.php\\\/urun\\\/xkoren-rcbo\\\/#primaryimage\",\"url\":\"https:\\\/\\\/www.sorelektrik.com\\\/wp-content\\\/uploads\\\/2023\\\/09\\\/XKoren-RCBO-scaled.jpg\",\"contentUrl\":\"https:\\\/\\\/www.sorelektrik.com\\\/wp-content\\\/uploads\\\/2023\\\/09\\\/XKoren-RCBO-scaled.jpg\",\"width\":1811,\"height\":2560},{\"@type\":\"BreadcrumbList\",\"@id\":\"https:\\\/\\\/www.sorelektrik.com\\\/index.php\\\/urun\\\/xkoren-rcbo\\\/#breadcrumb\",\"itemListElement\":[{\"@type\":\"ListItem\",\"position\":1,\"name\":\"Anasayfa\",\"item\":\"https:\\\/\\\/www.sorelektrik.com\\\/\"},{\"@type\":\"ListItem\",\"position\":2,\"name\":\"\u00dcr\u00fcnlerimiz\",\"item\":\"https:\\\/\\\/www.sorelektrik.com\\\/index.php\\\/urunlerimiz\\\/\"},{\"@type\":\"ListItem\",\"position\":3,\"name\":\"XKoren RCBO\"}]},{\"@type\":\"WebSite\",\"@id\":\"https:\\\/\\\/www.sorelektrik.com\\\/#website\",\"url\":\"https:\\\/\\\/www.sorelektrik.com\\\/\",\"name\":\"Sor Elektrik\",\"description\":\"Kalite Hi\u00e7bir Zaman Tesad\u00fcf De\u011fildir\",\"publisher\":{\"@id\":\"https:\\\/\\\/www.sorelektrik.com\\\/#organization\"},\"alternateName\":\"http:\\\/\\\/www.sorelektrik.com\\\/\",\"potentialAction\":[{\"@type\":\"SearchAction\",\"target\":{\"@type\":\"EntryPoint\",\"urlTemplate\":\"https:\\\/\\\/www.sorelektrik.com\\\/?s={search_term_string}\"},\"query-input\":{\"@type\":\"PropertyValueSpecification\",\"valueRequired\":true,\"valueName\":\"search_term_string\"}}],\"inLanguage\":\"tr\"},{\"@type\":\"Organization\",\"@id\":\"https:\\\/\\\/www.sorelektrik.com\\\/#organization\",\"name\":\"Sor Elektrik\",\"alternateName\":\"http:\\\/\\\/www.sorelektrik.com\\\/\",\"url\":\"https:\\\/\\\/www.sorelektrik.com\\\/\",\"logo\":{\"@type\":\"ImageObject\",\"inLanguage\":\"tr\",\"@id\":\"https:\\\/\\\/www.sorelektrik.com\\\/#\\\/schema\\\/logo\\\/image\\\/\",\"url\":\"http:\\\/\\\/www.sorelektrik.com\\\/wp-content\\\/uploads\\\/2023\\\/09\\\/sorlogoicon_Calisma-Yuzeyi-1.png\",\"contentUrl\":\"http:\\\/\\\/www.sorelektrik.com\\\/wp-content\\\/uploads\\\/2023\\\/09\\\/sorlogoicon_Calisma-Yuzeyi-1.png\",\"width\":2134,\"height\":2134,\"caption\":\"Sor Elektrik\"},\"image\":{\"@id\":\"https:\\\/\\\/www.sorelektrik.com\\\/#\\\/schema\\\/logo\\\/image\\\/\"}}]}<\/script>\n<!-- \/ Yoast SEO plugin. -->","yoast_head_json":{"title":"XKoren RCBO - Sor Elektrik","robots":{"index":"index","follow":"follow","max-snippet":"max-snippet:-1","max-image-preview":"max-image-preview:large","max-video-preview":"max-video-preview:-1"},"canonical":"https:\/\/www.sorelektrik.com\/index.php\/urun\/xkoren-rcbo\/","og_locale":"tr_TR","og_type":"article","og_title":"XKoren RCBO - Sor Elektrik","og_description":"XKoren, XKRS10-AC serisi ka\u00e7ak ak\u0131m koruma anahtarlar\u0131, do\u011frudan veya dolayl\u0131 temaslar sonucunda ka\u00e7ak ak\u0131m olu\u015fturan elektriksel cihazlarda ve elektrik enerjisinin iletildi\u011fi iletkenlerde insan hayat\u0131n\u0131 korur. XKoreno Ka\u00e7ak ak\u0131m korumal\u0131 otomatik sigortalar;  \u25a0 10kA AC tip olarak 30mA, 100mA ve 300mA olarak 3 farkl\u0131 ka\u00e7ak ak\u0131m e\u015fik de\u011ferine g\u00f6re \u00fcretilirler \u25a0 6A den 40 A e kadar hem ka\u00e7ak ak\u0131m koruma (AC tip), hem de a\u015f\u0131r\u0131 y\u00fck ve k\u0131sa devre ak\u0131mlar\u0131na kar\u015f\u0131 (C tip) koruma konusunda kompakt pratik bir \u00fcr\u00fcnd\u00fcr.","og_url":"https:\/\/www.sorelektrik.com\/index.php\/urun\/xkoren-rcbo\/","og_site_name":"Sor Elektrik","article_modified_time":"2023-09-13T07:18:30+00:00","og_image":[{"width":1811,"height":2560,"url":"https:\/\/www.sorelektrik.com\/wp-content\/uploads\/2023\/09\/XKoren-RCBO-scaled.jpg","type":"image\/jpeg"}],"twitter_card":"summary_large_image","schema":{"@context":"https:\/\/schema.org","@graph":[{"@type":"WebPage","@id":"https:\/\/www.sorelektrik.com\/index.php\/urun\/xkoren-rcbo\/","url":"https:\/\/www.sorelektrik.com\/index.php\/urun\/xkoren-rcbo\/","name":"XKoren RCBO - Sor Elektrik","isPartOf":{"@id":"https:\/\/www.sorelektrik.com\/#website"},"primaryImageOfPage":{"@id":"https:\/\/www.sorelektrik.com\/index.php\/urun\/xkoren-rcbo\/#primaryimage"},"image":{"@id":"https:\/\/www.sorelektrik.com\/index.php\/urun\/xkoren-rcbo\/#primaryimage"},"thumbnailUrl":"https:\/\/www.sorelektrik.com\/wp-content\/uploads\/2023\/09\/XKoren-RCBO-scaled.jpg","datePublished":"2023-09-13T07:18:29+00:00","dateModified":"2023-09-13T07:18:30+00:00","breadcrumb":{"@id":"https:\/\/www.sorelektrik.com\/index.php\/urun\/xkoren-rcbo\/#breadcrumb"},"inLanguage":"tr","potentialAction":[{"@type":"ReadAction","target":["https:\/\/www.sorelektrik.com\/index.php\/urun\/xkoren-rcbo\/"]}]},{"@type":"ImageObject","inLanguage":"tr","@id":"https:\/\/www.sorelektrik.com\/index.php\/urun\/xkoren-rcbo\/#primaryimage","url":"https:\/\/www.sorelektrik.com\/wp-content\/uploads\/2023\/09\/XKoren-RCBO-scaled.jpg","contentUrl":"https:\/\/www.sorelektrik.com\/wp-content\/uploads\/2023\/09\/XKoren-RCBO-scaled.jpg","width":1811,"height":2560},{"@type":"BreadcrumbList","@id":"https:\/\/www.sorelektrik.com\/index.php\/urun\/xkoren-rcbo\/#breadcrumb","itemListElement":[{"@type":"ListItem","position":1,"name":"Anasayfa","item":"https:\/\/www.sorelektrik.com\/"},{"@type":"ListItem","position":2,"name":"\u00dcr\u00fcnlerimiz","item":"https:\/\/www.sorelektrik.com\/index.php\/urunlerimiz\/"},{"@type":"ListItem","position":3,"name":"XKoren RCBO"}]},{"@type":"WebSite","@id":"https:\/\/www.sorelektrik.com\/#website","url":"https:\/\/www.sorelektrik.com\/","name":"Sor Elektrik","description":"Kalite Hi\u00e7bir Zaman Tesad\u00fcf De\u011fildir","publisher":{"@id":"https:\/\/www.sorelektrik.com\/#organization"},"alternateName":"http:\/\/www.sorelektrik.com\/","potentialAction":[{"@type":"SearchAction","target":{"@type":"EntryPoint","urlTemplate":"https:\/\/www.sorelektrik.com\/?s={search_term_string}"},"query-input":{"@type":"PropertyValueSpecification","valueRequired":true,"valueName":"search_term_string"}}],"inLanguage":"tr"},{"@type":"Organization","@id":"https:\/\/www.sorelektrik.com\/#organization","name":"Sor Elektrik","alternateName":"http:\/\/www.sorelektrik.com\/","url":"https:\/\/www.sorelektrik.com\/","logo":{"@type":"ImageObject","inLanguage":"tr","@id":"https:\/\/www.sorelektrik.com\/#\/schema\/logo\/image\/","url":"http:\/\/www.sorelektrik.com\/wp-content\/uploads\/2023\/09\/sorlogoicon_Calisma-Yuzeyi-1.png","contentUrl":"http:\/\/www.sorelektrik.com\/wp-content\/uploads\/2023\/09\/sorlogoicon_Calisma-Yuzeyi-1.png","width":2134,"height":2134,"caption":"Sor Elektrik"},"image":{"@id":"https:\/\/www.sorelektrik.com\/#\/schema\/logo\/image\/"}}]}},"_links":{"self":[{"href":"https:\/\/www.sorelektrik.com\/index.php\/wp-json\/wp\/v2\/product\/633","targetHints":{"allow":["GET"]}}],"collection":[{"href":"https:\/\/www.sorelektrik.com\/index.php\/wp-json\/wp\/v2\/product"}],"about":[{"href":"https:\/\/www.sorelektrik.com\/index.php\/wp-json\/wp\/v2\/types\/product"}],"replies":[{"embeddable":true,"href":"https:\/\/www.sorelektrik.com\/index.php\/wp-json\/wp\/v2\/comments?post=633"}],"wp:featuredmedia":[{"embeddable":true,"href":"https:\/\/www.sorelektrik.com\/index.php\/wp-json\/wp\/v2\/media\/634"}],"wp:attachment":[{"href":"https:\/\/www.sorelektrik.com\/index.php\/wp-json\/wp\/v2\/media?parent=633"}],"wp:term":[{"taxonomy":"product_brand","embeddable":true,"href":"https:\/\/www.sorelektrik.com\/index.php\/wp-json\/wp\/v2\/product_brand?post=633"},{"taxonomy":"product_cat","embeddable":true,"href":"https:\/\/www.sorelektrik.com\/index.php\/wp-json\/wp\/v2\/product_cat?post=633"},{"taxonomy":"product_tag","embeddable":true,"href":"https:\/\/www.sorelektrik.com\/index.php\/wp-json\/wp\/v2\/product_tag?post=633"}],"curies":[{"name":"wp","href":"https:\/\/api.w.org\/{rel}","templated":true}]}}