{"id":647,"date":"2023-09-13T10:33:01","date_gmt":"2023-09-13T07:33:01","guid":{"rendered":"http:\/\/www.sorelektrik.com\/?post_type=product&#038;p=647"},"modified":"2023-09-13T10:33:03","modified_gmt":"2023-09-13T07:33:03","slug":"xtr-100k-3","status":"publish","type":"product","link":"https:\/\/www.sorelektrik.com\/index.php\/urun\/xtr-100k-3\/","title":{"rendered":"XTR 100k"},"content":{"rendered":"","protected":false},"excerpt":{"rendered":"<p>Elektromanyetik bobin kuvvetiyle kapanan ve yay kuvvetiyle a\u00e7\u0131lan \u015falta kontakt\u00f6r denir. XKoren electrik kontakt\u00f6r \u00fczeri termik r\u00f6leler, g\u00fc\u00e7 devrelerini anahtarlamak i\u00e7in kullan\u0131l\u0131rlar. Termik r\u00f6leler, asenkron motorlar\u0131n ak\u0131m zaman karakteristi\u011fine uygun olarak, a\u015f\u0131r\u0131 y\u00fck ak\u0131mlar\u0131na kar\u015f\u0131 korumak i\u00e7in tasarlanan elemanlard\u0131r. Raylar \u00fczerine montaj edilebilir.<\/p>\n<p>9A\u2019 den 1000A\u2019e kadar,<br \/>\n\u25a0 3P<br \/>\n\u25a0 4P AC 220C<br \/>\n\u25a0 AC\/DC 24V<br \/>\n\u25a0 1C\/DC 48V<br \/>\n\u25a0 Termik ayar sahas\u0131 0,1A ile 16A aras\u0131nda kademeli \u00fcr\u00fcnlerini kapsamaktad\u0131r.<\/p>\n<p>Aksesuarlar:<br \/>\n\u25a0 Raya takma aparat\u0131<\/p>\n","protected":false},"featured_media":648,"comment_status":"closed","ping_status":"closed","template":"","meta":[],"product_brand":[],"product_cat":[46],"product_tag":[],"class_list":{"0":"post-647","1":"product","2":"type-product","3":"status-publish","4":"has-post-thumbnail","6":"product_cat-guc-kontaktorleri-termik-roleler","8":"first","9":"instock","10":"shipping-taxable","11":"product-type-simple"},"yoast_head":"<!-- This site is optimized with the Yoast SEO plugin v27.5 - https:\/\/yoast.com\/product\/yoast-seo-wordpress\/ -->\n<title>XTR 100k - Sor Elektrik<\/title>\n<meta name=\"robots\" content=\"index, follow, max-snippet:-1, max-image-preview:large, max-video-preview:-1\" \/>\n<link rel=\"canonical\" href=\"https:\/\/www.sorelektrik.com\/index.php\/urun\/xtr-100k-3\/\" \/>\n<meta property=\"og:locale\" content=\"tr_TR\" \/>\n<meta property=\"og:type\" content=\"article\" \/>\n<meta property=\"og:title\" content=\"XTR 100k - Sor Elektrik\" \/>\n<meta property=\"og:description\" content=\"Elektromanyetik bobin kuvvetiyle kapanan ve yay kuvvetiyle a\u00e7\u0131lan \u015falta kontakt\u00f6r denir. XKoren electrik kontakt\u00f6r \u00fczeri termik r\u00f6leler, g\u00fc\u00e7 devrelerini anahtarlamak i\u00e7in kullan\u0131l\u0131rlar. Termik r\u00f6leler, asenkron motorlar\u0131n ak\u0131m zaman karakteristi\u011fine uygun olarak, a\u015f\u0131r\u0131 y\u00fck ak\u0131mlar\u0131na kar\u015f\u0131 korumak i\u00e7in tasarlanan elemanlard\u0131r. Raylar \u00fczerine montaj edilebilir.  9A\u2019 den 1000A\u2019e kadar, \u25a0 3P \u25a0 4P AC 220C \u25a0 AC\/DC 24V \u25a0 1C\/DC 48V \u25a0 Termik ayar sahas\u0131 0,1A ile 16A aras\u0131nda kademeli \u00fcr\u00fcnlerini kapsamaktad\u0131r.  Aksesuarlar: \u25a0 Raya takma aparat\u0131\" \/>\n<meta property=\"og:url\" content=\"https:\/\/www.sorelektrik.com\/index.php\/urun\/xtr-100k-3\/\" \/>\n<meta property=\"og:site_name\" content=\"Sor Elektrik\" \/>\n<meta property=\"article:modified_time\" content=\"2023-09-13T07:33:03+00:00\" \/>\n<meta property=\"og:image\" content=\"https:\/\/www.sorelektrik.com\/wp-content\/uploads\/2023\/09\/xtr-100k.png\" \/>\n\t<meta property=\"og:image:width\" content=\"900\" \/>\n\t<meta property=\"og:image:height\" content=\"900\" \/>\n\t<meta property=\"og:image:type\" content=\"image\/png\" \/>\n<meta name=\"twitter:card\" content=\"summary_large_image\" \/>\n<script type=\"application\/ld+json\" class=\"yoast-schema-graph\">{\"@context\":\"https:\\\/\\\/schema.org\",\"@graph\":[{\"@type\":\"WebPage\",\"@id\":\"https:\\\/\\\/www.sorelektrik.com\\\/index.php\\\/urun\\\/xtr-100k-3\\\/\",\"url\":\"https:\\\/\\\/www.sorelektrik.com\\\/index.php\\\/urun\\\/xtr-100k-3\\\/\",\"name\":\"XTR 100k - Sor Elektrik\",\"isPartOf\":{\"@id\":\"https:\\\/\\\/www.sorelektrik.com\\\/#website\"},\"primaryImageOfPage\":{\"@id\":\"https:\\\/\\\/www.sorelektrik.com\\\/index.php\\\/urun\\\/xtr-100k-3\\\/#primaryimage\"},\"image\":{\"@id\":\"https:\\\/\\\/www.sorelektrik.com\\\/index.php\\\/urun\\\/xtr-100k-3\\\/#primaryimage\"},\"thumbnailUrl\":\"https:\\\/\\\/www.sorelektrik.com\\\/wp-content\\\/uploads\\\/2023\\\/09\\\/xtr-100k.png\",\"datePublished\":\"2023-09-13T07:33:01+00:00\",\"dateModified\":\"2023-09-13T07:33:03+00:00\",\"breadcrumb\":{\"@id\":\"https:\\\/\\\/www.sorelektrik.com\\\/index.php\\\/urun\\\/xtr-100k-3\\\/#breadcrumb\"},\"inLanguage\":\"tr\",\"potentialAction\":[{\"@type\":\"ReadAction\",\"target\":[\"https:\\\/\\\/www.sorelektrik.com\\\/index.php\\\/urun\\\/xtr-100k-3\\\/\"]}]},{\"@type\":\"ImageObject\",\"inLanguage\":\"tr\",\"@id\":\"https:\\\/\\\/www.sorelektrik.com\\\/index.php\\\/urun\\\/xtr-100k-3\\\/#primaryimage\",\"url\":\"https:\\\/\\\/www.sorelektrik.com\\\/wp-content\\\/uploads\\\/2023\\\/09\\\/xtr-100k.png\",\"contentUrl\":\"https:\\\/\\\/www.sorelektrik.com\\\/wp-content\\\/uploads\\\/2023\\\/09\\\/xtr-100k.png\",\"width\":900,\"height\":900},{\"@type\":\"BreadcrumbList\",\"@id\":\"https:\\\/\\\/www.sorelektrik.com\\\/index.php\\\/urun\\\/xtr-100k-3\\\/#breadcrumb\",\"itemListElement\":[{\"@type\":\"ListItem\",\"position\":1,\"name\":\"Anasayfa\",\"item\":\"https:\\\/\\\/www.sorelektrik.com\\\/\"},{\"@type\":\"ListItem\",\"position\":2,\"name\":\"\u00dcr\u00fcnlerimiz\",\"item\":\"https:\\\/\\\/www.sorelektrik.com\\\/index.php\\\/urunlerimiz\\\/\"},{\"@type\":\"ListItem\",\"position\":3,\"name\":\"XTR 100k\"}]},{\"@type\":\"WebSite\",\"@id\":\"https:\\\/\\\/www.sorelektrik.com\\\/#website\",\"url\":\"https:\\\/\\\/www.sorelektrik.com\\\/\",\"name\":\"Sor Elektrik\",\"description\":\"Kalite Hi\u00e7bir Zaman Tesad\u00fcf De\u011fildir\",\"publisher\":{\"@id\":\"https:\\\/\\\/www.sorelektrik.com\\\/#organization\"},\"alternateName\":\"http:\\\/\\\/www.sorelektrik.com\\\/\",\"potentialAction\":[{\"@type\":\"SearchAction\",\"target\":{\"@type\":\"EntryPoint\",\"urlTemplate\":\"https:\\\/\\\/www.sorelektrik.com\\\/?s={search_term_string}\"},\"query-input\":{\"@type\":\"PropertyValueSpecification\",\"valueRequired\":true,\"valueName\":\"search_term_string\"}}],\"inLanguage\":\"tr\"},{\"@type\":\"Organization\",\"@id\":\"https:\\\/\\\/www.sorelektrik.com\\\/#organization\",\"name\":\"Sor Elektrik\",\"alternateName\":\"http:\\\/\\\/www.sorelektrik.com\\\/\",\"url\":\"https:\\\/\\\/www.sorelektrik.com\\\/\",\"logo\":{\"@type\":\"ImageObject\",\"inLanguage\":\"tr\",\"@id\":\"https:\\\/\\\/www.sorelektrik.com\\\/#\\\/schema\\\/logo\\\/image\\\/\",\"url\":\"http:\\\/\\\/www.sorelektrik.com\\\/wp-content\\\/uploads\\\/2023\\\/09\\\/sorlogoicon_Calisma-Yuzeyi-1.png\",\"contentUrl\":\"http:\\\/\\\/www.sorelektrik.com\\\/wp-content\\\/uploads\\\/2023\\\/09\\\/sorlogoicon_Calisma-Yuzeyi-1.png\",\"width\":2134,\"height\":2134,\"caption\":\"Sor Elektrik\"},\"image\":{\"@id\":\"https:\\\/\\\/www.sorelektrik.com\\\/#\\\/schema\\\/logo\\\/image\\\/\"}}]}<\/script>\n<!-- \/ Yoast SEO plugin. -->","yoast_head_json":{"title":"XTR 100k - Sor Elektrik","robots":{"index":"index","follow":"follow","max-snippet":"max-snippet:-1","max-image-preview":"max-image-preview:large","max-video-preview":"max-video-preview:-1"},"canonical":"https:\/\/www.sorelektrik.com\/index.php\/urun\/xtr-100k-3\/","og_locale":"tr_TR","og_type":"article","og_title":"XTR 100k - Sor Elektrik","og_description":"Elektromanyetik bobin kuvvetiyle kapanan ve yay kuvvetiyle a\u00e7\u0131lan \u015falta kontakt\u00f6r denir. XKoren electrik kontakt\u00f6r \u00fczeri termik r\u00f6leler, g\u00fc\u00e7 devrelerini anahtarlamak i\u00e7in kullan\u0131l\u0131rlar. Termik r\u00f6leler, asenkron motorlar\u0131n ak\u0131m zaman karakteristi\u011fine uygun olarak, a\u015f\u0131r\u0131 y\u00fck ak\u0131mlar\u0131na kar\u015f\u0131 korumak i\u00e7in tasarlanan elemanlard\u0131r. Raylar \u00fczerine montaj edilebilir.  9A\u2019 den 1000A\u2019e kadar, \u25a0 3P \u25a0 4P AC 220C \u25a0 AC\/DC 24V \u25a0 1C\/DC 48V \u25a0 Termik ayar sahas\u0131 0,1A ile 16A aras\u0131nda kademeli \u00fcr\u00fcnlerini kapsamaktad\u0131r.  Aksesuarlar: \u25a0 Raya takma aparat\u0131","og_url":"https:\/\/www.sorelektrik.com\/index.php\/urun\/xtr-100k-3\/","og_site_name":"Sor Elektrik","article_modified_time":"2023-09-13T07:33:03+00:00","og_image":[{"width":900,"height":900,"url":"https:\/\/www.sorelektrik.com\/wp-content\/uploads\/2023\/09\/xtr-100k.png","type":"image\/png"}],"twitter_card":"summary_large_image","schema":{"@context":"https:\/\/schema.org","@graph":[{"@type":"WebPage","@id":"https:\/\/www.sorelektrik.com\/index.php\/urun\/xtr-100k-3\/","url":"https:\/\/www.sorelektrik.com\/index.php\/urun\/xtr-100k-3\/","name":"XTR 100k - Sor Elektrik","isPartOf":{"@id":"https:\/\/www.sorelektrik.com\/#website"},"primaryImageOfPage":{"@id":"https:\/\/www.sorelektrik.com\/index.php\/urun\/xtr-100k-3\/#primaryimage"},"image":{"@id":"https:\/\/www.sorelektrik.com\/index.php\/urun\/xtr-100k-3\/#primaryimage"},"thumbnailUrl":"https:\/\/www.sorelektrik.com\/wp-content\/uploads\/2023\/09\/xtr-100k.png","datePublished":"2023-09-13T07:33:01+00:00","dateModified":"2023-09-13T07:33:03+00:00","breadcrumb":{"@id":"https:\/\/www.sorelektrik.com\/index.php\/urun\/xtr-100k-3\/#breadcrumb"},"inLanguage":"tr","potentialAction":[{"@type":"ReadAction","target":["https:\/\/www.sorelektrik.com\/index.php\/urun\/xtr-100k-3\/"]}]},{"@type":"ImageObject","inLanguage":"tr","@id":"https:\/\/www.sorelektrik.com\/index.php\/urun\/xtr-100k-3\/#primaryimage","url":"https:\/\/www.sorelektrik.com\/wp-content\/uploads\/2023\/09\/xtr-100k.png","contentUrl":"https:\/\/www.sorelektrik.com\/wp-content\/uploads\/2023\/09\/xtr-100k.png","width":900,"height":900},{"@type":"BreadcrumbList","@id":"https:\/\/www.sorelektrik.com\/index.php\/urun\/xtr-100k-3\/#breadcrumb","itemListElement":[{"@type":"ListItem","position":1,"name":"Anasayfa","item":"https:\/\/www.sorelektrik.com\/"},{"@type":"ListItem","position":2,"name":"\u00dcr\u00fcnlerimiz","item":"https:\/\/www.sorelektrik.com\/index.php\/urunlerimiz\/"},{"@type":"ListItem","position":3,"name":"XTR 100k"}]},{"@type":"WebSite","@id":"https:\/\/www.sorelektrik.com\/#website","url":"https:\/\/www.sorelektrik.com\/","name":"Sor Elektrik","description":"Kalite Hi\u00e7bir Zaman Tesad\u00fcf De\u011fildir","publisher":{"@id":"https:\/\/www.sorelektrik.com\/#organization"},"alternateName":"http:\/\/www.sorelektrik.com\/","potentialAction":[{"@type":"SearchAction","target":{"@type":"EntryPoint","urlTemplate":"https:\/\/www.sorelektrik.com\/?s={search_term_string}"},"query-input":{"@type":"PropertyValueSpecification","valueRequired":true,"valueName":"search_term_string"}}],"inLanguage":"tr"},{"@type":"Organization","@id":"https:\/\/www.sorelektrik.com\/#organization","name":"Sor Elektrik","alternateName":"http:\/\/www.sorelektrik.com\/","url":"https:\/\/www.sorelektrik.com\/","logo":{"@type":"ImageObject","inLanguage":"tr","@id":"https:\/\/www.sorelektrik.com\/#\/schema\/logo\/image\/","url":"http:\/\/www.sorelektrik.com\/wp-content\/uploads\/2023\/09\/sorlogoicon_Calisma-Yuzeyi-1.png","contentUrl":"http:\/\/www.sorelektrik.com\/wp-content\/uploads\/2023\/09\/sorlogoicon_Calisma-Yuzeyi-1.png","width":2134,"height":2134,"caption":"Sor Elektrik"},"image":{"@id":"https:\/\/www.sorelektrik.com\/#\/schema\/logo\/image\/"}}]}},"_links":{"self":[{"href":"https:\/\/www.sorelektrik.com\/index.php\/wp-json\/wp\/v2\/product\/647","targetHints":{"allow":["GET"]}}],"collection":[{"href":"https:\/\/www.sorelektrik.com\/index.php\/wp-json\/wp\/v2\/product"}],"about":[{"href":"https:\/\/www.sorelektrik.com\/index.php\/wp-json\/wp\/v2\/types\/product"}],"replies":[{"embeddable":true,"href":"https:\/\/www.sorelektrik.com\/index.php\/wp-json\/wp\/v2\/comments?post=647"}],"wp:featuredmedia":[{"embeddable":true,"href":"https:\/\/www.sorelektrik.com\/index.php\/wp-json\/wp\/v2\/media\/648"}],"wp:attachment":[{"href":"https:\/\/www.sorelektrik.com\/index.php\/wp-json\/wp\/v2\/media?parent=647"}],"wp:term":[{"taxonomy":"product_brand","embeddable":true,"href":"https:\/\/www.sorelektrik.com\/index.php\/wp-json\/wp\/v2\/product_brand?post=647"},{"taxonomy":"product_cat","embeddable":true,"href":"https:\/\/www.sorelektrik.com\/index.php\/wp-json\/wp\/v2\/product_cat?post=647"},{"taxonomy":"product_tag","embeddable":true,"href":"https:\/\/www.sorelektrik.com\/index.php\/wp-json\/wp\/v2\/product_tag?post=647"}],"curies":[{"name":"wp","href":"https:\/\/api.w.org\/{rel}","templated":true}]}}