{"id":668,"date":"2023-09-13T10:52:10","date_gmt":"2023-09-13T07:52:10","guid":{"rendered":"http:\/\/www.sorelektrik.com\/?post_type=product&#038;p=668"},"modified":"2023-09-13T10:52:11","modified_gmt":"2023-09-13T07:52:11","slug":"xmc-12m","status":"publish","type":"product","link":"https:\/\/www.sorelektrik.com\/index.php\/urun\/xmc-12m\/","title":{"rendered":"XMC 12M"},"content":{"rendered":"","protected":false},"excerpt":{"rendered":"<p>Kaplanan yerden tasarruf, esneklik, rahatl\u0131k ve kolay kablolama imkan\u0131 sunarlar. Y\u00fcksek \u0131s\u0131ya dayan\u0131kl\u0131 \u00e7al\u0131\u015fma olana\u011f\u0131 verir. Kontakt\u00f6rleri kontrol etmek, korumak ve anahtarlamak i\u00e7in uygundur.<\/p>\n<p>Avantajlar:<br \/>\nY\u00fcksek yo\u011funluklu g\u00fc\u00e7, d\u00fc\u015f\u00fck t\u00fcketim g\u00fcc\u00fc, panel boyutunu kaydetme, geleneksel olarak DC ile \u00e7al\u0131\u015ft\u0131r\u0131lan kontakt\u00f6rlere g\u00f6re kurulum alan\u0131n\u0131 %50 azalt\u0131r.<\/p>\n<p>TEKN\u0130K \u00d6ZELL\u0130KLER<\/p>\n<p>\u25a0 AC Bobin 220V<br \/>\n\u25a0 DC Bobin 24V<br \/>\n\u25a0 \u00c7er\u00e7eve \u00f6l\u00e7\u00fcleri 6, 9, 12 ve 16A<br \/>\n\u25a0 Ayar aral\u0131klar\u0131 0,1A ile 16A aras\u0131nda kademelidir<br \/>\n\u25a0 16 A\u2019 kadar 7,5 kW<br \/>\n\u25a0 Bobin gerilimi 24V, 42V, 48V, 110V, 230VAC olarak se\u00e7ilebilir<br \/>\n\u25a0 Standart 1NA veya 1NK yard\u0131mc\u0131 kontak, opsiyonel yard\u0131mc\u0131 kontak blo\u011fu (2NA+2NK, 3NA+1NK, 4NA, 4NK)<\/p>\n","protected":false},"featured_media":669,"comment_status":"closed","ping_status":"closed","template":"","meta":[],"product_brand":[],"product_cat":[47],"product_tag":[],"class_list":{"0":"post-668","1":"product","2":"type-product","3":"status-publish","4":"has-post-thumbnail","6":"product_cat-mini-kontaktorler-termik-roleler","8":"first","9":"instock","10":"shipping-taxable","11":"product-type-simple"},"yoast_head":"<!-- This site is optimized with the Yoast SEO plugin v27.5 - https:\/\/yoast.com\/product\/yoast-seo-wordpress\/ -->\n<title>XMC 12M - Sor Elektrik<\/title>\n<meta name=\"robots\" content=\"index, follow, max-snippet:-1, max-image-preview:large, max-video-preview:-1\" \/>\n<link rel=\"canonical\" href=\"https:\/\/www.sorelektrik.com\/index.php\/urun\/xmc-12m\/\" \/>\n<meta property=\"og:locale\" content=\"tr_TR\" \/>\n<meta property=\"og:type\" content=\"article\" \/>\n<meta property=\"og:title\" content=\"XMC 12M - Sor Elektrik\" \/>\n<meta property=\"og:description\" content=\"Kaplanan yerden tasarruf, esneklik, rahatl\u0131k ve kolay kablolama imkan\u0131 sunarlar. Y\u00fcksek \u0131s\u0131ya dayan\u0131kl\u0131 \u00e7al\u0131\u015fma olana\u011f\u0131 verir. Kontakt\u00f6rleri kontrol etmek, korumak ve anahtarlamak i\u00e7in uygundur.  Avantajlar: Y\u00fcksek yo\u011funluklu g\u00fc\u00e7, d\u00fc\u015f\u00fck t\u00fcketim g\u00fcc\u00fc, panel boyutunu kaydetme, geleneksel olarak DC ile \u00e7al\u0131\u015ft\u0131r\u0131lan kontakt\u00f6rlere g\u00f6re kurulum alan\u0131n\u0131 %50 azalt\u0131r.  TEKN\u0130K \u00d6ZELL\u0130KLER  \u25a0 AC Bobin 220V \u25a0 DC Bobin 24V \u25a0 \u00c7er\u00e7eve \u00f6l\u00e7\u00fcleri 6, 9, 12 ve 16A \u25a0 Ayar aral\u0131klar\u0131 0,1A ile 16A aras\u0131nda kademelidir \u25a0 16 A\u2019 kadar 7,5 kW \u25a0 Bobin gerilimi 24V, 42V, 48V, 110V, 230VAC olarak se\u00e7ilebilir \u25a0 Standart 1NA veya 1NK yard\u0131mc\u0131 kontak, opsiyonel yard\u0131mc\u0131 kontak blo\u011fu (2NA+2NK, 3NA+1NK, 4NA, 4NK)\" \/>\n<meta property=\"og:url\" content=\"https:\/\/www.sorelektrik.com\/index.php\/urun\/xmc-12m\/\" \/>\n<meta property=\"og:site_name\" content=\"Sor Elektrik\" \/>\n<meta property=\"article:modified_time\" content=\"2023-09-13T07:52:11+00:00\" \/>\n<meta property=\"og:image\" content=\"https:\/\/www.sorelektrik.com\/wp-content\/uploads\/2023\/09\/XMC-12M.png\" \/>\n\t<meta property=\"og:image:width\" content=\"900\" \/>\n\t<meta property=\"og:image:height\" content=\"900\" \/>\n\t<meta property=\"og:image:type\" content=\"image\/png\" \/>\n<meta name=\"twitter:card\" content=\"summary_large_image\" \/>\n<script type=\"application\/ld+json\" class=\"yoast-schema-graph\">{\"@context\":\"https:\\\/\\\/schema.org\",\"@graph\":[{\"@type\":\"WebPage\",\"@id\":\"https:\\\/\\\/www.sorelektrik.com\\\/index.php\\\/urun\\\/xmc-12m\\\/\",\"url\":\"https:\\\/\\\/www.sorelektrik.com\\\/index.php\\\/urun\\\/xmc-12m\\\/\",\"name\":\"XMC 12M - Sor Elektrik\",\"isPartOf\":{\"@id\":\"https:\\\/\\\/www.sorelektrik.com\\\/#website\"},\"primaryImageOfPage\":{\"@id\":\"https:\\\/\\\/www.sorelektrik.com\\\/index.php\\\/urun\\\/xmc-12m\\\/#primaryimage\"},\"image\":{\"@id\":\"https:\\\/\\\/www.sorelektrik.com\\\/index.php\\\/urun\\\/xmc-12m\\\/#primaryimage\"},\"thumbnailUrl\":\"https:\\\/\\\/www.sorelektrik.com\\\/wp-content\\\/uploads\\\/2023\\\/09\\\/XMC-12M.png\",\"datePublished\":\"2023-09-13T07:52:10+00:00\",\"dateModified\":\"2023-09-13T07:52:11+00:00\",\"breadcrumb\":{\"@id\":\"https:\\\/\\\/www.sorelektrik.com\\\/index.php\\\/urun\\\/xmc-12m\\\/#breadcrumb\"},\"inLanguage\":\"tr\",\"potentialAction\":[{\"@type\":\"ReadAction\",\"target\":[\"https:\\\/\\\/www.sorelektrik.com\\\/index.php\\\/urun\\\/xmc-12m\\\/\"]}]},{\"@type\":\"ImageObject\",\"inLanguage\":\"tr\",\"@id\":\"https:\\\/\\\/www.sorelektrik.com\\\/index.php\\\/urun\\\/xmc-12m\\\/#primaryimage\",\"url\":\"https:\\\/\\\/www.sorelektrik.com\\\/wp-content\\\/uploads\\\/2023\\\/09\\\/XMC-12M.png\",\"contentUrl\":\"https:\\\/\\\/www.sorelektrik.com\\\/wp-content\\\/uploads\\\/2023\\\/09\\\/XMC-12M.png\",\"width\":900,\"height\":900},{\"@type\":\"BreadcrumbList\",\"@id\":\"https:\\\/\\\/www.sorelektrik.com\\\/index.php\\\/urun\\\/xmc-12m\\\/#breadcrumb\",\"itemListElement\":[{\"@type\":\"ListItem\",\"position\":1,\"name\":\"Anasayfa\",\"item\":\"https:\\\/\\\/www.sorelektrik.com\\\/\"},{\"@type\":\"ListItem\",\"position\":2,\"name\":\"\u00dcr\u00fcnlerimiz\",\"item\":\"https:\\\/\\\/www.sorelektrik.com\\\/index.php\\\/urunlerimiz\\\/\"},{\"@type\":\"ListItem\",\"position\":3,\"name\":\"XMC 12M\"}]},{\"@type\":\"WebSite\",\"@id\":\"https:\\\/\\\/www.sorelektrik.com\\\/#website\",\"url\":\"https:\\\/\\\/www.sorelektrik.com\\\/\",\"name\":\"Sor Elektrik\",\"description\":\"Kalite Hi\u00e7bir Zaman Tesad\u00fcf De\u011fildir\",\"publisher\":{\"@id\":\"https:\\\/\\\/www.sorelektrik.com\\\/#organization\"},\"alternateName\":\"http:\\\/\\\/www.sorelektrik.com\\\/\",\"potentialAction\":[{\"@type\":\"SearchAction\",\"target\":{\"@type\":\"EntryPoint\",\"urlTemplate\":\"https:\\\/\\\/www.sorelektrik.com\\\/?s={search_term_string}\"},\"query-input\":{\"@type\":\"PropertyValueSpecification\",\"valueRequired\":true,\"valueName\":\"search_term_string\"}}],\"inLanguage\":\"tr\"},{\"@type\":\"Organization\",\"@id\":\"https:\\\/\\\/www.sorelektrik.com\\\/#organization\",\"name\":\"Sor Elektrik\",\"alternateName\":\"http:\\\/\\\/www.sorelektrik.com\\\/\",\"url\":\"https:\\\/\\\/www.sorelektrik.com\\\/\",\"logo\":{\"@type\":\"ImageObject\",\"inLanguage\":\"tr\",\"@id\":\"https:\\\/\\\/www.sorelektrik.com\\\/#\\\/schema\\\/logo\\\/image\\\/\",\"url\":\"http:\\\/\\\/www.sorelektrik.com\\\/wp-content\\\/uploads\\\/2023\\\/09\\\/sorlogoicon_Calisma-Yuzeyi-1.png\",\"contentUrl\":\"http:\\\/\\\/www.sorelektrik.com\\\/wp-content\\\/uploads\\\/2023\\\/09\\\/sorlogoicon_Calisma-Yuzeyi-1.png\",\"width\":2134,\"height\":2134,\"caption\":\"Sor Elektrik\"},\"image\":{\"@id\":\"https:\\\/\\\/www.sorelektrik.com\\\/#\\\/schema\\\/logo\\\/image\\\/\"}}]}<\/script>\n<!-- \/ Yoast SEO plugin. -->","yoast_head_json":{"title":"XMC 12M - Sor Elektrik","robots":{"index":"index","follow":"follow","max-snippet":"max-snippet:-1","max-image-preview":"max-image-preview:large","max-video-preview":"max-video-preview:-1"},"canonical":"https:\/\/www.sorelektrik.com\/index.php\/urun\/xmc-12m\/","og_locale":"tr_TR","og_type":"article","og_title":"XMC 12M - Sor Elektrik","og_description":"Kaplanan yerden tasarruf, esneklik, rahatl\u0131k ve kolay kablolama imkan\u0131 sunarlar. Y\u00fcksek \u0131s\u0131ya dayan\u0131kl\u0131 \u00e7al\u0131\u015fma olana\u011f\u0131 verir. Kontakt\u00f6rleri kontrol etmek, korumak ve anahtarlamak i\u00e7in uygundur.  Avantajlar: Y\u00fcksek yo\u011funluklu g\u00fc\u00e7, d\u00fc\u015f\u00fck t\u00fcketim g\u00fcc\u00fc, panel boyutunu kaydetme, geleneksel olarak DC ile \u00e7al\u0131\u015ft\u0131r\u0131lan kontakt\u00f6rlere g\u00f6re kurulum alan\u0131n\u0131 %50 azalt\u0131r.  TEKN\u0130K \u00d6ZELL\u0130KLER  \u25a0 AC Bobin 220V \u25a0 DC Bobin 24V \u25a0 \u00c7er\u00e7eve \u00f6l\u00e7\u00fcleri 6, 9, 12 ve 16A \u25a0 Ayar aral\u0131klar\u0131 0,1A ile 16A aras\u0131nda kademelidir \u25a0 16 A\u2019 kadar 7,5 kW \u25a0 Bobin gerilimi 24V, 42V, 48V, 110V, 230VAC olarak se\u00e7ilebilir \u25a0 Standart 1NA veya 1NK yard\u0131mc\u0131 kontak, opsiyonel yard\u0131mc\u0131 kontak blo\u011fu (2NA+2NK, 3NA+1NK, 4NA, 4NK)","og_url":"https:\/\/www.sorelektrik.com\/index.php\/urun\/xmc-12m\/","og_site_name":"Sor Elektrik","article_modified_time":"2023-09-13T07:52:11+00:00","og_image":[{"width":900,"height":900,"url":"https:\/\/www.sorelektrik.com\/wp-content\/uploads\/2023\/09\/XMC-12M.png","type":"image\/png"}],"twitter_card":"summary_large_image","schema":{"@context":"https:\/\/schema.org","@graph":[{"@type":"WebPage","@id":"https:\/\/www.sorelektrik.com\/index.php\/urun\/xmc-12m\/","url":"https:\/\/www.sorelektrik.com\/index.php\/urun\/xmc-12m\/","name":"XMC 12M - Sor Elektrik","isPartOf":{"@id":"https:\/\/www.sorelektrik.com\/#website"},"primaryImageOfPage":{"@id":"https:\/\/www.sorelektrik.com\/index.php\/urun\/xmc-12m\/#primaryimage"},"image":{"@id":"https:\/\/www.sorelektrik.com\/index.php\/urun\/xmc-12m\/#primaryimage"},"thumbnailUrl":"https:\/\/www.sorelektrik.com\/wp-content\/uploads\/2023\/09\/XMC-12M.png","datePublished":"2023-09-13T07:52:10+00:00","dateModified":"2023-09-13T07:52:11+00:00","breadcrumb":{"@id":"https:\/\/www.sorelektrik.com\/index.php\/urun\/xmc-12m\/#breadcrumb"},"inLanguage":"tr","potentialAction":[{"@type":"ReadAction","target":["https:\/\/www.sorelektrik.com\/index.php\/urun\/xmc-12m\/"]}]},{"@type":"ImageObject","inLanguage":"tr","@id":"https:\/\/www.sorelektrik.com\/index.php\/urun\/xmc-12m\/#primaryimage","url":"https:\/\/www.sorelektrik.com\/wp-content\/uploads\/2023\/09\/XMC-12M.png","contentUrl":"https:\/\/www.sorelektrik.com\/wp-content\/uploads\/2023\/09\/XMC-12M.png","width":900,"height":900},{"@type":"BreadcrumbList","@id":"https:\/\/www.sorelektrik.com\/index.php\/urun\/xmc-12m\/#breadcrumb","itemListElement":[{"@type":"ListItem","position":1,"name":"Anasayfa","item":"https:\/\/www.sorelektrik.com\/"},{"@type":"ListItem","position":2,"name":"\u00dcr\u00fcnlerimiz","item":"https:\/\/www.sorelektrik.com\/index.php\/urunlerimiz\/"},{"@type":"ListItem","position":3,"name":"XMC 12M"}]},{"@type":"WebSite","@id":"https:\/\/www.sorelektrik.com\/#website","url":"https:\/\/www.sorelektrik.com\/","name":"Sor Elektrik","description":"Kalite Hi\u00e7bir Zaman Tesad\u00fcf De\u011fildir","publisher":{"@id":"https:\/\/www.sorelektrik.com\/#organization"},"alternateName":"http:\/\/www.sorelektrik.com\/","potentialAction":[{"@type":"SearchAction","target":{"@type":"EntryPoint","urlTemplate":"https:\/\/www.sorelektrik.com\/?s={search_term_string}"},"query-input":{"@type":"PropertyValueSpecification","valueRequired":true,"valueName":"search_term_string"}}],"inLanguage":"tr"},{"@type":"Organization","@id":"https:\/\/www.sorelektrik.com\/#organization","name":"Sor Elektrik","alternateName":"http:\/\/www.sorelektrik.com\/","url":"https:\/\/www.sorelektrik.com\/","logo":{"@type":"ImageObject","inLanguage":"tr","@id":"https:\/\/www.sorelektrik.com\/#\/schema\/logo\/image\/","url":"http:\/\/www.sorelektrik.com\/wp-content\/uploads\/2023\/09\/sorlogoicon_Calisma-Yuzeyi-1.png","contentUrl":"http:\/\/www.sorelektrik.com\/wp-content\/uploads\/2023\/09\/sorlogoicon_Calisma-Yuzeyi-1.png","width":2134,"height":2134,"caption":"Sor Elektrik"},"image":{"@id":"https:\/\/www.sorelektrik.com\/#\/schema\/logo\/image\/"}}]}},"_links":{"self":[{"href":"https:\/\/www.sorelektrik.com\/index.php\/wp-json\/wp\/v2\/product\/668","targetHints":{"allow":["GET"]}}],"collection":[{"href":"https:\/\/www.sorelektrik.com\/index.php\/wp-json\/wp\/v2\/product"}],"about":[{"href":"https:\/\/www.sorelektrik.com\/index.php\/wp-json\/wp\/v2\/types\/product"}],"replies":[{"embeddable":true,"href":"https:\/\/www.sorelektrik.com\/index.php\/wp-json\/wp\/v2\/comments?post=668"}],"wp:featuredmedia":[{"embeddable":true,"href":"https:\/\/www.sorelektrik.com\/index.php\/wp-json\/wp\/v2\/media\/669"}],"wp:attachment":[{"href":"https:\/\/www.sorelektrik.com\/index.php\/wp-json\/wp\/v2\/media?parent=668"}],"wp:term":[{"taxonomy":"product_brand","embeddable":true,"href":"https:\/\/www.sorelektrik.com\/index.php\/wp-json\/wp\/v2\/product_brand?post=668"},{"taxonomy":"product_cat","embeddable":true,"href":"https:\/\/www.sorelektrik.com\/index.php\/wp-json\/wp\/v2\/product_cat?post=668"},{"taxonomy":"product_tag","embeddable":true,"href":"https:\/\/www.sorelektrik.com\/index.php\/wp-json\/wp\/v2\/product_tag?post=668"}],"curies":[{"name":"wp","href":"https:\/\/api.w.org\/{rel}","templated":true}]}}