{"id":673,"date":"2023-09-13T10:55:08","date_gmt":"2023-09-13T07:55:08","guid":{"rendered":"http:\/\/www.sorelektrik.com\/?post_type=product&#038;p=673"},"modified":"2023-09-13T10:55:10","modified_gmt":"2023-09-13T07:55:10","slug":"xmc-ac9-3","status":"publish","type":"product","link":"https:\/\/www.sorelektrik.com\/index.php\/urun\/xmc-ac9-3\/","title":{"rendered":"XMC AC9"},"content":{"rendered":"","protected":false},"excerpt":{"rendered":"<p>XKoren XMC serisi, kompanzasyon panolar\u0131nda kullan\u0131lan kondansat\u00f6rlerin kontrol\u00fc i\u00e7in \u00f6zel olarak tasarlanm\u0131\u015f kontakt\u00f6rlerdir. Bu panolarda kullan\u0131lan kondansat\u00f6rler, ilk devreye al\u0131nma esnas\u0131nda y\u00fcksek frekansl\u0131 a\u015f\u0131r\u0131 ak\u0131mlar\u0131n \u00e7ekilmesine sebep olur. A\u015f\u0131r\u0131 ak\u0131m, sisteme ba\u011fl\u0131 di\u011fer ekipmanlar\u0131n ta\u015f\u0131yaca\u011f\u0131 ak\u0131m kapasitesinin \u00fcst\u00fcnde bir de\u011fer oldu\u011fu i\u00e7in, cihaz kullan\u0131m \u00f6m\u00fcrlerinin k\u0131salmas\u0131na ve ar\u0131zalara sebep olur. Kompanzasyon kontakt\u00f6rleri bu sebeple ekipmanlar\u0131 korur ve kullan\u0131m \u00f6mr\u00fcn\u00fc uzat\u0131r. Olu\u015fan y\u00fcksek ak\u0131mlar\u0131, \u00fczerinde bulunan ak\u0131m s\u0131n\u0131rlama diren\u00e7leri ile anma ak\u0131m\u0131n\u0131n 70 kat\u0131na kadar s\u0131n\u0131rland\u0131rabilen XKoren kompanzasyon kontakt\u00f6rleri ile 3-4ms s\u00fcren y\u00fcksek ak\u0131m\u0131n s\u0131n\u0131rland\u0131r\u0131lmas\u0131 sonras\u0131, ak\u0131m normal \u00e7al\u0131\u015fma de\u011ferlerine indirgenirken, yard\u0131mc\u0131 kontak blo\u011fu devreden \u00e7\u0131kar, ak\u0131m kontakt\u00f6r\u00fcn ana kontaklar\u0131 \u00fczerinden devresini tamamlar.<\/p>\n<p>TEKN\u0130K \u00d6ZELL\u0130KLER<\/p>\n<p>\u25a0 \u00c7al\u0131\u015fma g\u00fcc\u00fc 0,5 ile 60 kVAr aras\u0131nda<br \/>\n\u25a0 AC\u2019 de 400\/440V<br \/>\n\u25a0 Yard\u0131mc\u0131 kontakt\u00f6rler; 0,5 \u2013 20 kVAr serisinde NA:1 NK:1<br \/>\n25 \u2013 60 kVAr serisinde NA:2 NK:2<br \/>\n\u25a0 50\/60 Hz<br \/>\n\u25a0 Anma kondansat\u00f6r g\u00fcc\u00fc kVAr (400\/440V) : 10 \u2013 80<br \/>\n\u25a0 Anma kondansat\u00f6r g\u00fcc\u00fc kVAr (220\/240V) : 5 &#8211; 50<\/p>\n<p><b>AC Yedek Bobinler:<\/b><br \/>\n3P kontakt\u00f6r i\u00e7in anma bobin gerilimi 220, 24, 48 V AC.<\/p>\n<p><b>DC Yedek Bobinler:<\/b><br \/>\n3P kontakt\u00f6r i\u00e7in anma bobin gerilimi 24 V DC.<\/p>\n","protected":false},"featured_media":674,"comment_status":"closed","ping_status":"closed","template":"","meta":[],"product_brand":[],"product_cat":[48],"product_tag":[],"class_list":{"0":"post-673","1":"product","2":"type-product","3":"status-publish","4":"has-post-thumbnail","6":"product_cat-kompanzasyon-kontaktorleri","8":"first","9":"instock","10":"shipping-taxable","11":"product-type-simple"},"yoast_head":"<!-- This site is optimized with the Yoast SEO plugin v27.4 - https:\/\/yoast.com\/product\/yoast-seo-wordpress\/ -->\n<title>XMC AC9 - Sor Elektrik<\/title>\n<meta name=\"robots\" content=\"index, follow, max-snippet:-1, max-image-preview:large, max-video-preview:-1\" \/>\n<link rel=\"canonical\" href=\"https:\/\/www.sorelektrik.com\/index.php\/urun\/xmc-ac9-3\/\" \/>\n<meta property=\"og:locale\" content=\"tr_TR\" \/>\n<meta property=\"og:type\" content=\"article\" \/>\n<meta property=\"og:title\" content=\"XMC AC9 - Sor Elektrik\" \/>\n<meta property=\"og:description\" content=\"XKoren XMC serisi, kompanzasyon panolar\u0131nda kullan\u0131lan kondansat\u00f6rlerin kontrol\u00fc i\u00e7in \u00f6zel olarak tasarlanm\u0131\u015f kontakt\u00f6rlerdir. Bu panolarda kullan\u0131lan kondansat\u00f6rler, ilk devreye al\u0131nma esnas\u0131nda y\u00fcksek frekansl\u0131 a\u015f\u0131r\u0131 ak\u0131mlar\u0131n \u00e7ekilmesine sebep olur. A\u015f\u0131r\u0131 ak\u0131m, sisteme ba\u011fl\u0131 di\u011fer ekipmanlar\u0131n ta\u015f\u0131yaca\u011f\u0131 ak\u0131m kapasitesinin \u00fcst\u00fcnde bir de\u011fer oldu\u011fu i\u00e7in, cihaz kullan\u0131m \u00f6m\u00fcrlerinin k\u0131salmas\u0131na ve ar\u0131zalara sebep olur. Kompanzasyon kontakt\u00f6rleri bu sebeple ekipmanlar\u0131 korur ve kullan\u0131m \u00f6mr\u00fcn\u00fc uzat\u0131r. Olu\u015fan y\u00fcksek ak\u0131mlar\u0131, \u00fczerinde bulunan ak\u0131m s\u0131n\u0131rlama diren\u00e7leri ile anma ak\u0131m\u0131n\u0131n 70 kat\u0131na kadar s\u0131n\u0131rland\u0131rabilen XKoren kompanzasyon kontakt\u00f6rleri ile 3-4ms s\u00fcren y\u00fcksek ak\u0131m\u0131n s\u0131n\u0131rland\u0131r\u0131lmas\u0131 sonras\u0131, ak\u0131m normal \u00e7al\u0131\u015fma de\u011ferlerine indirgenirken, yard\u0131mc\u0131 kontak blo\u011fu devreden \u00e7\u0131kar, ak\u0131m kontakt\u00f6r\u00fcn ana kontaklar\u0131 \u00fczerinden devresini tamamlar.  TEKN\u0130K \u00d6ZELL\u0130KLER  \u25a0 \u00c7al\u0131\u015fma g\u00fcc\u00fc 0,5 ile 60 kVAr aras\u0131nda \u25a0 AC\u2019 de 400\/440V \u25a0 Yard\u0131mc\u0131 kontakt\u00f6rler; 0,5 \u2013 20 kVAr serisinde NA:1 NK:1 25 \u2013 60 kVAr serisinde NA:2 NK:2 \u25a0 50\/60 Hz \u25a0 Anma kondansat\u00f6r g\u00fcc\u00fc kVAr (400\/440V) : 10 \u2013 80 \u25a0 Anma kondansat\u00f6r g\u00fcc\u00fc kVAr (220\/240V) : 5 - 50  AC Yedek Bobinler: 3P kontakt\u00f6r i\u00e7in anma bobin gerilimi 220, 24, 48 V AC.  DC Yedek Bobinler: 3P kontakt\u00f6r i\u00e7in anma bobin gerilimi 24 V DC.\" \/>\n<meta property=\"og:url\" content=\"https:\/\/www.sorelektrik.com\/index.php\/urun\/xmc-ac9-3\/\" \/>\n<meta property=\"og:site_name\" content=\"Sor Elektrik\" \/>\n<meta property=\"article:modified_time\" content=\"2023-09-13T07:55:10+00:00\" \/>\n<meta property=\"og:image\" content=\"https:\/\/www.sorelektrik.com\/wp-content\/uploads\/2023\/09\/xmc-ac9.png\" \/>\n\t<meta property=\"og:image:width\" content=\"900\" \/>\n\t<meta property=\"og:image:height\" content=\"900\" \/>\n\t<meta property=\"og:image:type\" content=\"image\/png\" \/>\n<meta name=\"twitter:card\" content=\"summary_large_image\" \/>\n<script type=\"application\/ld+json\" class=\"yoast-schema-graph\">{\"@context\":\"https:\\\/\\\/schema.org\",\"@graph\":[{\"@type\":\"WebPage\",\"@id\":\"https:\\\/\\\/www.sorelektrik.com\\\/index.php\\\/urun\\\/xmc-ac9-3\\\/\",\"url\":\"https:\\\/\\\/www.sorelektrik.com\\\/index.php\\\/urun\\\/xmc-ac9-3\\\/\",\"name\":\"XMC AC9 - Sor Elektrik\",\"isPartOf\":{\"@id\":\"https:\\\/\\\/www.sorelektrik.com\\\/#website\"},\"primaryImageOfPage\":{\"@id\":\"https:\\\/\\\/www.sorelektrik.com\\\/index.php\\\/urun\\\/xmc-ac9-3\\\/#primaryimage\"},\"image\":{\"@id\":\"https:\\\/\\\/www.sorelektrik.com\\\/index.php\\\/urun\\\/xmc-ac9-3\\\/#primaryimage\"},\"thumbnailUrl\":\"https:\\\/\\\/www.sorelektrik.com\\\/wp-content\\\/uploads\\\/2023\\\/09\\\/xmc-ac9.png\",\"datePublished\":\"2023-09-13T07:55:08+00:00\",\"dateModified\":\"2023-09-13T07:55:10+00:00\",\"breadcrumb\":{\"@id\":\"https:\\\/\\\/www.sorelektrik.com\\\/index.php\\\/urun\\\/xmc-ac9-3\\\/#breadcrumb\"},\"inLanguage\":\"tr\",\"potentialAction\":[{\"@type\":\"ReadAction\",\"target\":[\"https:\\\/\\\/www.sorelektrik.com\\\/index.php\\\/urun\\\/xmc-ac9-3\\\/\"]}]},{\"@type\":\"ImageObject\",\"inLanguage\":\"tr\",\"@id\":\"https:\\\/\\\/www.sorelektrik.com\\\/index.php\\\/urun\\\/xmc-ac9-3\\\/#primaryimage\",\"url\":\"https:\\\/\\\/www.sorelektrik.com\\\/wp-content\\\/uploads\\\/2023\\\/09\\\/xmc-ac9.png\",\"contentUrl\":\"https:\\\/\\\/www.sorelektrik.com\\\/wp-content\\\/uploads\\\/2023\\\/09\\\/xmc-ac9.png\",\"width\":900,\"height\":900},{\"@type\":\"BreadcrumbList\",\"@id\":\"https:\\\/\\\/www.sorelektrik.com\\\/index.php\\\/urun\\\/xmc-ac9-3\\\/#breadcrumb\",\"itemListElement\":[{\"@type\":\"ListItem\",\"position\":1,\"name\":\"Anasayfa\",\"item\":\"https:\\\/\\\/www.sorelektrik.com\\\/\"},{\"@type\":\"ListItem\",\"position\":2,\"name\":\"\u00dcr\u00fcnlerimiz\",\"item\":\"https:\\\/\\\/www.sorelektrik.com\\\/index.php\\\/urunlerimiz\\\/\"},{\"@type\":\"ListItem\",\"position\":3,\"name\":\"XMC AC9\"}]},{\"@type\":\"WebSite\",\"@id\":\"https:\\\/\\\/www.sorelektrik.com\\\/#website\",\"url\":\"https:\\\/\\\/www.sorelektrik.com\\\/\",\"name\":\"Sor Elektrik\",\"description\":\"Kalite Hi\u00e7bir Zaman Tesad\u00fcf De\u011fildir\",\"publisher\":{\"@id\":\"https:\\\/\\\/www.sorelektrik.com\\\/#organization\"},\"alternateName\":\"http:\\\/\\\/www.sorelektrik.com\\\/\",\"potentialAction\":[{\"@type\":\"SearchAction\",\"target\":{\"@type\":\"EntryPoint\",\"urlTemplate\":\"https:\\\/\\\/www.sorelektrik.com\\\/?s={search_term_string}\"},\"query-input\":{\"@type\":\"PropertyValueSpecification\",\"valueRequired\":true,\"valueName\":\"search_term_string\"}}],\"inLanguage\":\"tr\"},{\"@type\":\"Organization\",\"@id\":\"https:\\\/\\\/www.sorelektrik.com\\\/#organization\",\"name\":\"Sor Elektrik\",\"alternateName\":\"http:\\\/\\\/www.sorelektrik.com\\\/\",\"url\":\"https:\\\/\\\/www.sorelektrik.com\\\/\",\"logo\":{\"@type\":\"ImageObject\",\"inLanguage\":\"tr\",\"@id\":\"https:\\\/\\\/www.sorelektrik.com\\\/#\\\/schema\\\/logo\\\/image\\\/\",\"url\":\"http:\\\/\\\/www.sorelektrik.com\\\/wp-content\\\/uploads\\\/2023\\\/09\\\/sorlogoicon_Calisma-Yuzeyi-1.png\",\"contentUrl\":\"http:\\\/\\\/www.sorelektrik.com\\\/wp-content\\\/uploads\\\/2023\\\/09\\\/sorlogoicon_Calisma-Yuzeyi-1.png\",\"width\":2134,\"height\":2134,\"caption\":\"Sor Elektrik\"},\"image\":{\"@id\":\"https:\\\/\\\/www.sorelektrik.com\\\/#\\\/schema\\\/logo\\\/image\\\/\"}}]}<\/script>\n<!-- \/ Yoast SEO plugin. -->","yoast_head_json":{"title":"XMC AC9 - Sor Elektrik","robots":{"index":"index","follow":"follow","max-snippet":"max-snippet:-1","max-image-preview":"max-image-preview:large","max-video-preview":"max-video-preview:-1"},"canonical":"https:\/\/www.sorelektrik.com\/index.php\/urun\/xmc-ac9-3\/","og_locale":"tr_TR","og_type":"article","og_title":"XMC AC9 - Sor Elektrik","og_description":"XKoren XMC serisi, kompanzasyon panolar\u0131nda kullan\u0131lan kondansat\u00f6rlerin kontrol\u00fc i\u00e7in \u00f6zel olarak tasarlanm\u0131\u015f kontakt\u00f6rlerdir. Bu panolarda kullan\u0131lan kondansat\u00f6rler, ilk devreye al\u0131nma esnas\u0131nda y\u00fcksek frekansl\u0131 a\u015f\u0131r\u0131 ak\u0131mlar\u0131n \u00e7ekilmesine sebep olur. A\u015f\u0131r\u0131 ak\u0131m, sisteme ba\u011fl\u0131 di\u011fer ekipmanlar\u0131n ta\u015f\u0131yaca\u011f\u0131 ak\u0131m kapasitesinin \u00fcst\u00fcnde bir de\u011fer oldu\u011fu i\u00e7in, cihaz kullan\u0131m \u00f6m\u00fcrlerinin k\u0131salmas\u0131na ve ar\u0131zalara sebep olur. Kompanzasyon kontakt\u00f6rleri bu sebeple ekipmanlar\u0131 korur ve kullan\u0131m \u00f6mr\u00fcn\u00fc uzat\u0131r. Olu\u015fan y\u00fcksek ak\u0131mlar\u0131, \u00fczerinde bulunan ak\u0131m s\u0131n\u0131rlama diren\u00e7leri ile anma ak\u0131m\u0131n\u0131n 70 kat\u0131na kadar s\u0131n\u0131rland\u0131rabilen XKoren kompanzasyon kontakt\u00f6rleri ile 3-4ms s\u00fcren y\u00fcksek ak\u0131m\u0131n s\u0131n\u0131rland\u0131r\u0131lmas\u0131 sonras\u0131, ak\u0131m normal \u00e7al\u0131\u015fma de\u011ferlerine indirgenirken, yard\u0131mc\u0131 kontak blo\u011fu devreden \u00e7\u0131kar, ak\u0131m kontakt\u00f6r\u00fcn ana kontaklar\u0131 \u00fczerinden devresini tamamlar.  TEKN\u0130K \u00d6ZELL\u0130KLER  \u25a0 \u00c7al\u0131\u015fma g\u00fcc\u00fc 0,5 ile 60 kVAr aras\u0131nda \u25a0 AC\u2019 de 400\/440V \u25a0 Yard\u0131mc\u0131 kontakt\u00f6rler; 0,5 \u2013 20 kVAr serisinde NA:1 NK:1 25 \u2013 60 kVAr serisinde NA:2 NK:2 \u25a0 50\/60 Hz \u25a0 Anma kondansat\u00f6r g\u00fcc\u00fc kVAr (400\/440V) : 10 \u2013 80 \u25a0 Anma kondansat\u00f6r g\u00fcc\u00fc kVAr (220\/240V) : 5 - 50  AC Yedek Bobinler: 3P kontakt\u00f6r i\u00e7in anma bobin gerilimi 220, 24, 48 V AC.  DC Yedek Bobinler: 3P kontakt\u00f6r i\u00e7in anma bobin gerilimi 24 V DC.","og_url":"https:\/\/www.sorelektrik.com\/index.php\/urun\/xmc-ac9-3\/","og_site_name":"Sor Elektrik","article_modified_time":"2023-09-13T07:55:10+00:00","og_image":[{"width":900,"height":900,"url":"https:\/\/www.sorelektrik.com\/wp-content\/uploads\/2023\/09\/xmc-ac9.png","type":"image\/png"}],"twitter_card":"summary_large_image","schema":{"@context":"https:\/\/schema.org","@graph":[{"@type":"WebPage","@id":"https:\/\/www.sorelektrik.com\/index.php\/urun\/xmc-ac9-3\/","url":"https:\/\/www.sorelektrik.com\/index.php\/urun\/xmc-ac9-3\/","name":"XMC AC9 - Sor Elektrik","isPartOf":{"@id":"https:\/\/www.sorelektrik.com\/#website"},"primaryImageOfPage":{"@id":"https:\/\/www.sorelektrik.com\/index.php\/urun\/xmc-ac9-3\/#primaryimage"},"image":{"@id":"https:\/\/www.sorelektrik.com\/index.php\/urun\/xmc-ac9-3\/#primaryimage"},"thumbnailUrl":"https:\/\/www.sorelektrik.com\/wp-content\/uploads\/2023\/09\/xmc-ac9.png","datePublished":"2023-09-13T07:55:08+00:00","dateModified":"2023-09-13T07:55:10+00:00","breadcrumb":{"@id":"https:\/\/www.sorelektrik.com\/index.php\/urun\/xmc-ac9-3\/#breadcrumb"},"inLanguage":"tr","potentialAction":[{"@type":"ReadAction","target":["https:\/\/www.sorelektrik.com\/index.php\/urun\/xmc-ac9-3\/"]}]},{"@type":"ImageObject","inLanguage":"tr","@id":"https:\/\/www.sorelektrik.com\/index.php\/urun\/xmc-ac9-3\/#primaryimage","url":"https:\/\/www.sorelektrik.com\/wp-content\/uploads\/2023\/09\/xmc-ac9.png","contentUrl":"https:\/\/www.sorelektrik.com\/wp-content\/uploads\/2023\/09\/xmc-ac9.png","width":900,"height":900},{"@type":"BreadcrumbList","@id":"https:\/\/www.sorelektrik.com\/index.php\/urun\/xmc-ac9-3\/#breadcrumb","itemListElement":[{"@type":"ListItem","position":1,"name":"Anasayfa","item":"https:\/\/www.sorelektrik.com\/"},{"@type":"ListItem","position":2,"name":"\u00dcr\u00fcnlerimiz","item":"https:\/\/www.sorelektrik.com\/index.php\/urunlerimiz\/"},{"@type":"ListItem","position":3,"name":"XMC AC9"}]},{"@type":"WebSite","@id":"https:\/\/www.sorelektrik.com\/#website","url":"https:\/\/www.sorelektrik.com\/","name":"Sor Elektrik","description":"Kalite Hi\u00e7bir Zaman Tesad\u00fcf De\u011fildir","publisher":{"@id":"https:\/\/www.sorelektrik.com\/#organization"},"alternateName":"http:\/\/www.sorelektrik.com\/","potentialAction":[{"@type":"SearchAction","target":{"@type":"EntryPoint","urlTemplate":"https:\/\/www.sorelektrik.com\/?s={search_term_string}"},"query-input":{"@type":"PropertyValueSpecification","valueRequired":true,"valueName":"search_term_string"}}],"inLanguage":"tr"},{"@type":"Organization","@id":"https:\/\/www.sorelektrik.com\/#organization","name":"Sor Elektrik","alternateName":"http:\/\/www.sorelektrik.com\/","url":"https:\/\/www.sorelektrik.com\/","logo":{"@type":"ImageObject","inLanguage":"tr","@id":"https:\/\/www.sorelektrik.com\/#\/schema\/logo\/image\/","url":"http:\/\/www.sorelektrik.com\/wp-content\/uploads\/2023\/09\/sorlogoicon_Calisma-Yuzeyi-1.png","contentUrl":"http:\/\/www.sorelektrik.com\/wp-content\/uploads\/2023\/09\/sorlogoicon_Calisma-Yuzeyi-1.png","width":2134,"height":2134,"caption":"Sor Elektrik"},"image":{"@id":"https:\/\/www.sorelektrik.com\/#\/schema\/logo\/image\/"}}]}},"_links":{"self":[{"href":"https:\/\/www.sorelektrik.com\/index.php\/wp-json\/wp\/v2\/product\/673","targetHints":{"allow":["GET"]}}],"collection":[{"href":"https:\/\/www.sorelektrik.com\/index.php\/wp-json\/wp\/v2\/product"}],"about":[{"href":"https:\/\/www.sorelektrik.com\/index.php\/wp-json\/wp\/v2\/types\/product"}],"replies":[{"embeddable":true,"href":"https:\/\/www.sorelektrik.com\/index.php\/wp-json\/wp\/v2\/comments?post=673"}],"wp:featuredmedia":[{"embeddable":true,"href":"https:\/\/www.sorelektrik.com\/index.php\/wp-json\/wp\/v2\/media\/674"}],"wp:attachment":[{"href":"https:\/\/www.sorelektrik.com\/index.php\/wp-json\/wp\/v2\/media?parent=673"}],"wp:term":[{"taxonomy":"product_brand","embeddable":true,"href":"https:\/\/www.sorelektrik.com\/index.php\/wp-json\/wp\/v2\/product_brand?post=673"},{"taxonomy":"product_cat","embeddable":true,"href":"https:\/\/www.sorelektrik.com\/index.php\/wp-json\/wp\/v2\/product_cat?post=673"},{"taxonomy":"product_tag","embeddable":true,"href":"https:\/\/www.sorelektrik.com\/index.php\/wp-json\/wp\/v2\/product_tag?post=673"}],"curies":[{"name":"wp","href":"https:\/\/api.w.org\/{rel}","templated":true}]}}