{"id":675,"date":"2023-09-13T10:57:45","date_gmt":"2023-09-13T07:57:45","guid":{"rendered":"http:\/\/www.sorelektrik.com\/?post_type=product&#038;p=675"},"modified":"2023-09-13T10:57:46","modified_gmt":"2023-09-13T07:57:46","slug":"kondansator","status":"publish","type":"product","link":"https:\/\/www.sorelektrik.com\/index.php\/urun\/kondansator\/","title":{"rendered":"Kondansat\u00f6r"},"content":{"rendered":"","protected":false},"excerpt":{"rendered":"<p>Elektriksel sistemlerde g\u00fcc\u00fcn daha sonra kullan\u0131lmas\u0131 i\u00e7in, depolanmas\u0131na ihtiya\u00e7 duyulmaktad\u0131r. Kondansat\u00f6rler bu g\u00f6revi \u00fcstlenmektedir. XKoren Electric kapasit\u00f6rleri bu ama\u00e7la enerji depolar ve saklar. \u015earj devresine veya bataryalara ba\u011fland\u0131\u011f\u0131nda elektrik enerjisi depolan\u0131r. Depolama k\u0131sa bir s\u00fcre i\u00e7in m\u00fcmk\u00fcnd\u00fcr ve bo\u015faltma i\u015flemini ger\u00e7ekle\u015ftirir. G\u00fc\u00e7, motor, fan ve klima kondansat\u00f6rleri mevuttur.<\/p>\n","protected":false},"featured_media":676,"comment_status":"closed","ping_status":"closed","template":"","meta":[],"product_brand":[],"product_cat":[49],"product_tag":[],"class_list":{"0":"post-675","1":"product","2":"type-product","3":"status-publish","4":"has-post-thumbnail","6":"product_cat-kondansatorler","8":"first","9":"instock","10":"shipping-taxable","11":"product-type-simple"},"yoast_head":"<!-- This site is optimized with the Yoast SEO plugin v27.4 - https:\/\/yoast.com\/product\/yoast-seo-wordpress\/ -->\n<title>Kondansat\u00f6r - Sor Elektrik<\/title>\n<meta name=\"robots\" content=\"index, follow, max-snippet:-1, max-image-preview:large, max-video-preview:-1\" \/>\n<link rel=\"canonical\" href=\"https:\/\/www.sorelektrik.com\/index.php\/urun\/kondansator\/\" \/>\n<meta property=\"og:locale\" content=\"tr_TR\" \/>\n<meta property=\"og:type\" content=\"article\" \/>\n<meta property=\"og:title\" content=\"Kondansat\u00f6r - Sor Elektrik\" \/>\n<meta property=\"og:description\" content=\"Elektriksel sistemlerde g\u00fcc\u00fcn daha sonra kullan\u0131lmas\u0131 i\u00e7in, depolanmas\u0131na ihtiya\u00e7 duyulmaktad\u0131r. Kondansat\u00f6rler bu g\u00f6revi \u00fcstlenmektedir. XKoren Electric kapasit\u00f6rleri bu ama\u00e7la enerji depolar ve saklar. \u015earj devresine veya bataryalara ba\u011fland\u0131\u011f\u0131nda elektrik enerjisi depolan\u0131r. Depolama k\u0131sa bir s\u00fcre i\u00e7in m\u00fcmk\u00fcnd\u00fcr ve bo\u015faltma i\u015flemini ger\u00e7ekle\u015ftirir. G\u00fc\u00e7, motor, fan ve klima kondansat\u00f6rleri mevuttur.\" \/>\n<meta property=\"og:url\" content=\"https:\/\/www.sorelektrik.com\/index.php\/urun\/kondansator\/\" \/>\n<meta property=\"og:site_name\" content=\"Sor Elektrik\" \/>\n<meta property=\"article:modified_time\" content=\"2023-09-13T07:57:46+00:00\" \/>\n<meta property=\"og:image\" content=\"https:\/\/www.sorelektrik.com\/wp-content\/uploads\/2023\/09\/XKOREN-.5.6.7.8.9.png\" \/>\n\t<meta property=\"og:image:width\" content=\"1294\" \/>\n\t<meta property=\"og:image:height\" content=\"900\" \/>\n\t<meta property=\"og:image:type\" content=\"image\/png\" \/>\n<meta name=\"twitter:card\" content=\"summary_large_image\" \/>\n<script type=\"application\/ld+json\" class=\"yoast-schema-graph\">{\"@context\":\"https:\\\/\\\/schema.org\",\"@graph\":[{\"@type\":\"WebPage\",\"@id\":\"https:\\\/\\\/www.sorelektrik.com\\\/index.php\\\/urun\\\/kondansator\\\/\",\"url\":\"https:\\\/\\\/www.sorelektrik.com\\\/index.php\\\/urun\\\/kondansator\\\/\",\"name\":\"Kondansat\u00f6r - Sor Elektrik\",\"isPartOf\":{\"@id\":\"https:\\\/\\\/www.sorelektrik.com\\\/#website\"},\"primaryImageOfPage\":{\"@id\":\"https:\\\/\\\/www.sorelektrik.com\\\/index.php\\\/urun\\\/kondansator\\\/#primaryimage\"},\"image\":{\"@id\":\"https:\\\/\\\/www.sorelektrik.com\\\/index.php\\\/urun\\\/kondansator\\\/#primaryimage\"},\"thumbnailUrl\":\"https:\\\/\\\/www.sorelektrik.com\\\/wp-content\\\/uploads\\\/2023\\\/09\\\/XKOREN-.5.6.7.8.9.png\",\"datePublished\":\"2023-09-13T07:57:45+00:00\",\"dateModified\":\"2023-09-13T07:57:46+00:00\",\"breadcrumb\":{\"@id\":\"https:\\\/\\\/www.sorelektrik.com\\\/index.php\\\/urun\\\/kondansator\\\/#breadcrumb\"},\"inLanguage\":\"tr\",\"potentialAction\":[{\"@type\":\"ReadAction\",\"target\":[\"https:\\\/\\\/www.sorelektrik.com\\\/index.php\\\/urun\\\/kondansator\\\/\"]}]},{\"@type\":\"ImageObject\",\"inLanguage\":\"tr\",\"@id\":\"https:\\\/\\\/www.sorelektrik.com\\\/index.php\\\/urun\\\/kondansator\\\/#primaryimage\",\"url\":\"https:\\\/\\\/www.sorelektrik.com\\\/wp-content\\\/uploads\\\/2023\\\/09\\\/XKOREN-.5.6.7.8.9.png\",\"contentUrl\":\"https:\\\/\\\/www.sorelektrik.com\\\/wp-content\\\/uploads\\\/2023\\\/09\\\/XKOREN-.5.6.7.8.9.png\",\"width\":1294,\"height\":900},{\"@type\":\"BreadcrumbList\",\"@id\":\"https:\\\/\\\/www.sorelektrik.com\\\/index.php\\\/urun\\\/kondansator\\\/#breadcrumb\",\"itemListElement\":[{\"@type\":\"ListItem\",\"position\":1,\"name\":\"Anasayfa\",\"item\":\"https:\\\/\\\/www.sorelektrik.com\\\/\"},{\"@type\":\"ListItem\",\"position\":2,\"name\":\"\u00dcr\u00fcnlerimiz\",\"item\":\"https:\\\/\\\/www.sorelektrik.com\\\/index.php\\\/urunlerimiz\\\/\"},{\"@type\":\"ListItem\",\"position\":3,\"name\":\"Kondansat\u00f6r\"}]},{\"@type\":\"WebSite\",\"@id\":\"https:\\\/\\\/www.sorelektrik.com\\\/#website\",\"url\":\"https:\\\/\\\/www.sorelektrik.com\\\/\",\"name\":\"Sor Elektrik\",\"description\":\"Kalite Hi\u00e7bir Zaman Tesad\u00fcf De\u011fildir\",\"publisher\":{\"@id\":\"https:\\\/\\\/www.sorelektrik.com\\\/#organization\"},\"alternateName\":\"http:\\\/\\\/www.sorelektrik.com\\\/\",\"potentialAction\":[{\"@type\":\"SearchAction\",\"target\":{\"@type\":\"EntryPoint\",\"urlTemplate\":\"https:\\\/\\\/www.sorelektrik.com\\\/?s={search_term_string}\"},\"query-input\":{\"@type\":\"PropertyValueSpecification\",\"valueRequired\":true,\"valueName\":\"search_term_string\"}}],\"inLanguage\":\"tr\"},{\"@type\":\"Organization\",\"@id\":\"https:\\\/\\\/www.sorelektrik.com\\\/#organization\",\"name\":\"Sor Elektrik\",\"alternateName\":\"http:\\\/\\\/www.sorelektrik.com\\\/\",\"url\":\"https:\\\/\\\/www.sorelektrik.com\\\/\",\"logo\":{\"@type\":\"ImageObject\",\"inLanguage\":\"tr\",\"@id\":\"https:\\\/\\\/www.sorelektrik.com\\\/#\\\/schema\\\/logo\\\/image\\\/\",\"url\":\"http:\\\/\\\/www.sorelektrik.com\\\/wp-content\\\/uploads\\\/2023\\\/09\\\/sorlogoicon_Calisma-Yuzeyi-1.png\",\"contentUrl\":\"http:\\\/\\\/www.sorelektrik.com\\\/wp-content\\\/uploads\\\/2023\\\/09\\\/sorlogoicon_Calisma-Yuzeyi-1.png\",\"width\":2134,\"height\":2134,\"caption\":\"Sor Elektrik\"},\"image\":{\"@id\":\"https:\\\/\\\/www.sorelektrik.com\\\/#\\\/schema\\\/logo\\\/image\\\/\"}}]}<\/script>\n<!-- \/ Yoast SEO plugin. -->","yoast_head_json":{"title":"Kondansat\u00f6r - Sor Elektrik","robots":{"index":"index","follow":"follow","max-snippet":"max-snippet:-1","max-image-preview":"max-image-preview:large","max-video-preview":"max-video-preview:-1"},"canonical":"https:\/\/www.sorelektrik.com\/index.php\/urun\/kondansator\/","og_locale":"tr_TR","og_type":"article","og_title":"Kondansat\u00f6r - Sor Elektrik","og_description":"Elektriksel sistemlerde g\u00fcc\u00fcn daha sonra kullan\u0131lmas\u0131 i\u00e7in, depolanmas\u0131na ihtiya\u00e7 duyulmaktad\u0131r. Kondansat\u00f6rler bu g\u00f6revi \u00fcstlenmektedir. XKoren Electric kapasit\u00f6rleri bu ama\u00e7la enerji depolar ve saklar. \u015earj devresine veya bataryalara ba\u011fland\u0131\u011f\u0131nda elektrik enerjisi depolan\u0131r. Depolama k\u0131sa bir s\u00fcre i\u00e7in m\u00fcmk\u00fcnd\u00fcr ve bo\u015faltma i\u015flemini ger\u00e7ekle\u015ftirir. G\u00fc\u00e7, motor, fan ve klima kondansat\u00f6rleri mevuttur.","og_url":"https:\/\/www.sorelektrik.com\/index.php\/urun\/kondansator\/","og_site_name":"Sor Elektrik","article_modified_time":"2023-09-13T07:57:46+00:00","og_image":[{"width":1294,"height":900,"url":"https:\/\/www.sorelektrik.com\/wp-content\/uploads\/2023\/09\/XKOREN-.5.6.7.8.9.png","type":"image\/png"}],"twitter_card":"summary_large_image","schema":{"@context":"https:\/\/schema.org","@graph":[{"@type":"WebPage","@id":"https:\/\/www.sorelektrik.com\/index.php\/urun\/kondansator\/","url":"https:\/\/www.sorelektrik.com\/index.php\/urun\/kondansator\/","name":"Kondansat\u00f6r - Sor Elektrik","isPartOf":{"@id":"https:\/\/www.sorelektrik.com\/#website"},"primaryImageOfPage":{"@id":"https:\/\/www.sorelektrik.com\/index.php\/urun\/kondansator\/#primaryimage"},"image":{"@id":"https:\/\/www.sorelektrik.com\/index.php\/urun\/kondansator\/#primaryimage"},"thumbnailUrl":"https:\/\/www.sorelektrik.com\/wp-content\/uploads\/2023\/09\/XKOREN-.5.6.7.8.9.png","datePublished":"2023-09-13T07:57:45+00:00","dateModified":"2023-09-13T07:57:46+00:00","breadcrumb":{"@id":"https:\/\/www.sorelektrik.com\/index.php\/urun\/kondansator\/#breadcrumb"},"inLanguage":"tr","potentialAction":[{"@type":"ReadAction","target":["https:\/\/www.sorelektrik.com\/index.php\/urun\/kondansator\/"]}]},{"@type":"ImageObject","inLanguage":"tr","@id":"https:\/\/www.sorelektrik.com\/index.php\/urun\/kondansator\/#primaryimage","url":"https:\/\/www.sorelektrik.com\/wp-content\/uploads\/2023\/09\/XKOREN-.5.6.7.8.9.png","contentUrl":"https:\/\/www.sorelektrik.com\/wp-content\/uploads\/2023\/09\/XKOREN-.5.6.7.8.9.png","width":1294,"height":900},{"@type":"BreadcrumbList","@id":"https:\/\/www.sorelektrik.com\/index.php\/urun\/kondansator\/#breadcrumb","itemListElement":[{"@type":"ListItem","position":1,"name":"Anasayfa","item":"https:\/\/www.sorelektrik.com\/"},{"@type":"ListItem","position":2,"name":"\u00dcr\u00fcnlerimiz","item":"https:\/\/www.sorelektrik.com\/index.php\/urunlerimiz\/"},{"@type":"ListItem","position":3,"name":"Kondansat\u00f6r"}]},{"@type":"WebSite","@id":"https:\/\/www.sorelektrik.com\/#website","url":"https:\/\/www.sorelektrik.com\/","name":"Sor Elektrik","description":"Kalite Hi\u00e7bir Zaman Tesad\u00fcf De\u011fildir","publisher":{"@id":"https:\/\/www.sorelektrik.com\/#organization"},"alternateName":"http:\/\/www.sorelektrik.com\/","potentialAction":[{"@type":"SearchAction","target":{"@type":"EntryPoint","urlTemplate":"https:\/\/www.sorelektrik.com\/?s={search_term_string}"},"query-input":{"@type":"PropertyValueSpecification","valueRequired":true,"valueName":"search_term_string"}}],"inLanguage":"tr"},{"@type":"Organization","@id":"https:\/\/www.sorelektrik.com\/#organization","name":"Sor Elektrik","alternateName":"http:\/\/www.sorelektrik.com\/","url":"https:\/\/www.sorelektrik.com\/","logo":{"@type":"ImageObject","inLanguage":"tr","@id":"https:\/\/www.sorelektrik.com\/#\/schema\/logo\/image\/","url":"http:\/\/www.sorelektrik.com\/wp-content\/uploads\/2023\/09\/sorlogoicon_Calisma-Yuzeyi-1.png","contentUrl":"http:\/\/www.sorelektrik.com\/wp-content\/uploads\/2023\/09\/sorlogoicon_Calisma-Yuzeyi-1.png","width":2134,"height":2134,"caption":"Sor Elektrik"},"image":{"@id":"https:\/\/www.sorelektrik.com\/#\/schema\/logo\/image\/"}}]}},"_links":{"self":[{"href":"https:\/\/www.sorelektrik.com\/index.php\/wp-json\/wp\/v2\/product\/675","targetHints":{"allow":["GET"]}}],"collection":[{"href":"https:\/\/www.sorelektrik.com\/index.php\/wp-json\/wp\/v2\/product"}],"about":[{"href":"https:\/\/www.sorelektrik.com\/index.php\/wp-json\/wp\/v2\/types\/product"}],"replies":[{"embeddable":true,"href":"https:\/\/www.sorelektrik.com\/index.php\/wp-json\/wp\/v2\/comments?post=675"}],"wp:featuredmedia":[{"embeddable":true,"href":"https:\/\/www.sorelektrik.com\/index.php\/wp-json\/wp\/v2\/media\/676"}],"wp:attachment":[{"href":"https:\/\/www.sorelektrik.com\/index.php\/wp-json\/wp\/v2\/media?parent=675"}],"wp:term":[{"taxonomy":"product_brand","embeddable":true,"href":"https:\/\/www.sorelektrik.com\/index.php\/wp-json\/wp\/v2\/product_brand?post=675"},{"taxonomy":"product_cat","embeddable":true,"href":"https:\/\/www.sorelektrik.com\/index.php\/wp-json\/wp\/v2\/product_cat?post=675"},{"taxonomy":"product_tag","embeddable":true,"href":"https:\/\/www.sorelektrik.com\/index.php\/wp-json\/wp\/v2\/product_tag?post=675"}],"curies":[{"name":"wp","href":"https:\/\/api.w.org\/{rel}","templated":true}]}}