{"id":683,"date":"2023-09-13T11:03:30","date_gmt":"2023-09-13T08:03:30","guid":{"rendered":"http:\/\/www.sorelektrik.com\/?post_type=product&#038;p=683"},"modified":"2023-09-13T11:03:31","modified_gmt":"2023-09-13T08:03:31","slug":"dikey-tip","status":"publish","type":"product","link":"https:\/\/www.sorelektrik.com\/index.php\/urun\/dikey-tip\/","title":{"rendered":"Dikey Tip"},"content":{"rendered":"","protected":false},"excerpt":{"rendered":"<p>XKoren Electric dikey tip sigortal\u0131 y\u00fck ay\u0131r\u0131c\u0131lar\u0131 TS EN 60947-3, \u03f9\u0404\u2019 ye uygun olarak, IEC 60947-3 standartlar\u0131na uygun olarak \u00fcretilmektedir. XKoren tip dikey sigortal\u0131 y\u00fck ay\u0131r\u0131c\u0131lar\u0131, elektrik da\u011f\u0131t\u0131m\u0131nda k\u0131sa devreye ve a\u015f\u0131r\u0131 y\u00fcklere kar\u015f\u0131 korumada kullan\u0131l\u0131r.<\/p>\n<p>\u25a0 Her bir kutup di\u011fer kutuplardan ba\u011f\u0131ms\u0131z olarak a\u00e7ma-kapama yapabildi\u011fi gibi istenildi\u011finde tek bir kol arac\u0131l\u0131\u011f\u0131 ile b\u00fct\u00fcn kutuplar birlikte de a\u00e7\u0131l\u0131p kapat\u0131labilir.<br \/>\n\u25a0 Yatay baralara dikey olarak monte edilecek \u015fekilde tasarlanm\u0131\u015ft\u0131r.<br \/>\n\u25a0 Ark separat\u00f6rlerinin kullan\u0131lmas\u0131 ile, y\u00fck alt\u0131ndaki a\u00e7ma kapamalar sonucunda kontaklardaki y\u0131pranma \u00f6nlenmektedir.<br \/>\n\u25a0 Y\u00fcksek k\u0131sa devre kesme kapasitesi mevcuttur.<br \/>\n\u25a0 Y\u00fcksek elektriksel ve mekaniksel dayan\u0131ma sahiptir.<br \/>\n\u25a0 D\u00fc\u015f\u00fck g\u00fc\u00e7 kayb\u0131, modern teknoloji ile yap\u0131lm\u0131\u015f kompakt tasar\u0131m sayesinde verimli ve konforlu kullan\u0131\u015f sa\u011flamaktad\u0131r. Sigorta telinin eridi\u011fi d\u0131\u015far\u0131dan g\u00f6zle g\u00f6r\u00fclebilmektedir.<br \/>\n\u25a0 Normal devre ko\u015fullar\u0131nda y\u00fck ak\u0131mlar\u0131n\u0131 kapatma ve a\u00e7maya imkan sunup, k\u0131sa devre \u00fczerinde de kapat\u0131labilmektedir.<br \/>\n\u25a0 A\u00e7\u0131k konumda, her bir kutupta her iki terminal taraf\u0131nda da ay\u0131r\u0131c\u0131lar i\u00e7in belirtilen ay\u0131rma ko\u015fulunu yerine getirmektedir.<\/p>\n<p>TEKN\u0130K \u00d6ZELL\u0130KLER<\/p>\n<p>\u25a0 3 kutuplu<br \/>\n\u25a0 Anma yal\u0131t\u0131m gerilimi : 1000V<br \/>\n\u25a0 Anma darbe dayan\u0131m gerilimi : 12V<br \/>\n\u25a0 60\u02daC\u2019 de anma \u0131s\u0131l ak\u0131m\u0131 : 160-1250 A aras\u0131nda<br \/>\n\u25a0 Sigortal\u0131 k\u0131sa devre kesme kapasitesi : 70 ve 85 kA<br \/>\n\u25a0 50-60 Hz<br \/>\n\u25a0 \u00c7al\u0131\u015fma gerilimi 415, 500, 690 V<br \/>\n\u25a0 Elektriksel \u00f6m\u00fcr 200 y\u0131ldan fazla<br \/>\n\u25a0 Ana bara terminalleri aras\u0131 mesafe : 185-210mm<\/p>\n","protected":false},"featured_media":684,"comment_status":"closed","ping_status":"closed","template":"","meta":[],"product_brand":[],"product_cat":[52],"product_tag":[],"class_list":{"0":"post-683","1":"product","2":"type-product","3":"status-publish","4":"has-post-thumbnail","6":"product_cat-dikey-tip-sigortali-yuk-ayiricilari","8":"first","9":"instock","10":"shipping-taxable","11":"product-type-simple"},"yoast_head":"<!-- This site is optimized with the Yoast SEO plugin v27.4 - https:\/\/yoast.com\/product\/yoast-seo-wordpress\/ -->\n<title>Dikey Tip - Sor Elektrik<\/title>\n<meta name=\"robots\" content=\"index, follow, max-snippet:-1, max-image-preview:large, max-video-preview:-1\" \/>\n<link rel=\"canonical\" href=\"https:\/\/www.sorelektrik.com\/index.php\/urun\/dikey-tip\/\" \/>\n<meta property=\"og:locale\" content=\"tr_TR\" \/>\n<meta property=\"og:type\" content=\"article\" \/>\n<meta property=\"og:title\" content=\"Dikey Tip - Sor Elektrik\" \/>\n<meta property=\"og:description\" content=\"XKoren Electric dikey tip sigortal\u0131 y\u00fck ay\u0131r\u0131c\u0131lar\u0131 TS EN 60947-3, \u03f9\u0404\u2019 ye uygun olarak, IEC 60947-3 standartlar\u0131na uygun olarak \u00fcretilmektedir. XKoren tip dikey sigortal\u0131 y\u00fck ay\u0131r\u0131c\u0131lar\u0131, elektrik da\u011f\u0131t\u0131m\u0131nda k\u0131sa devreye ve a\u015f\u0131r\u0131 y\u00fcklere kar\u015f\u0131 korumada kullan\u0131l\u0131r.  \u25a0 Her bir kutup di\u011fer kutuplardan ba\u011f\u0131ms\u0131z olarak a\u00e7ma-kapama yapabildi\u011fi gibi istenildi\u011finde tek bir kol arac\u0131l\u0131\u011f\u0131 ile b\u00fct\u00fcn kutuplar birlikte de a\u00e7\u0131l\u0131p kapat\u0131labilir. \u25a0 Yatay baralara dikey olarak monte edilecek \u015fekilde tasarlanm\u0131\u015ft\u0131r. \u25a0 Ark separat\u00f6rlerinin kullan\u0131lmas\u0131 ile, y\u00fck alt\u0131ndaki a\u00e7ma kapamalar sonucunda kontaklardaki y\u0131pranma \u00f6nlenmektedir. \u25a0 Y\u00fcksek k\u0131sa devre kesme kapasitesi mevcuttur. \u25a0 Y\u00fcksek elektriksel ve mekaniksel dayan\u0131ma sahiptir. \u25a0 D\u00fc\u015f\u00fck g\u00fc\u00e7 kayb\u0131, modern teknoloji ile yap\u0131lm\u0131\u015f kompakt tasar\u0131m sayesinde verimli ve konforlu kullan\u0131\u015f sa\u011flamaktad\u0131r. Sigorta telinin eridi\u011fi d\u0131\u015far\u0131dan g\u00f6zle g\u00f6r\u00fclebilmektedir. \u25a0 Normal devre ko\u015fullar\u0131nda y\u00fck ak\u0131mlar\u0131n\u0131 kapatma ve a\u00e7maya imkan sunup, k\u0131sa devre \u00fczerinde de kapat\u0131labilmektedir. \u25a0 A\u00e7\u0131k konumda, her bir kutupta her iki terminal taraf\u0131nda da ay\u0131r\u0131c\u0131lar i\u00e7in belirtilen ay\u0131rma ko\u015fulunu yerine getirmektedir.  TEKN\u0130K \u00d6ZELL\u0130KLER  \u25a0 3 kutuplu \u25a0 Anma yal\u0131t\u0131m gerilimi : 1000V \u25a0 Anma darbe dayan\u0131m gerilimi : 12V \u25a0 60\u02daC\u2019 de anma \u0131s\u0131l ak\u0131m\u0131 : 160-1250 A aras\u0131nda \u25a0 Sigortal\u0131 k\u0131sa devre kesme kapasitesi : 70 ve 85 kA \u25a0 50-60 Hz \u25a0 \u00c7al\u0131\u015fma gerilimi 415, 500, 690 V \u25a0 Elektriksel \u00f6m\u00fcr 200 y\u0131ldan fazla \u25a0 Ana bara terminalleri aras\u0131 mesafe : 185-210mm\" \/>\n<meta property=\"og:url\" content=\"https:\/\/www.sorelektrik.com\/index.php\/urun\/dikey-tip\/\" \/>\n<meta property=\"og:site_name\" content=\"Sor Elektrik\" \/>\n<meta property=\"article:modified_time\" content=\"2023-09-13T08:03:31+00:00\" \/>\n<meta property=\"og:image\" content=\"https:\/\/www.sorelektrik.com\/wp-content\/uploads\/2023\/09\/DIKEY.jpg\" \/>\n\t<meta property=\"og:image:width\" content=\"1600\" \/>\n\t<meta property=\"og:image:height\" content=\"900\" \/>\n\t<meta property=\"og:image:type\" content=\"image\/jpeg\" \/>\n<meta name=\"twitter:card\" content=\"summary_large_image\" \/>\n<script type=\"application\/ld+json\" class=\"yoast-schema-graph\">{\"@context\":\"https:\\\/\\\/schema.org\",\"@graph\":[{\"@type\":\"WebPage\",\"@id\":\"https:\\\/\\\/www.sorelektrik.com\\\/index.php\\\/urun\\\/dikey-tip\\\/\",\"url\":\"https:\\\/\\\/www.sorelektrik.com\\\/index.php\\\/urun\\\/dikey-tip\\\/\",\"name\":\"Dikey Tip - Sor Elektrik\",\"isPartOf\":{\"@id\":\"https:\\\/\\\/www.sorelektrik.com\\\/#website\"},\"primaryImageOfPage\":{\"@id\":\"https:\\\/\\\/www.sorelektrik.com\\\/index.php\\\/urun\\\/dikey-tip\\\/#primaryimage\"},\"image\":{\"@id\":\"https:\\\/\\\/www.sorelektrik.com\\\/index.php\\\/urun\\\/dikey-tip\\\/#primaryimage\"},\"thumbnailUrl\":\"https:\\\/\\\/www.sorelektrik.com\\\/wp-content\\\/uploads\\\/2023\\\/09\\\/DIKEY.jpg\",\"datePublished\":\"2023-09-13T08:03:30+00:00\",\"dateModified\":\"2023-09-13T08:03:31+00:00\",\"breadcrumb\":{\"@id\":\"https:\\\/\\\/www.sorelektrik.com\\\/index.php\\\/urun\\\/dikey-tip\\\/#breadcrumb\"},\"inLanguage\":\"tr\",\"potentialAction\":[{\"@type\":\"ReadAction\",\"target\":[\"https:\\\/\\\/www.sorelektrik.com\\\/index.php\\\/urun\\\/dikey-tip\\\/\"]}]},{\"@type\":\"ImageObject\",\"inLanguage\":\"tr\",\"@id\":\"https:\\\/\\\/www.sorelektrik.com\\\/index.php\\\/urun\\\/dikey-tip\\\/#primaryimage\",\"url\":\"https:\\\/\\\/www.sorelektrik.com\\\/wp-content\\\/uploads\\\/2023\\\/09\\\/DIKEY.jpg\",\"contentUrl\":\"https:\\\/\\\/www.sorelektrik.com\\\/wp-content\\\/uploads\\\/2023\\\/09\\\/DIKEY.jpg\",\"width\":1600,\"height\":900},{\"@type\":\"BreadcrumbList\",\"@id\":\"https:\\\/\\\/www.sorelektrik.com\\\/index.php\\\/urun\\\/dikey-tip\\\/#breadcrumb\",\"itemListElement\":[{\"@type\":\"ListItem\",\"position\":1,\"name\":\"Anasayfa\",\"item\":\"https:\\\/\\\/www.sorelektrik.com\\\/\"},{\"@type\":\"ListItem\",\"position\":2,\"name\":\"\u00dcr\u00fcnlerimiz\",\"item\":\"https:\\\/\\\/www.sorelektrik.com\\\/index.php\\\/urunlerimiz\\\/\"},{\"@type\":\"ListItem\",\"position\":3,\"name\":\"Dikey Tip\"}]},{\"@type\":\"WebSite\",\"@id\":\"https:\\\/\\\/www.sorelektrik.com\\\/#website\",\"url\":\"https:\\\/\\\/www.sorelektrik.com\\\/\",\"name\":\"Sor Elektrik\",\"description\":\"Kalite Hi\u00e7bir Zaman Tesad\u00fcf De\u011fildir\",\"publisher\":{\"@id\":\"https:\\\/\\\/www.sorelektrik.com\\\/#organization\"},\"alternateName\":\"http:\\\/\\\/www.sorelektrik.com\\\/\",\"potentialAction\":[{\"@type\":\"SearchAction\",\"target\":{\"@type\":\"EntryPoint\",\"urlTemplate\":\"https:\\\/\\\/www.sorelektrik.com\\\/?s={search_term_string}\"},\"query-input\":{\"@type\":\"PropertyValueSpecification\",\"valueRequired\":true,\"valueName\":\"search_term_string\"}}],\"inLanguage\":\"tr\"},{\"@type\":\"Organization\",\"@id\":\"https:\\\/\\\/www.sorelektrik.com\\\/#organization\",\"name\":\"Sor Elektrik\",\"alternateName\":\"http:\\\/\\\/www.sorelektrik.com\\\/\",\"url\":\"https:\\\/\\\/www.sorelektrik.com\\\/\",\"logo\":{\"@type\":\"ImageObject\",\"inLanguage\":\"tr\",\"@id\":\"https:\\\/\\\/www.sorelektrik.com\\\/#\\\/schema\\\/logo\\\/image\\\/\",\"url\":\"http:\\\/\\\/www.sorelektrik.com\\\/wp-content\\\/uploads\\\/2023\\\/09\\\/sorlogoicon_Calisma-Yuzeyi-1.png\",\"contentUrl\":\"http:\\\/\\\/www.sorelektrik.com\\\/wp-content\\\/uploads\\\/2023\\\/09\\\/sorlogoicon_Calisma-Yuzeyi-1.png\",\"width\":2134,\"height\":2134,\"caption\":\"Sor Elektrik\"},\"image\":{\"@id\":\"https:\\\/\\\/www.sorelektrik.com\\\/#\\\/schema\\\/logo\\\/image\\\/\"}}]}<\/script>\n<!-- \/ Yoast SEO plugin. -->","yoast_head_json":{"title":"Dikey Tip - Sor Elektrik","robots":{"index":"index","follow":"follow","max-snippet":"max-snippet:-1","max-image-preview":"max-image-preview:large","max-video-preview":"max-video-preview:-1"},"canonical":"https:\/\/www.sorelektrik.com\/index.php\/urun\/dikey-tip\/","og_locale":"tr_TR","og_type":"article","og_title":"Dikey Tip - Sor Elektrik","og_description":"XKoren Electric dikey tip sigortal\u0131 y\u00fck ay\u0131r\u0131c\u0131lar\u0131 TS EN 60947-3, \u03f9\u0404\u2019 ye uygun olarak, IEC 60947-3 standartlar\u0131na uygun olarak \u00fcretilmektedir. XKoren tip dikey sigortal\u0131 y\u00fck ay\u0131r\u0131c\u0131lar\u0131, elektrik da\u011f\u0131t\u0131m\u0131nda k\u0131sa devreye ve a\u015f\u0131r\u0131 y\u00fcklere kar\u015f\u0131 korumada kullan\u0131l\u0131r.  \u25a0 Her bir kutup di\u011fer kutuplardan ba\u011f\u0131ms\u0131z olarak a\u00e7ma-kapama yapabildi\u011fi gibi istenildi\u011finde tek bir kol arac\u0131l\u0131\u011f\u0131 ile b\u00fct\u00fcn kutuplar birlikte de a\u00e7\u0131l\u0131p kapat\u0131labilir. \u25a0 Yatay baralara dikey olarak monte edilecek \u015fekilde tasarlanm\u0131\u015ft\u0131r. \u25a0 Ark separat\u00f6rlerinin kullan\u0131lmas\u0131 ile, y\u00fck alt\u0131ndaki a\u00e7ma kapamalar sonucunda kontaklardaki y\u0131pranma \u00f6nlenmektedir. \u25a0 Y\u00fcksek k\u0131sa devre kesme kapasitesi mevcuttur. \u25a0 Y\u00fcksek elektriksel ve mekaniksel dayan\u0131ma sahiptir. \u25a0 D\u00fc\u015f\u00fck g\u00fc\u00e7 kayb\u0131, modern teknoloji ile yap\u0131lm\u0131\u015f kompakt tasar\u0131m sayesinde verimli ve konforlu kullan\u0131\u015f sa\u011flamaktad\u0131r. Sigorta telinin eridi\u011fi d\u0131\u015far\u0131dan g\u00f6zle g\u00f6r\u00fclebilmektedir. \u25a0 Normal devre ko\u015fullar\u0131nda y\u00fck ak\u0131mlar\u0131n\u0131 kapatma ve a\u00e7maya imkan sunup, k\u0131sa devre \u00fczerinde de kapat\u0131labilmektedir. \u25a0 A\u00e7\u0131k konumda, her bir kutupta her iki terminal taraf\u0131nda da ay\u0131r\u0131c\u0131lar i\u00e7in belirtilen ay\u0131rma ko\u015fulunu yerine getirmektedir.  TEKN\u0130K \u00d6ZELL\u0130KLER  \u25a0 3 kutuplu \u25a0 Anma yal\u0131t\u0131m gerilimi : 1000V \u25a0 Anma darbe dayan\u0131m gerilimi : 12V \u25a0 60\u02daC\u2019 de anma \u0131s\u0131l ak\u0131m\u0131 : 160-1250 A aras\u0131nda \u25a0 Sigortal\u0131 k\u0131sa devre kesme kapasitesi : 70 ve 85 kA \u25a0 50-60 Hz \u25a0 \u00c7al\u0131\u015fma gerilimi 415, 500, 690 V \u25a0 Elektriksel \u00f6m\u00fcr 200 y\u0131ldan fazla \u25a0 Ana bara terminalleri aras\u0131 mesafe : 185-210mm","og_url":"https:\/\/www.sorelektrik.com\/index.php\/urun\/dikey-tip\/","og_site_name":"Sor Elektrik","article_modified_time":"2023-09-13T08:03:31+00:00","og_image":[{"width":1600,"height":900,"url":"https:\/\/www.sorelektrik.com\/wp-content\/uploads\/2023\/09\/DIKEY.jpg","type":"image\/jpeg"}],"twitter_card":"summary_large_image","schema":{"@context":"https:\/\/schema.org","@graph":[{"@type":"WebPage","@id":"https:\/\/www.sorelektrik.com\/index.php\/urun\/dikey-tip\/","url":"https:\/\/www.sorelektrik.com\/index.php\/urun\/dikey-tip\/","name":"Dikey Tip - Sor Elektrik","isPartOf":{"@id":"https:\/\/www.sorelektrik.com\/#website"},"primaryImageOfPage":{"@id":"https:\/\/www.sorelektrik.com\/index.php\/urun\/dikey-tip\/#primaryimage"},"image":{"@id":"https:\/\/www.sorelektrik.com\/index.php\/urun\/dikey-tip\/#primaryimage"},"thumbnailUrl":"https:\/\/www.sorelektrik.com\/wp-content\/uploads\/2023\/09\/DIKEY.jpg","datePublished":"2023-09-13T08:03:30+00:00","dateModified":"2023-09-13T08:03:31+00:00","breadcrumb":{"@id":"https:\/\/www.sorelektrik.com\/index.php\/urun\/dikey-tip\/#breadcrumb"},"inLanguage":"tr","potentialAction":[{"@type":"ReadAction","target":["https:\/\/www.sorelektrik.com\/index.php\/urun\/dikey-tip\/"]}]},{"@type":"ImageObject","inLanguage":"tr","@id":"https:\/\/www.sorelektrik.com\/index.php\/urun\/dikey-tip\/#primaryimage","url":"https:\/\/www.sorelektrik.com\/wp-content\/uploads\/2023\/09\/DIKEY.jpg","contentUrl":"https:\/\/www.sorelektrik.com\/wp-content\/uploads\/2023\/09\/DIKEY.jpg","width":1600,"height":900},{"@type":"BreadcrumbList","@id":"https:\/\/www.sorelektrik.com\/index.php\/urun\/dikey-tip\/#breadcrumb","itemListElement":[{"@type":"ListItem","position":1,"name":"Anasayfa","item":"https:\/\/www.sorelektrik.com\/"},{"@type":"ListItem","position":2,"name":"\u00dcr\u00fcnlerimiz","item":"https:\/\/www.sorelektrik.com\/index.php\/urunlerimiz\/"},{"@type":"ListItem","position":3,"name":"Dikey Tip"}]},{"@type":"WebSite","@id":"https:\/\/www.sorelektrik.com\/#website","url":"https:\/\/www.sorelektrik.com\/","name":"Sor Elektrik","description":"Kalite Hi\u00e7bir Zaman Tesad\u00fcf De\u011fildir","publisher":{"@id":"https:\/\/www.sorelektrik.com\/#organization"},"alternateName":"http:\/\/www.sorelektrik.com\/","potentialAction":[{"@type":"SearchAction","target":{"@type":"EntryPoint","urlTemplate":"https:\/\/www.sorelektrik.com\/?s={search_term_string}"},"query-input":{"@type":"PropertyValueSpecification","valueRequired":true,"valueName":"search_term_string"}}],"inLanguage":"tr"},{"@type":"Organization","@id":"https:\/\/www.sorelektrik.com\/#organization","name":"Sor Elektrik","alternateName":"http:\/\/www.sorelektrik.com\/","url":"https:\/\/www.sorelektrik.com\/","logo":{"@type":"ImageObject","inLanguage":"tr","@id":"https:\/\/www.sorelektrik.com\/#\/schema\/logo\/image\/","url":"http:\/\/www.sorelektrik.com\/wp-content\/uploads\/2023\/09\/sorlogoicon_Calisma-Yuzeyi-1.png","contentUrl":"http:\/\/www.sorelektrik.com\/wp-content\/uploads\/2023\/09\/sorlogoicon_Calisma-Yuzeyi-1.png","width":2134,"height":2134,"caption":"Sor Elektrik"},"image":{"@id":"https:\/\/www.sorelektrik.com\/#\/schema\/logo\/image\/"}}]}},"_links":{"self":[{"href":"https:\/\/www.sorelektrik.com\/index.php\/wp-json\/wp\/v2\/product\/683","targetHints":{"allow":["GET"]}}],"collection":[{"href":"https:\/\/www.sorelektrik.com\/index.php\/wp-json\/wp\/v2\/product"}],"about":[{"href":"https:\/\/www.sorelektrik.com\/index.php\/wp-json\/wp\/v2\/types\/product"}],"replies":[{"embeddable":true,"href":"https:\/\/www.sorelektrik.com\/index.php\/wp-json\/wp\/v2\/comments?post=683"}],"wp:featuredmedia":[{"embeddable":true,"href":"https:\/\/www.sorelektrik.com\/index.php\/wp-json\/wp\/v2\/media\/684"}],"wp:attachment":[{"href":"https:\/\/www.sorelektrik.com\/index.php\/wp-json\/wp\/v2\/media?parent=683"}],"wp:term":[{"taxonomy":"product_brand","embeddable":true,"href":"https:\/\/www.sorelektrik.com\/index.php\/wp-json\/wp\/v2\/product_brand?post=683"},{"taxonomy":"product_cat","embeddable":true,"href":"https:\/\/www.sorelektrik.com\/index.php\/wp-json\/wp\/v2\/product_cat?post=683"},{"taxonomy":"product_tag","embeddable":true,"href":"https:\/\/www.sorelektrik.com\/index.php\/wp-json\/wp\/v2\/product_tag?post=683"}],"curies":[{"name":"wp","href":"https:\/\/api.w.org\/{rel}","templated":true}]}}