{"id":704,"date":"2023-09-13T11:34:37","date_gmt":"2023-09-13T08:34:37","guid":{"rendered":"http:\/\/www.sorelektrik.com\/?post_type=product&#038;p=704"},"modified":"2023-09-13T11:34:38","modified_gmt":"2023-09-13T08:34:38","slug":"transfer-salterleri-2","status":"publish","type":"product","link":"https:\/\/www.sorelektrik.com\/index.php\/urun\/transfer-salterleri-2\/","title":{"rendered":"Transfer \u015ealterleri"},"content":{"rendered":"","protected":false},"excerpt":{"rendered":"<p>Elektrik kesilmesinin s\u0131k oldu\u011fu, kesintisiz g\u00fcce ihtiya\u00e7 duyulan ve kesintinin b\u00fcy\u00fck zarar do\u011furaca\u011f\u0131 (hastane, al\u0131\u015fveri\u015f merkezleri, bankalar, fabrikalar vb.) i\u015fletmelerde y\u00fck transferlerini ger\u00e7ekle\u015ftirmek amac\u0131yla g\u00fcvenle kullan\u0131l\u0131r.<\/p>\n<ul>\n<li>2A\u2019den 125A\u2019e kadar \u00fcretilebilir,<\/li>\n<li>\u00a0XKoren otomatik transfer \u015falterlerinde yap\u0131lan sistemde manuel ve otomatik kontrol se\u00e7ene\u011fi mevcuttur.<\/li>\n<li>XKoren otomatik transfer \u015falterlerinde 0,1-5sn. kadar gecikme zaman ayar\u0131 ve transfer zaman ayar\u0131 yap\u0131labilmektedir.<\/li>\n<li>Kolay ve g\u00fcvenilir montaja sahip olan sistemde, hem \u015febeke hem de jenerat\u00f6r \u00e7al\u0131\u015fma durumunda sonu\u00e7lar\u0131n g\u00f6zlenebildi\u011fi ak\u0131ll\u0131 kontrol \u00fcnitesi mevcuttur.<\/li>\n<\/ul>\n<p>Teknik \u00d6zellikler:<\/p>\n<ul>\n<li>Devre kesici anma ak\u0131m\u0131: 2-400A<\/li>\n<li>Kutup say\u0131s\u0131: 3 ve 4<\/li>\n<li>\u00c7al\u0131\u015fma gerilimi: 140-270V<\/li>\n<li>Transfer zaman gecikmesi: 0,5 ile 90 sn aras\u0131nda ayarlanabilir<\/li>\n<li>Anma i\u015fletme gerilimi: 415V<\/li>\n<li>\u00c7al\u0131\u015fma s\u0131cakl\u0131\u011f\u0131 -20\u02daC ile +60\u02daC aras\u0131nda<\/li>\n<\/ul>\n","protected":false},"featured_media":705,"comment_status":"closed","ping_status":"closed","template":"","meta":[],"product_brand":[],"product_cat":[57],"product_tag":[],"class_list":{"0":"post-704","1":"product","2":"type-product","3":"status-publish","4":"has-post-thumbnail","6":"product_cat-otomatik-sigortali-transfer-salterleri","8":"first","9":"instock","10":"shipping-taxable","11":"product-type-simple"},"yoast_head":"<!-- This site is optimized with the Yoast SEO plugin v27.5 - https:\/\/yoast.com\/product\/yoast-seo-wordpress\/ -->\n<title>Transfer \u015ealterleri - Sor Elektrik<\/title>\n<meta name=\"robots\" content=\"index, follow, max-snippet:-1, max-image-preview:large, max-video-preview:-1\" \/>\n<link rel=\"canonical\" href=\"https:\/\/www.sorelektrik.com\/index.php\/urun\/transfer-salterleri-2\/\" \/>\n<meta property=\"og:locale\" content=\"tr_TR\" \/>\n<meta property=\"og:type\" content=\"article\" \/>\n<meta property=\"og:title\" content=\"Transfer \u015ealterleri - Sor Elektrik\" \/>\n<meta property=\"og:description\" content=\"Elektrik kesilmesinin s\u0131k oldu\u011fu, kesintisiz g\u00fcce ihtiya\u00e7 duyulan ve kesintinin b\u00fcy\u00fck zarar do\u011furaca\u011f\u0131 (hastane, al\u0131\u015fveri\u015f merkezleri, bankalar, fabrikalar vb.) i\u015fletmelerde y\u00fck transferlerini ger\u00e7ekle\u015ftirmek amac\u0131yla g\u00fcvenle kullan\u0131l\u0131r.   2A\u2019den 125A\u2019e kadar \u00fcretilebilir,  \u00a0XKoren otomatik transfer \u015falterlerinde yap\u0131lan sistemde manuel ve otomatik kontrol se\u00e7ene\u011fi mevcuttur.  XKoren otomatik transfer \u015falterlerinde 0,1-5sn. kadar gecikme zaman ayar\u0131 ve transfer zaman ayar\u0131 yap\u0131labilmektedir.  Kolay ve g\u00fcvenilir montaja sahip olan sistemde, hem \u015febeke hem de jenerat\u00f6r \u00e7al\u0131\u015fma durumunda sonu\u00e7lar\u0131n g\u00f6zlenebildi\u011fi ak\u0131ll\u0131 kontrol \u00fcnitesi mevcuttur.  Teknik \u00d6zellikler:   Devre kesici anma ak\u0131m\u0131: 2-400A  Kutup say\u0131s\u0131: 3 ve 4  \u00c7al\u0131\u015fma gerilimi: 140-270V  Transfer zaman gecikmesi: 0,5 ile 90 sn aras\u0131nda ayarlanabilir  Anma i\u015fletme gerilimi: 415V  \u00c7al\u0131\u015fma s\u0131cakl\u0131\u011f\u0131 -20\u02daC ile +60\u02daC aras\u0131nda\" \/>\n<meta property=\"og:url\" content=\"https:\/\/www.sorelektrik.com\/index.php\/urun\/transfer-salterleri-2\/\" \/>\n<meta property=\"og:site_name\" content=\"Sor Elektrik\" \/>\n<meta property=\"article:modified_time\" content=\"2023-09-13T08:34:38+00:00\" \/>\n<meta property=\"og:image\" content=\"https:\/\/www.sorelektrik.com\/wp-content\/uploads\/2023\/09\/IMG_2147.png\" \/>\n\t<meta property=\"og:image:width\" content=\"1285\" \/>\n\t<meta property=\"og:image:height\" content=\"900\" \/>\n\t<meta property=\"og:image:type\" content=\"image\/png\" \/>\n<meta name=\"twitter:card\" content=\"summary_large_image\" \/>\n<script type=\"application\/ld+json\" class=\"yoast-schema-graph\">{\"@context\":\"https:\\\/\\\/schema.org\",\"@graph\":[{\"@type\":\"WebPage\",\"@id\":\"https:\\\/\\\/www.sorelektrik.com\\\/index.php\\\/urun\\\/transfer-salterleri-2\\\/\",\"url\":\"https:\\\/\\\/www.sorelektrik.com\\\/index.php\\\/urun\\\/transfer-salterleri-2\\\/\",\"name\":\"Transfer \u015ealterleri - Sor Elektrik\",\"isPartOf\":{\"@id\":\"https:\\\/\\\/www.sorelektrik.com\\\/#website\"},\"primaryImageOfPage\":{\"@id\":\"https:\\\/\\\/www.sorelektrik.com\\\/index.php\\\/urun\\\/transfer-salterleri-2\\\/#primaryimage\"},\"image\":{\"@id\":\"https:\\\/\\\/www.sorelektrik.com\\\/index.php\\\/urun\\\/transfer-salterleri-2\\\/#primaryimage\"},\"thumbnailUrl\":\"https:\\\/\\\/www.sorelektrik.com\\\/wp-content\\\/uploads\\\/2023\\\/09\\\/IMG_2147.png\",\"datePublished\":\"2023-09-13T08:34:37+00:00\",\"dateModified\":\"2023-09-13T08:34:38+00:00\",\"breadcrumb\":{\"@id\":\"https:\\\/\\\/www.sorelektrik.com\\\/index.php\\\/urun\\\/transfer-salterleri-2\\\/#breadcrumb\"},\"inLanguage\":\"tr\",\"potentialAction\":[{\"@type\":\"ReadAction\",\"target\":[\"https:\\\/\\\/www.sorelektrik.com\\\/index.php\\\/urun\\\/transfer-salterleri-2\\\/\"]}]},{\"@type\":\"ImageObject\",\"inLanguage\":\"tr\",\"@id\":\"https:\\\/\\\/www.sorelektrik.com\\\/index.php\\\/urun\\\/transfer-salterleri-2\\\/#primaryimage\",\"url\":\"https:\\\/\\\/www.sorelektrik.com\\\/wp-content\\\/uploads\\\/2023\\\/09\\\/IMG_2147.png\",\"contentUrl\":\"https:\\\/\\\/www.sorelektrik.com\\\/wp-content\\\/uploads\\\/2023\\\/09\\\/IMG_2147.png\",\"width\":1285,\"height\":900},{\"@type\":\"BreadcrumbList\",\"@id\":\"https:\\\/\\\/www.sorelektrik.com\\\/index.php\\\/urun\\\/transfer-salterleri-2\\\/#breadcrumb\",\"itemListElement\":[{\"@type\":\"ListItem\",\"position\":1,\"name\":\"Anasayfa\",\"item\":\"https:\\\/\\\/www.sorelektrik.com\\\/\"},{\"@type\":\"ListItem\",\"position\":2,\"name\":\"\u00dcr\u00fcnlerimiz\",\"item\":\"https:\\\/\\\/www.sorelektrik.com\\\/index.php\\\/urunlerimiz\\\/\"},{\"@type\":\"ListItem\",\"position\":3,\"name\":\"Transfer \u015ealterleri\"}]},{\"@type\":\"WebSite\",\"@id\":\"https:\\\/\\\/www.sorelektrik.com\\\/#website\",\"url\":\"https:\\\/\\\/www.sorelektrik.com\\\/\",\"name\":\"Sor Elektrik\",\"description\":\"Kalite Hi\u00e7bir Zaman Tesad\u00fcf De\u011fildir\",\"publisher\":{\"@id\":\"https:\\\/\\\/www.sorelektrik.com\\\/#organization\"},\"alternateName\":\"http:\\\/\\\/www.sorelektrik.com\\\/\",\"potentialAction\":[{\"@type\":\"SearchAction\",\"target\":{\"@type\":\"EntryPoint\",\"urlTemplate\":\"https:\\\/\\\/www.sorelektrik.com\\\/?s={search_term_string}\"},\"query-input\":{\"@type\":\"PropertyValueSpecification\",\"valueRequired\":true,\"valueName\":\"search_term_string\"}}],\"inLanguage\":\"tr\"},{\"@type\":\"Organization\",\"@id\":\"https:\\\/\\\/www.sorelektrik.com\\\/#organization\",\"name\":\"Sor Elektrik\",\"alternateName\":\"http:\\\/\\\/www.sorelektrik.com\\\/\",\"url\":\"https:\\\/\\\/www.sorelektrik.com\\\/\",\"logo\":{\"@type\":\"ImageObject\",\"inLanguage\":\"tr\",\"@id\":\"https:\\\/\\\/www.sorelektrik.com\\\/#\\\/schema\\\/logo\\\/image\\\/\",\"url\":\"http:\\\/\\\/www.sorelektrik.com\\\/wp-content\\\/uploads\\\/2023\\\/09\\\/sorlogoicon_Calisma-Yuzeyi-1.png\",\"contentUrl\":\"http:\\\/\\\/www.sorelektrik.com\\\/wp-content\\\/uploads\\\/2023\\\/09\\\/sorlogoicon_Calisma-Yuzeyi-1.png\",\"width\":2134,\"height\":2134,\"caption\":\"Sor Elektrik\"},\"image\":{\"@id\":\"https:\\\/\\\/www.sorelektrik.com\\\/#\\\/schema\\\/logo\\\/image\\\/\"}}]}<\/script>\n<!-- \/ Yoast SEO plugin. -->","yoast_head_json":{"title":"Transfer \u015ealterleri - Sor Elektrik","robots":{"index":"index","follow":"follow","max-snippet":"max-snippet:-1","max-image-preview":"max-image-preview:large","max-video-preview":"max-video-preview:-1"},"canonical":"https:\/\/www.sorelektrik.com\/index.php\/urun\/transfer-salterleri-2\/","og_locale":"tr_TR","og_type":"article","og_title":"Transfer \u015ealterleri - Sor Elektrik","og_description":"Elektrik kesilmesinin s\u0131k oldu\u011fu, kesintisiz g\u00fcce ihtiya\u00e7 duyulan ve kesintinin b\u00fcy\u00fck zarar do\u011furaca\u011f\u0131 (hastane, al\u0131\u015fveri\u015f merkezleri, bankalar, fabrikalar vb.) i\u015fletmelerde y\u00fck transferlerini ger\u00e7ekle\u015ftirmek amac\u0131yla g\u00fcvenle kullan\u0131l\u0131r.   2A\u2019den 125A\u2019e kadar \u00fcretilebilir,  \u00a0XKoren otomatik transfer \u015falterlerinde yap\u0131lan sistemde manuel ve otomatik kontrol se\u00e7ene\u011fi mevcuttur.  XKoren otomatik transfer \u015falterlerinde 0,1-5sn. kadar gecikme zaman ayar\u0131 ve transfer zaman ayar\u0131 yap\u0131labilmektedir.  Kolay ve g\u00fcvenilir montaja sahip olan sistemde, hem \u015febeke hem de jenerat\u00f6r \u00e7al\u0131\u015fma durumunda sonu\u00e7lar\u0131n g\u00f6zlenebildi\u011fi ak\u0131ll\u0131 kontrol \u00fcnitesi mevcuttur.  Teknik \u00d6zellikler:   Devre kesici anma ak\u0131m\u0131: 2-400A  Kutup say\u0131s\u0131: 3 ve 4  \u00c7al\u0131\u015fma gerilimi: 140-270V  Transfer zaman gecikmesi: 0,5 ile 90 sn aras\u0131nda ayarlanabilir  Anma i\u015fletme gerilimi: 415V  \u00c7al\u0131\u015fma s\u0131cakl\u0131\u011f\u0131 -20\u02daC ile +60\u02daC aras\u0131nda","og_url":"https:\/\/www.sorelektrik.com\/index.php\/urun\/transfer-salterleri-2\/","og_site_name":"Sor Elektrik","article_modified_time":"2023-09-13T08:34:38+00:00","og_image":[{"width":1285,"height":900,"url":"https:\/\/www.sorelektrik.com\/wp-content\/uploads\/2023\/09\/IMG_2147.png","type":"image\/png"}],"twitter_card":"summary_large_image","schema":{"@context":"https:\/\/schema.org","@graph":[{"@type":"WebPage","@id":"https:\/\/www.sorelektrik.com\/index.php\/urun\/transfer-salterleri-2\/","url":"https:\/\/www.sorelektrik.com\/index.php\/urun\/transfer-salterleri-2\/","name":"Transfer \u015ealterleri - Sor Elektrik","isPartOf":{"@id":"https:\/\/www.sorelektrik.com\/#website"},"primaryImageOfPage":{"@id":"https:\/\/www.sorelektrik.com\/index.php\/urun\/transfer-salterleri-2\/#primaryimage"},"image":{"@id":"https:\/\/www.sorelektrik.com\/index.php\/urun\/transfer-salterleri-2\/#primaryimage"},"thumbnailUrl":"https:\/\/www.sorelektrik.com\/wp-content\/uploads\/2023\/09\/IMG_2147.png","datePublished":"2023-09-13T08:34:37+00:00","dateModified":"2023-09-13T08:34:38+00:00","breadcrumb":{"@id":"https:\/\/www.sorelektrik.com\/index.php\/urun\/transfer-salterleri-2\/#breadcrumb"},"inLanguage":"tr","potentialAction":[{"@type":"ReadAction","target":["https:\/\/www.sorelektrik.com\/index.php\/urun\/transfer-salterleri-2\/"]}]},{"@type":"ImageObject","inLanguage":"tr","@id":"https:\/\/www.sorelektrik.com\/index.php\/urun\/transfer-salterleri-2\/#primaryimage","url":"https:\/\/www.sorelektrik.com\/wp-content\/uploads\/2023\/09\/IMG_2147.png","contentUrl":"https:\/\/www.sorelektrik.com\/wp-content\/uploads\/2023\/09\/IMG_2147.png","width":1285,"height":900},{"@type":"BreadcrumbList","@id":"https:\/\/www.sorelektrik.com\/index.php\/urun\/transfer-salterleri-2\/#breadcrumb","itemListElement":[{"@type":"ListItem","position":1,"name":"Anasayfa","item":"https:\/\/www.sorelektrik.com\/"},{"@type":"ListItem","position":2,"name":"\u00dcr\u00fcnlerimiz","item":"https:\/\/www.sorelektrik.com\/index.php\/urunlerimiz\/"},{"@type":"ListItem","position":3,"name":"Transfer \u015ealterleri"}]},{"@type":"WebSite","@id":"https:\/\/www.sorelektrik.com\/#website","url":"https:\/\/www.sorelektrik.com\/","name":"Sor Elektrik","description":"Kalite Hi\u00e7bir Zaman Tesad\u00fcf De\u011fildir","publisher":{"@id":"https:\/\/www.sorelektrik.com\/#organization"},"alternateName":"http:\/\/www.sorelektrik.com\/","potentialAction":[{"@type":"SearchAction","target":{"@type":"EntryPoint","urlTemplate":"https:\/\/www.sorelektrik.com\/?s={search_term_string}"},"query-input":{"@type":"PropertyValueSpecification","valueRequired":true,"valueName":"search_term_string"}}],"inLanguage":"tr"},{"@type":"Organization","@id":"https:\/\/www.sorelektrik.com\/#organization","name":"Sor Elektrik","alternateName":"http:\/\/www.sorelektrik.com\/","url":"https:\/\/www.sorelektrik.com\/","logo":{"@type":"ImageObject","inLanguage":"tr","@id":"https:\/\/www.sorelektrik.com\/#\/schema\/logo\/image\/","url":"http:\/\/www.sorelektrik.com\/wp-content\/uploads\/2023\/09\/sorlogoicon_Calisma-Yuzeyi-1.png","contentUrl":"http:\/\/www.sorelektrik.com\/wp-content\/uploads\/2023\/09\/sorlogoicon_Calisma-Yuzeyi-1.png","width":2134,"height":2134,"caption":"Sor Elektrik"},"image":{"@id":"https:\/\/www.sorelektrik.com\/#\/schema\/logo\/image\/"}}]}},"_links":{"self":[{"href":"https:\/\/www.sorelektrik.com\/index.php\/wp-json\/wp\/v2\/product\/704","targetHints":{"allow":["GET"]}}],"collection":[{"href":"https:\/\/www.sorelektrik.com\/index.php\/wp-json\/wp\/v2\/product"}],"about":[{"href":"https:\/\/www.sorelektrik.com\/index.php\/wp-json\/wp\/v2\/types\/product"}],"replies":[{"embeddable":true,"href":"https:\/\/www.sorelektrik.com\/index.php\/wp-json\/wp\/v2\/comments?post=704"}],"wp:featuredmedia":[{"embeddable":true,"href":"https:\/\/www.sorelektrik.com\/index.php\/wp-json\/wp\/v2\/media\/705"}],"wp:attachment":[{"href":"https:\/\/www.sorelektrik.com\/index.php\/wp-json\/wp\/v2\/media?parent=704"}],"wp:term":[{"taxonomy":"product_brand","embeddable":true,"href":"https:\/\/www.sorelektrik.com\/index.php\/wp-json\/wp\/v2\/product_brand?post=704"},{"taxonomy":"product_cat","embeddable":true,"href":"https:\/\/www.sorelektrik.com\/index.php\/wp-json\/wp\/v2\/product_cat?post=704"},{"taxonomy":"product_tag","embeddable":true,"href":"https:\/\/www.sorelektrik.com\/index.php\/wp-json\/wp\/v2\/product_tag?post=704"}],"curies":[{"name":"wp","href":"https:\/\/api.w.org\/{rel}","templated":true}]}}