{"id":720,"date":"2023-09-13T12:01:00","date_gmt":"2023-09-13T09:01:00","guid":{"rendered":"http:\/\/www.sorelektrik.com\/?post_type=product&#038;p=720"},"modified":"2023-09-13T12:01:01","modified_gmt":"2023-09-13T09:01:01","slug":"xkter-100","status":"publish","type":"product","link":"https:\/\/www.sorelektrik.com\/index.php\/urun\/xkter-100\/","title":{"rendered":"XKter &#8211; 100"},"content":{"rendered":"","protected":false},"excerpt":{"rendered":"<p>R\u00f6leler \u00fczerinden ak\u0131m ge\u00e7ti\u011finde \u00e7al\u0131\u015farak elektromanyetik anahtarlama eleman\u0131 olarak kullan\u0131l\u0131r.<\/p>\n<p>TEKN\u0130K \u00d6ZELL\u0130KLER<\/p>\n<p>\u25a0 Y\u0131ld\u0131z\/\u00dc\u00e7gen gecikmeli zaman r\u00f6lesi:<br \/>\nZaman gecikmesi aral\u0131\u011f\u0131: 0,1s-10dk<br \/>\nAnahtarlama s\u00fcresi t2: 0,1s-1s<br \/>\n\u25a0 Asimetrik d\u00f6ng\u00fcl\u00fc zaman r\u00f6lesi: 0,1s-100 g\u00fcn<br \/>\n\u25a0 Seviye kontrol r\u00f6lesi: 2 seviye kontrol modu<br \/>\n\u25a0 Merdiven otomati\u011fi: kontak anahtar\u0131na tepki vermeyi geciktirme<br \/>\n\u25a0 \u00c7ok fonksiyonu \u00e7\u0131k\u0131\u015f r\u00f6lesi: tek \/ \u00e7ift kontak<br \/>\n\u25a0 3 faz gerilim r\u00f6lesi: a\u015f\u0131r\u0131 gerilim \/ asimetri gecikme zaman r\u00f6lesi \/ d\u00fc\u015f\u00fck gerilim \/ faz s\u0131ras\u0131 \/ faz hatas\u0131<\/p>\n","protected":false},"featured_media":721,"comment_status":"closed","ping_status":"closed","template":"","meta":[],"product_brand":[],"product_cat":[64],"product_tag":[],"class_list":{"0":"post-720","1":"product","2":"type-product","3":"status-publish","4":"has-post-thumbnail","6":"product_cat-roleler","8":"first","9":"instock","10":"shipping-taxable","11":"product-type-simple"},"yoast_head":"<!-- This site is optimized with the Yoast SEO plugin v27.4 - https:\/\/yoast.com\/product\/yoast-seo-wordpress\/ -->\n<title>XKter - 100 - Sor Elektrik<\/title>\n<meta name=\"robots\" content=\"index, follow, max-snippet:-1, max-image-preview:large, max-video-preview:-1\" \/>\n<link rel=\"canonical\" href=\"https:\/\/www.sorelektrik.com\/index.php\/urun\/xkter-100\/\" \/>\n<meta property=\"og:locale\" content=\"tr_TR\" \/>\n<meta property=\"og:type\" content=\"article\" \/>\n<meta property=\"og:title\" content=\"XKter - 100 - Sor Elektrik\" \/>\n<meta property=\"og:description\" content=\"R\u00f6leler \u00fczerinden ak\u0131m ge\u00e7ti\u011finde \u00e7al\u0131\u015farak elektromanyetik anahtarlama eleman\u0131 olarak kullan\u0131l\u0131r.  TEKN\u0130K \u00d6ZELL\u0130KLER  \u25a0 Y\u0131ld\u0131z\/\u00dc\u00e7gen gecikmeli zaman r\u00f6lesi: Zaman gecikmesi aral\u0131\u011f\u0131: 0,1s-10dk Anahtarlama s\u00fcresi t2: 0,1s-1s \u25a0 Asimetrik d\u00f6ng\u00fcl\u00fc zaman r\u00f6lesi: 0,1s-100 g\u00fcn \u25a0 Seviye kontrol r\u00f6lesi: 2 seviye kontrol modu \u25a0 Merdiven otomati\u011fi: kontak anahtar\u0131na tepki vermeyi geciktirme \u25a0 \u00c7ok fonksiyonu \u00e7\u0131k\u0131\u015f r\u00f6lesi: tek \/ \u00e7ift kontak \u25a0 3 faz gerilim r\u00f6lesi: a\u015f\u0131r\u0131 gerilim \/ asimetri gecikme zaman r\u00f6lesi \/ d\u00fc\u015f\u00fck gerilim \/ faz s\u0131ras\u0131 \/ faz hatas\u0131\" \/>\n<meta property=\"og:url\" content=\"https:\/\/www.sorelektrik.com\/index.php\/urun\/xkter-100\/\" \/>\n<meta property=\"og:site_name\" content=\"Sor Elektrik\" \/>\n<meta property=\"article:modified_time\" content=\"2023-09-13T09:01:01+00:00\" \/>\n<meta property=\"og:image\" content=\"https:\/\/www.sorelektrik.com\/wp-content\/uploads\/2023\/09\/UBA6038.png\" \/>\n\t<meta property=\"og:image:width\" content=\"900\" \/>\n\t<meta property=\"og:image:height\" content=\"900\" \/>\n\t<meta property=\"og:image:type\" content=\"image\/png\" \/>\n<meta name=\"twitter:card\" content=\"summary_large_image\" \/>\n<script type=\"application\/ld+json\" class=\"yoast-schema-graph\">{\"@context\":\"https:\\\/\\\/schema.org\",\"@graph\":[{\"@type\":\"WebPage\",\"@id\":\"https:\\\/\\\/www.sorelektrik.com\\\/index.php\\\/urun\\\/xkter-100\\\/\",\"url\":\"https:\\\/\\\/www.sorelektrik.com\\\/index.php\\\/urun\\\/xkter-100\\\/\",\"name\":\"XKter - 100 - Sor Elektrik\",\"isPartOf\":{\"@id\":\"https:\\\/\\\/www.sorelektrik.com\\\/#website\"},\"primaryImageOfPage\":{\"@id\":\"https:\\\/\\\/www.sorelektrik.com\\\/index.php\\\/urun\\\/xkter-100\\\/#primaryimage\"},\"image\":{\"@id\":\"https:\\\/\\\/www.sorelektrik.com\\\/index.php\\\/urun\\\/xkter-100\\\/#primaryimage\"},\"thumbnailUrl\":\"https:\\\/\\\/www.sorelektrik.com\\\/wp-content\\\/uploads\\\/2023\\\/09\\\/UBA6038.png\",\"datePublished\":\"2023-09-13T09:01:00+00:00\",\"dateModified\":\"2023-09-13T09:01:01+00:00\",\"breadcrumb\":{\"@id\":\"https:\\\/\\\/www.sorelektrik.com\\\/index.php\\\/urun\\\/xkter-100\\\/#breadcrumb\"},\"inLanguage\":\"tr\",\"potentialAction\":[{\"@type\":\"ReadAction\",\"target\":[\"https:\\\/\\\/www.sorelektrik.com\\\/index.php\\\/urun\\\/xkter-100\\\/\"]}]},{\"@type\":\"ImageObject\",\"inLanguage\":\"tr\",\"@id\":\"https:\\\/\\\/www.sorelektrik.com\\\/index.php\\\/urun\\\/xkter-100\\\/#primaryimage\",\"url\":\"https:\\\/\\\/www.sorelektrik.com\\\/wp-content\\\/uploads\\\/2023\\\/09\\\/UBA6038.png\",\"contentUrl\":\"https:\\\/\\\/www.sorelektrik.com\\\/wp-content\\\/uploads\\\/2023\\\/09\\\/UBA6038.png\",\"width\":900,\"height\":900},{\"@type\":\"BreadcrumbList\",\"@id\":\"https:\\\/\\\/www.sorelektrik.com\\\/index.php\\\/urun\\\/xkter-100\\\/#breadcrumb\",\"itemListElement\":[{\"@type\":\"ListItem\",\"position\":1,\"name\":\"Anasayfa\",\"item\":\"https:\\\/\\\/www.sorelektrik.com\\\/\"},{\"@type\":\"ListItem\",\"position\":2,\"name\":\"\u00dcr\u00fcnlerimiz\",\"item\":\"https:\\\/\\\/www.sorelektrik.com\\\/index.php\\\/urunlerimiz\\\/\"},{\"@type\":\"ListItem\",\"position\":3,\"name\":\"XKter &#8211; 100\"}]},{\"@type\":\"WebSite\",\"@id\":\"https:\\\/\\\/www.sorelektrik.com\\\/#website\",\"url\":\"https:\\\/\\\/www.sorelektrik.com\\\/\",\"name\":\"Sor Elektrik\",\"description\":\"Kalite Hi\u00e7bir Zaman Tesad\u00fcf De\u011fildir\",\"publisher\":{\"@id\":\"https:\\\/\\\/www.sorelektrik.com\\\/#organization\"},\"alternateName\":\"http:\\\/\\\/www.sorelektrik.com\\\/\",\"potentialAction\":[{\"@type\":\"SearchAction\",\"target\":{\"@type\":\"EntryPoint\",\"urlTemplate\":\"https:\\\/\\\/www.sorelektrik.com\\\/?s={search_term_string}\"},\"query-input\":{\"@type\":\"PropertyValueSpecification\",\"valueRequired\":true,\"valueName\":\"search_term_string\"}}],\"inLanguage\":\"tr\"},{\"@type\":\"Organization\",\"@id\":\"https:\\\/\\\/www.sorelektrik.com\\\/#organization\",\"name\":\"Sor Elektrik\",\"alternateName\":\"http:\\\/\\\/www.sorelektrik.com\\\/\",\"url\":\"https:\\\/\\\/www.sorelektrik.com\\\/\",\"logo\":{\"@type\":\"ImageObject\",\"inLanguage\":\"tr\",\"@id\":\"https:\\\/\\\/www.sorelektrik.com\\\/#\\\/schema\\\/logo\\\/image\\\/\",\"url\":\"http:\\\/\\\/www.sorelektrik.com\\\/wp-content\\\/uploads\\\/2023\\\/09\\\/sorlogoicon_Calisma-Yuzeyi-1.png\",\"contentUrl\":\"http:\\\/\\\/www.sorelektrik.com\\\/wp-content\\\/uploads\\\/2023\\\/09\\\/sorlogoicon_Calisma-Yuzeyi-1.png\",\"width\":2134,\"height\":2134,\"caption\":\"Sor Elektrik\"},\"image\":{\"@id\":\"https:\\\/\\\/www.sorelektrik.com\\\/#\\\/schema\\\/logo\\\/image\\\/\"}}]}<\/script>\n<!-- \/ Yoast SEO plugin. -->","yoast_head_json":{"title":"XKter - 100 - Sor Elektrik","robots":{"index":"index","follow":"follow","max-snippet":"max-snippet:-1","max-image-preview":"max-image-preview:large","max-video-preview":"max-video-preview:-1"},"canonical":"https:\/\/www.sorelektrik.com\/index.php\/urun\/xkter-100\/","og_locale":"tr_TR","og_type":"article","og_title":"XKter - 100 - Sor Elektrik","og_description":"R\u00f6leler \u00fczerinden ak\u0131m ge\u00e7ti\u011finde \u00e7al\u0131\u015farak elektromanyetik anahtarlama eleman\u0131 olarak kullan\u0131l\u0131r.  TEKN\u0130K \u00d6ZELL\u0130KLER  \u25a0 Y\u0131ld\u0131z\/\u00dc\u00e7gen gecikmeli zaman r\u00f6lesi: Zaman gecikmesi aral\u0131\u011f\u0131: 0,1s-10dk Anahtarlama s\u00fcresi t2: 0,1s-1s \u25a0 Asimetrik d\u00f6ng\u00fcl\u00fc zaman r\u00f6lesi: 0,1s-100 g\u00fcn \u25a0 Seviye kontrol r\u00f6lesi: 2 seviye kontrol modu \u25a0 Merdiven otomati\u011fi: kontak anahtar\u0131na tepki vermeyi geciktirme \u25a0 \u00c7ok fonksiyonu \u00e7\u0131k\u0131\u015f r\u00f6lesi: tek \/ \u00e7ift kontak \u25a0 3 faz gerilim r\u00f6lesi: a\u015f\u0131r\u0131 gerilim \/ asimetri gecikme zaman r\u00f6lesi \/ d\u00fc\u015f\u00fck gerilim \/ faz s\u0131ras\u0131 \/ faz hatas\u0131","og_url":"https:\/\/www.sorelektrik.com\/index.php\/urun\/xkter-100\/","og_site_name":"Sor Elektrik","article_modified_time":"2023-09-13T09:01:01+00:00","og_image":[{"width":900,"height":900,"url":"https:\/\/www.sorelektrik.com\/wp-content\/uploads\/2023\/09\/UBA6038.png","type":"image\/png"}],"twitter_card":"summary_large_image","schema":{"@context":"https:\/\/schema.org","@graph":[{"@type":"WebPage","@id":"https:\/\/www.sorelektrik.com\/index.php\/urun\/xkter-100\/","url":"https:\/\/www.sorelektrik.com\/index.php\/urun\/xkter-100\/","name":"XKter - 100 - Sor Elektrik","isPartOf":{"@id":"https:\/\/www.sorelektrik.com\/#website"},"primaryImageOfPage":{"@id":"https:\/\/www.sorelektrik.com\/index.php\/urun\/xkter-100\/#primaryimage"},"image":{"@id":"https:\/\/www.sorelektrik.com\/index.php\/urun\/xkter-100\/#primaryimage"},"thumbnailUrl":"https:\/\/www.sorelektrik.com\/wp-content\/uploads\/2023\/09\/UBA6038.png","datePublished":"2023-09-13T09:01:00+00:00","dateModified":"2023-09-13T09:01:01+00:00","breadcrumb":{"@id":"https:\/\/www.sorelektrik.com\/index.php\/urun\/xkter-100\/#breadcrumb"},"inLanguage":"tr","potentialAction":[{"@type":"ReadAction","target":["https:\/\/www.sorelektrik.com\/index.php\/urun\/xkter-100\/"]}]},{"@type":"ImageObject","inLanguage":"tr","@id":"https:\/\/www.sorelektrik.com\/index.php\/urun\/xkter-100\/#primaryimage","url":"https:\/\/www.sorelektrik.com\/wp-content\/uploads\/2023\/09\/UBA6038.png","contentUrl":"https:\/\/www.sorelektrik.com\/wp-content\/uploads\/2023\/09\/UBA6038.png","width":900,"height":900},{"@type":"BreadcrumbList","@id":"https:\/\/www.sorelektrik.com\/index.php\/urun\/xkter-100\/#breadcrumb","itemListElement":[{"@type":"ListItem","position":1,"name":"Anasayfa","item":"https:\/\/www.sorelektrik.com\/"},{"@type":"ListItem","position":2,"name":"\u00dcr\u00fcnlerimiz","item":"https:\/\/www.sorelektrik.com\/index.php\/urunlerimiz\/"},{"@type":"ListItem","position":3,"name":"XKter &#8211; 100"}]},{"@type":"WebSite","@id":"https:\/\/www.sorelektrik.com\/#website","url":"https:\/\/www.sorelektrik.com\/","name":"Sor Elektrik","description":"Kalite Hi\u00e7bir Zaman Tesad\u00fcf De\u011fildir","publisher":{"@id":"https:\/\/www.sorelektrik.com\/#organization"},"alternateName":"http:\/\/www.sorelektrik.com\/","potentialAction":[{"@type":"SearchAction","target":{"@type":"EntryPoint","urlTemplate":"https:\/\/www.sorelektrik.com\/?s={search_term_string}"},"query-input":{"@type":"PropertyValueSpecification","valueRequired":true,"valueName":"search_term_string"}}],"inLanguage":"tr"},{"@type":"Organization","@id":"https:\/\/www.sorelektrik.com\/#organization","name":"Sor Elektrik","alternateName":"http:\/\/www.sorelektrik.com\/","url":"https:\/\/www.sorelektrik.com\/","logo":{"@type":"ImageObject","inLanguage":"tr","@id":"https:\/\/www.sorelektrik.com\/#\/schema\/logo\/image\/","url":"http:\/\/www.sorelektrik.com\/wp-content\/uploads\/2023\/09\/sorlogoicon_Calisma-Yuzeyi-1.png","contentUrl":"http:\/\/www.sorelektrik.com\/wp-content\/uploads\/2023\/09\/sorlogoicon_Calisma-Yuzeyi-1.png","width":2134,"height":2134,"caption":"Sor Elektrik"},"image":{"@id":"https:\/\/www.sorelektrik.com\/#\/schema\/logo\/image\/"}}]}},"_links":{"self":[{"href":"https:\/\/www.sorelektrik.com\/index.php\/wp-json\/wp\/v2\/product\/720","targetHints":{"allow":["GET"]}}],"collection":[{"href":"https:\/\/www.sorelektrik.com\/index.php\/wp-json\/wp\/v2\/product"}],"about":[{"href":"https:\/\/www.sorelektrik.com\/index.php\/wp-json\/wp\/v2\/types\/product"}],"replies":[{"embeddable":true,"href":"https:\/\/www.sorelektrik.com\/index.php\/wp-json\/wp\/v2\/comments?post=720"}],"wp:featuredmedia":[{"embeddable":true,"href":"https:\/\/www.sorelektrik.com\/index.php\/wp-json\/wp\/v2\/media\/721"}],"wp:attachment":[{"href":"https:\/\/www.sorelektrik.com\/index.php\/wp-json\/wp\/v2\/media?parent=720"}],"wp:term":[{"taxonomy":"product_brand","embeddable":true,"href":"https:\/\/www.sorelektrik.com\/index.php\/wp-json\/wp\/v2\/product_brand?post=720"},{"taxonomy":"product_cat","embeddable":true,"href":"https:\/\/www.sorelektrik.com\/index.php\/wp-json\/wp\/v2\/product_cat?post=720"},{"taxonomy":"product_tag","embeddable":true,"href":"https:\/\/www.sorelektrik.com\/index.php\/wp-json\/wp\/v2\/product_tag?post=720"}],"curies":[{"name":"wp","href":"https:\/\/api.w.org\/{rel}","templated":true}]}}