{"id":746,"date":"2023-09-13T12:13:01","date_gmt":"2023-09-13T09:13:01","guid":{"rendered":"http:\/\/www.sorelektrik.com\/?post_type=product&#038;p=746"},"modified":"2023-09-13T12:13:03","modified_gmt":"2023-09-13T09:13:03","slug":"armaturlu-silikon-kablolu","status":"publish","type":"product","link":"https:\/\/www.sorelektrik.com\/index.php\/urun\/armaturlu-silikon-kablolu\/","title":{"rendered":"Armat\u00fcrl\u00fc Silikon Kablolu"},"content":{"rendered":"","protected":false},"excerpt":{"rendered":"<p>Sinyal Lambalar\u0131<br \/>\nPano sinyal lambalar\u0131, panoya ba\u011fl\u0131 elektrik devresinde herhangi bir enerji kesilmesi veya ar\u0131za durumunu kullan\u0131c\u0131n\u0131n farketmesi i\u00e7in tasarlanm\u0131\u015f led g\u00f6stergeli bir elektrik ekipman\u0131d\u0131r. Elektrik panosunun kapa\u011f\u0131na veya ray\u0131 sistemine monte edilmek \u00fczere iki farkl\u0131 tipte olmaktad\u0131r. PLC sistemlerine ba\u011fl\u0131 olarak \u00e7al\u0131\u015fan d\u00fczeneklerde otomasyon sisteminin devreye girip \u00e7\u0131kmas\u0131n\u0131 kullan\u0131c\u0131ya bildirmektedir. Elektrik panosu i\u00e7erisinde rayl\u0131 led sinyal lambalar\u0131 kullan\u0131lmaktad\u0131r. Farkl\u0131 renk led \u0131\u015f\u0131k se\u00e7enekleri bulunmaktad\u0131r.<\/p>\n<p>\u25a0 Voltmetreli ve ampermetreli sinyal lambalar\u0131nda 22mm k\u0131rm\u0131z\u0131, beyaz, ye\u015fil, sar\u0131, mavi renk se\u00e7enekleri mevcuttur.<br \/>\n\u25a0 IEC\/EN 60947 standartlar\u0131na uygun<\/p>\n<p>Butonlar<\/p>\n<p>\u25a0 Yayl\u0131 ve mantar 22mm butonlar<br \/>\n\u25a0 K\u0131rm\u0131z\u0131, ye\u015fil, sar\u0131 kontakl\u0131 yayl\u0131 buton \u00e7e\u015fitleri<br \/>\n\u25a0 Mandal buton alternatifi<br \/>\n\u25a0 Acil stop etiketi mevcut<br \/>\n\u25a0 1NA Ye\u015fil start butonu i\u00e7in kontak blo\u011fu<br \/>\n\u25a0 1NK K\u0131rm\u0131z\u0131 start butonu i\u00e7in kontak blo\u011fu<br \/>\n\u25a0 1NO\/1NC Kontakl\u0131 ikiz buton<\/p>\n","protected":false},"featured_media":747,"comment_status":"closed","ping_status":"closed","template":"","meta":[],"product_brand":[],"product_cat":[65],"product_tag":[],"class_list":{"0":"post-746","1":"product","2":"type-product","3":"status-publish","4":"has-post-thumbnail","6":"product_cat-pano-sinyal-lambalari-ve-butonlar","8":"first","9":"instock","10":"shipping-taxable","11":"product-type-simple"},"yoast_head":"<!-- This site is optimized with the Yoast SEO plugin v27.4 - https:\/\/yoast.com\/product\/yoast-seo-wordpress\/ -->\n<title>Armat\u00fcrl\u00fc Silikon Kablolu - Sor Elektrik<\/title>\n<meta name=\"robots\" content=\"index, follow, max-snippet:-1, max-image-preview:large, max-video-preview:-1\" \/>\n<link rel=\"canonical\" href=\"https:\/\/www.sorelektrik.com\/index.php\/urun\/armaturlu-silikon-kablolu\/\" \/>\n<meta property=\"og:locale\" content=\"tr_TR\" \/>\n<meta property=\"og:type\" content=\"article\" \/>\n<meta property=\"og:title\" content=\"Armat\u00fcrl\u00fc Silikon Kablolu - Sor Elektrik\" \/>\n<meta property=\"og:description\" content=\"Sinyal Lambalar\u0131 Pano sinyal lambalar\u0131, panoya ba\u011fl\u0131 elektrik devresinde herhangi bir enerji kesilmesi veya ar\u0131za durumunu kullan\u0131c\u0131n\u0131n farketmesi i\u00e7in tasarlanm\u0131\u015f led g\u00f6stergeli bir elektrik ekipman\u0131d\u0131r. Elektrik panosunun kapa\u011f\u0131na veya ray\u0131 sistemine monte edilmek \u00fczere iki farkl\u0131 tipte olmaktad\u0131r. PLC sistemlerine ba\u011fl\u0131 olarak \u00e7al\u0131\u015fan d\u00fczeneklerde otomasyon sisteminin devreye girip \u00e7\u0131kmas\u0131n\u0131 kullan\u0131c\u0131ya bildirmektedir. Elektrik panosu i\u00e7erisinde rayl\u0131 led sinyal lambalar\u0131 kullan\u0131lmaktad\u0131r. Farkl\u0131 renk led \u0131\u015f\u0131k se\u00e7enekleri bulunmaktad\u0131r.  \u25a0 Voltmetreli ve ampermetreli sinyal lambalar\u0131nda 22mm k\u0131rm\u0131z\u0131, beyaz, ye\u015fil, sar\u0131, mavi renk se\u00e7enekleri mevcuttur. \u25a0 IEC\/EN 60947 standartlar\u0131na uygun  Butonlar  \u25a0 Yayl\u0131 ve mantar 22mm butonlar \u25a0 K\u0131rm\u0131z\u0131, ye\u015fil, sar\u0131 kontakl\u0131 yayl\u0131 buton \u00e7e\u015fitleri \u25a0 Mandal buton alternatifi \u25a0 Acil stop etiketi mevcut \u25a0 1NA Ye\u015fil start butonu i\u00e7in kontak blo\u011fu \u25a0 1NK K\u0131rm\u0131z\u0131 start butonu i\u00e7in kontak blo\u011fu \u25a0 1NO\/1NC Kontakl\u0131 ikiz buton\" \/>\n<meta property=\"og:url\" content=\"https:\/\/www.sorelektrik.com\/index.php\/urun\/armaturlu-silikon-kablolu\/\" \/>\n<meta property=\"og:site_name\" content=\"Sor Elektrik\" \/>\n<meta property=\"article:modified_time\" content=\"2023-09-13T09:13:03+00:00\" \/>\n<meta property=\"og:image\" content=\"https:\/\/www.sorelektrik.com\/wp-content\/uploads\/2023\/09\/ARMATURLU-SILIKON-KABLOLU.png\" \/>\n\t<meta property=\"og:image:width\" content=\"900\" \/>\n\t<meta property=\"og:image:height\" content=\"900\" \/>\n\t<meta property=\"og:image:type\" content=\"image\/png\" \/>\n<meta name=\"twitter:card\" content=\"summary_large_image\" \/>\n<script type=\"application\/ld+json\" class=\"yoast-schema-graph\">{\"@context\":\"https:\\\/\\\/schema.org\",\"@graph\":[{\"@type\":\"WebPage\",\"@id\":\"https:\\\/\\\/www.sorelektrik.com\\\/index.php\\\/urun\\\/armaturlu-silikon-kablolu\\\/\",\"url\":\"https:\\\/\\\/www.sorelektrik.com\\\/index.php\\\/urun\\\/armaturlu-silikon-kablolu\\\/\",\"name\":\"Armat\u00fcrl\u00fc Silikon Kablolu - Sor Elektrik\",\"isPartOf\":{\"@id\":\"https:\\\/\\\/www.sorelektrik.com\\\/#website\"},\"primaryImageOfPage\":{\"@id\":\"https:\\\/\\\/www.sorelektrik.com\\\/index.php\\\/urun\\\/armaturlu-silikon-kablolu\\\/#primaryimage\"},\"image\":{\"@id\":\"https:\\\/\\\/www.sorelektrik.com\\\/index.php\\\/urun\\\/armaturlu-silikon-kablolu\\\/#primaryimage\"},\"thumbnailUrl\":\"https:\\\/\\\/www.sorelektrik.com\\\/wp-content\\\/uploads\\\/2023\\\/09\\\/ARMATURLU-SILIKON-KABLOLU.png\",\"datePublished\":\"2023-09-13T09:13:01+00:00\",\"dateModified\":\"2023-09-13T09:13:03+00:00\",\"breadcrumb\":{\"@id\":\"https:\\\/\\\/www.sorelektrik.com\\\/index.php\\\/urun\\\/armaturlu-silikon-kablolu\\\/#breadcrumb\"},\"inLanguage\":\"tr\",\"potentialAction\":[{\"@type\":\"ReadAction\",\"target\":[\"https:\\\/\\\/www.sorelektrik.com\\\/index.php\\\/urun\\\/armaturlu-silikon-kablolu\\\/\"]}]},{\"@type\":\"ImageObject\",\"inLanguage\":\"tr\",\"@id\":\"https:\\\/\\\/www.sorelektrik.com\\\/index.php\\\/urun\\\/armaturlu-silikon-kablolu\\\/#primaryimage\",\"url\":\"https:\\\/\\\/www.sorelektrik.com\\\/wp-content\\\/uploads\\\/2023\\\/09\\\/ARMATURLU-SILIKON-KABLOLU.png\",\"contentUrl\":\"https:\\\/\\\/www.sorelektrik.com\\\/wp-content\\\/uploads\\\/2023\\\/09\\\/ARMATURLU-SILIKON-KABLOLU.png\",\"width\":900,\"height\":900},{\"@type\":\"BreadcrumbList\",\"@id\":\"https:\\\/\\\/www.sorelektrik.com\\\/index.php\\\/urun\\\/armaturlu-silikon-kablolu\\\/#breadcrumb\",\"itemListElement\":[{\"@type\":\"ListItem\",\"position\":1,\"name\":\"Anasayfa\",\"item\":\"https:\\\/\\\/www.sorelektrik.com\\\/\"},{\"@type\":\"ListItem\",\"position\":2,\"name\":\"\u00dcr\u00fcnlerimiz\",\"item\":\"https:\\\/\\\/www.sorelektrik.com\\\/index.php\\\/urunlerimiz\\\/\"},{\"@type\":\"ListItem\",\"position\":3,\"name\":\"Armat\u00fcrl\u00fc Silikon Kablolu\"}]},{\"@type\":\"WebSite\",\"@id\":\"https:\\\/\\\/www.sorelektrik.com\\\/#website\",\"url\":\"https:\\\/\\\/www.sorelektrik.com\\\/\",\"name\":\"Sor Elektrik\",\"description\":\"Kalite Hi\u00e7bir Zaman Tesad\u00fcf De\u011fildir\",\"publisher\":{\"@id\":\"https:\\\/\\\/www.sorelektrik.com\\\/#organization\"},\"alternateName\":\"http:\\\/\\\/www.sorelektrik.com\\\/\",\"potentialAction\":[{\"@type\":\"SearchAction\",\"target\":{\"@type\":\"EntryPoint\",\"urlTemplate\":\"https:\\\/\\\/www.sorelektrik.com\\\/?s={search_term_string}\"},\"query-input\":{\"@type\":\"PropertyValueSpecification\",\"valueRequired\":true,\"valueName\":\"search_term_string\"}}],\"inLanguage\":\"tr\"},{\"@type\":\"Organization\",\"@id\":\"https:\\\/\\\/www.sorelektrik.com\\\/#organization\",\"name\":\"Sor Elektrik\",\"alternateName\":\"http:\\\/\\\/www.sorelektrik.com\\\/\",\"url\":\"https:\\\/\\\/www.sorelektrik.com\\\/\",\"logo\":{\"@type\":\"ImageObject\",\"inLanguage\":\"tr\",\"@id\":\"https:\\\/\\\/www.sorelektrik.com\\\/#\\\/schema\\\/logo\\\/image\\\/\",\"url\":\"http:\\\/\\\/www.sorelektrik.com\\\/wp-content\\\/uploads\\\/2023\\\/09\\\/sorlogoicon_Calisma-Yuzeyi-1.png\",\"contentUrl\":\"http:\\\/\\\/www.sorelektrik.com\\\/wp-content\\\/uploads\\\/2023\\\/09\\\/sorlogoicon_Calisma-Yuzeyi-1.png\",\"width\":2134,\"height\":2134,\"caption\":\"Sor Elektrik\"},\"image\":{\"@id\":\"https:\\\/\\\/www.sorelektrik.com\\\/#\\\/schema\\\/logo\\\/image\\\/\"}}]}<\/script>\n<!-- \/ Yoast SEO plugin. -->","yoast_head_json":{"title":"Armat\u00fcrl\u00fc Silikon Kablolu - Sor Elektrik","robots":{"index":"index","follow":"follow","max-snippet":"max-snippet:-1","max-image-preview":"max-image-preview:large","max-video-preview":"max-video-preview:-1"},"canonical":"https:\/\/www.sorelektrik.com\/index.php\/urun\/armaturlu-silikon-kablolu\/","og_locale":"tr_TR","og_type":"article","og_title":"Armat\u00fcrl\u00fc Silikon Kablolu - Sor Elektrik","og_description":"Sinyal Lambalar\u0131 Pano sinyal lambalar\u0131, panoya ba\u011fl\u0131 elektrik devresinde herhangi bir enerji kesilmesi veya ar\u0131za durumunu kullan\u0131c\u0131n\u0131n farketmesi i\u00e7in tasarlanm\u0131\u015f led g\u00f6stergeli bir elektrik ekipman\u0131d\u0131r. Elektrik panosunun kapa\u011f\u0131na veya ray\u0131 sistemine monte edilmek \u00fczere iki farkl\u0131 tipte olmaktad\u0131r. PLC sistemlerine ba\u011fl\u0131 olarak \u00e7al\u0131\u015fan d\u00fczeneklerde otomasyon sisteminin devreye girip \u00e7\u0131kmas\u0131n\u0131 kullan\u0131c\u0131ya bildirmektedir. Elektrik panosu i\u00e7erisinde rayl\u0131 led sinyal lambalar\u0131 kullan\u0131lmaktad\u0131r. Farkl\u0131 renk led \u0131\u015f\u0131k se\u00e7enekleri bulunmaktad\u0131r.  \u25a0 Voltmetreli ve ampermetreli sinyal lambalar\u0131nda 22mm k\u0131rm\u0131z\u0131, beyaz, ye\u015fil, sar\u0131, mavi renk se\u00e7enekleri mevcuttur. \u25a0 IEC\/EN 60947 standartlar\u0131na uygun  Butonlar  \u25a0 Yayl\u0131 ve mantar 22mm butonlar \u25a0 K\u0131rm\u0131z\u0131, ye\u015fil, sar\u0131 kontakl\u0131 yayl\u0131 buton \u00e7e\u015fitleri \u25a0 Mandal buton alternatifi \u25a0 Acil stop etiketi mevcut \u25a0 1NA Ye\u015fil start butonu i\u00e7in kontak blo\u011fu \u25a0 1NK K\u0131rm\u0131z\u0131 start butonu i\u00e7in kontak blo\u011fu \u25a0 1NO\/1NC Kontakl\u0131 ikiz buton","og_url":"https:\/\/www.sorelektrik.com\/index.php\/urun\/armaturlu-silikon-kablolu\/","og_site_name":"Sor Elektrik","article_modified_time":"2023-09-13T09:13:03+00:00","og_image":[{"width":900,"height":900,"url":"https:\/\/www.sorelektrik.com\/wp-content\/uploads\/2023\/09\/ARMATURLU-SILIKON-KABLOLU.png","type":"image\/png"}],"twitter_card":"summary_large_image","schema":{"@context":"https:\/\/schema.org","@graph":[{"@type":"WebPage","@id":"https:\/\/www.sorelektrik.com\/index.php\/urun\/armaturlu-silikon-kablolu\/","url":"https:\/\/www.sorelektrik.com\/index.php\/urun\/armaturlu-silikon-kablolu\/","name":"Armat\u00fcrl\u00fc Silikon Kablolu - Sor Elektrik","isPartOf":{"@id":"https:\/\/www.sorelektrik.com\/#website"},"primaryImageOfPage":{"@id":"https:\/\/www.sorelektrik.com\/index.php\/urun\/armaturlu-silikon-kablolu\/#primaryimage"},"image":{"@id":"https:\/\/www.sorelektrik.com\/index.php\/urun\/armaturlu-silikon-kablolu\/#primaryimage"},"thumbnailUrl":"https:\/\/www.sorelektrik.com\/wp-content\/uploads\/2023\/09\/ARMATURLU-SILIKON-KABLOLU.png","datePublished":"2023-09-13T09:13:01+00:00","dateModified":"2023-09-13T09:13:03+00:00","breadcrumb":{"@id":"https:\/\/www.sorelektrik.com\/index.php\/urun\/armaturlu-silikon-kablolu\/#breadcrumb"},"inLanguage":"tr","potentialAction":[{"@type":"ReadAction","target":["https:\/\/www.sorelektrik.com\/index.php\/urun\/armaturlu-silikon-kablolu\/"]}]},{"@type":"ImageObject","inLanguage":"tr","@id":"https:\/\/www.sorelektrik.com\/index.php\/urun\/armaturlu-silikon-kablolu\/#primaryimage","url":"https:\/\/www.sorelektrik.com\/wp-content\/uploads\/2023\/09\/ARMATURLU-SILIKON-KABLOLU.png","contentUrl":"https:\/\/www.sorelektrik.com\/wp-content\/uploads\/2023\/09\/ARMATURLU-SILIKON-KABLOLU.png","width":900,"height":900},{"@type":"BreadcrumbList","@id":"https:\/\/www.sorelektrik.com\/index.php\/urun\/armaturlu-silikon-kablolu\/#breadcrumb","itemListElement":[{"@type":"ListItem","position":1,"name":"Anasayfa","item":"https:\/\/www.sorelektrik.com\/"},{"@type":"ListItem","position":2,"name":"\u00dcr\u00fcnlerimiz","item":"https:\/\/www.sorelektrik.com\/index.php\/urunlerimiz\/"},{"@type":"ListItem","position":3,"name":"Armat\u00fcrl\u00fc Silikon Kablolu"}]},{"@type":"WebSite","@id":"https:\/\/www.sorelektrik.com\/#website","url":"https:\/\/www.sorelektrik.com\/","name":"Sor Elektrik","description":"Kalite Hi\u00e7bir Zaman Tesad\u00fcf De\u011fildir","publisher":{"@id":"https:\/\/www.sorelektrik.com\/#organization"},"alternateName":"http:\/\/www.sorelektrik.com\/","potentialAction":[{"@type":"SearchAction","target":{"@type":"EntryPoint","urlTemplate":"https:\/\/www.sorelektrik.com\/?s={search_term_string}"},"query-input":{"@type":"PropertyValueSpecification","valueRequired":true,"valueName":"search_term_string"}}],"inLanguage":"tr"},{"@type":"Organization","@id":"https:\/\/www.sorelektrik.com\/#organization","name":"Sor Elektrik","alternateName":"http:\/\/www.sorelektrik.com\/","url":"https:\/\/www.sorelektrik.com\/","logo":{"@type":"ImageObject","inLanguage":"tr","@id":"https:\/\/www.sorelektrik.com\/#\/schema\/logo\/image\/","url":"http:\/\/www.sorelektrik.com\/wp-content\/uploads\/2023\/09\/sorlogoicon_Calisma-Yuzeyi-1.png","contentUrl":"http:\/\/www.sorelektrik.com\/wp-content\/uploads\/2023\/09\/sorlogoicon_Calisma-Yuzeyi-1.png","width":2134,"height":2134,"caption":"Sor Elektrik"},"image":{"@id":"https:\/\/www.sorelektrik.com\/#\/schema\/logo\/image\/"}}]}},"_links":{"self":[{"href":"https:\/\/www.sorelektrik.com\/index.php\/wp-json\/wp\/v2\/product\/746","targetHints":{"allow":["GET"]}}],"collection":[{"href":"https:\/\/www.sorelektrik.com\/index.php\/wp-json\/wp\/v2\/product"}],"about":[{"href":"https:\/\/www.sorelektrik.com\/index.php\/wp-json\/wp\/v2\/types\/product"}],"replies":[{"embeddable":true,"href":"https:\/\/www.sorelektrik.com\/index.php\/wp-json\/wp\/v2\/comments?post=746"}],"wp:featuredmedia":[{"embeddable":true,"href":"https:\/\/www.sorelektrik.com\/index.php\/wp-json\/wp\/v2\/media\/747"}],"wp:attachment":[{"href":"https:\/\/www.sorelektrik.com\/index.php\/wp-json\/wp\/v2\/media?parent=746"}],"wp:term":[{"taxonomy":"product_brand","embeddable":true,"href":"https:\/\/www.sorelektrik.com\/index.php\/wp-json\/wp\/v2\/product_brand?post=746"},{"taxonomy":"product_cat","embeddable":true,"href":"https:\/\/www.sorelektrik.com\/index.php\/wp-json\/wp\/v2\/product_cat?post=746"},{"taxonomy":"product_tag","embeddable":true,"href":"https:\/\/www.sorelektrik.com\/index.php\/wp-json\/wp\/v2\/product_tag?post=746"}],"curies":[{"name":"wp","href":"https:\/\/api.w.org\/{rel}","templated":true}]}}