{"id":750,"date":"2023-09-13T12:17:07","date_gmt":"2023-09-13T09:17:07","guid":{"rendered":"http:\/\/www.sorelektrik.com\/?post_type=product&#038;p=750"},"modified":"2023-09-13T12:17:09","modified_gmt":"2023-09-13T09:17:09","slug":"toroidal-akim-transformatorleri","status":"publish","type":"product","link":"https:\/\/www.sorelektrik.com\/index.php\/urun\/toroidal-akim-transformatorleri\/","title":{"rendered":"Toroidal Ak\u0131m Transformat\u00f6rleri"},"content":{"rendered":"","protected":false},"excerpt":{"rendered":"<div>Ka\u00e7ak ak\u0131m alg\u0131lama r\u00f6lelerimiz i\u00e7in tasarlanm\u0131\u015f devre eleman\u0131d\u0131r. \u0130zolasyon hatalar\u0131ndan do\u011fabilecek yang\u0131nlar\u0131 ve elektrik \u00e7arpmalar\u0131n\u0131 engellemek i\u00e7in kullan\u0131lmaktad\u0131r.<\/div>\n<div>\u2022 45-400 Hz \u00e7al\u0131\u015fma frekans\u0131<\/div>\n<div>\u2022 2.5kV izolasyon seviyesi<\/div>\n<div>\u2022 Beklenilen primer ak\u0131m\u0131 30A<\/div>\n<div>\u2022 Toza ve 12mm\u2019den b\u00fcy\u00fck nesneler kar\u015f\u0131 koruma<\/div>\n","protected":false},"featured_media":751,"comment_status":"closed","ping_status":"closed","template":"","meta":[],"product_brand":[],"product_cat":[68],"product_tag":[],"class_list":{"0":"post-750","1":"product","2":"type-product","3":"status-publish","4":"has-post-thumbnail","6":"product_cat-toroidal-transformatorler","8":"first","9":"instock","10":"shipping-taxable","11":"product-type-simple"},"yoast_head":"<!-- This site is optimized with the Yoast SEO plugin v27.4 - https:\/\/yoast.com\/product\/yoast-seo-wordpress\/ -->\n<title>Toroidal Ak\u0131m Transformat\u00f6rleri - Sor Elektrik<\/title>\n<meta name=\"robots\" content=\"index, follow, max-snippet:-1, max-image-preview:large, max-video-preview:-1\" \/>\n<link rel=\"canonical\" href=\"https:\/\/www.sorelektrik.com\/index.php\/urun\/toroidal-akim-transformatorleri\/\" \/>\n<meta property=\"og:locale\" content=\"tr_TR\" \/>\n<meta property=\"og:type\" content=\"article\" \/>\n<meta property=\"og:title\" content=\"Toroidal Ak\u0131m Transformat\u00f6rleri - Sor Elektrik\" \/>\n<meta property=\"og:description\" content=\"Ka\u00e7ak ak\u0131m alg\u0131lama r\u00f6lelerimiz i\u00e7in tasarlanm\u0131\u015f devre eleman\u0131d\u0131r. \u0130zolasyon hatalar\u0131ndan do\u011fabilecek yang\u0131nlar\u0131 ve elektrik \u00e7arpmalar\u0131n\u0131 engellemek i\u00e7in kullan\u0131lmaktad\u0131r. \u2022 45-400 Hz \u00e7al\u0131\u015fma frekans\u0131 \u2022 2.5kV izolasyon seviyesi \u2022 Beklenilen primer ak\u0131m\u0131 30A \u2022 Toza ve 12mm\u2019den b\u00fcy\u00fck nesneler kar\u015f\u0131 koruma\" \/>\n<meta property=\"og:url\" content=\"https:\/\/www.sorelektrik.com\/index.php\/urun\/toroidal-akim-transformatorleri\/\" \/>\n<meta property=\"og:site_name\" content=\"Sor Elektrik\" \/>\n<meta property=\"article:modified_time\" content=\"2023-09-13T09:17:09+00:00\" \/>\n<meta property=\"og:image\" content=\"https:\/\/www.sorelektrik.com\/wp-content\/uploads\/2023\/09\/troidal-akim-transfaformatorleri.jpg\" \/>\n\t<meta property=\"og:image:width\" content=\"704\" \/>\n\t<meta property=\"og:image:height\" content=\"900\" \/>\n\t<meta property=\"og:image:type\" content=\"image\/jpeg\" \/>\n<meta name=\"twitter:card\" content=\"summary_large_image\" \/>\n<script type=\"application\/ld+json\" class=\"yoast-schema-graph\">{\"@context\":\"https:\\\/\\\/schema.org\",\"@graph\":[{\"@type\":\"WebPage\",\"@id\":\"https:\\\/\\\/www.sorelektrik.com\\\/index.php\\\/urun\\\/toroidal-akim-transformatorleri\\\/\",\"url\":\"https:\\\/\\\/www.sorelektrik.com\\\/index.php\\\/urun\\\/toroidal-akim-transformatorleri\\\/\",\"name\":\"Toroidal Ak\u0131m Transformat\u00f6rleri - Sor Elektrik\",\"isPartOf\":{\"@id\":\"https:\\\/\\\/www.sorelektrik.com\\\/#website\"},\"primaryImageOfPage\":{\"@id\":\"https:\\\/\\\/www.sorelektrik.com\\\/index.php\\\/urun\\\/toroidal-akim-transformatorleri\\\/#primaryimage\"},\"image\":{\"@id\":\"https:\\\/\\\/www.sorelektrik.com\\\/index.php\\\/urun\\\/toroidal-akim-transformatorleri\\\/#primaryimage\"},\"thumbnailUrl\":\"https:\\\/\\\/www.sorelektrik.com\\\/wp-content\\\/uploads\\\/2023\\\/09\\\/troidal-akim-transfaformatorleri.jpg\",\"datePublished\":\"2023-09-13T09:17:07+00:00\",\"dateModified\":\"2023-09-13T09:17:09+00:00\",\"breadcrumb\":{\"@id\":\"https:\\\/\\\/www.sorelektrik.com\\\/index.php\\\/urun\\\/toroidal-akim-transformatorleri\\\/#breadcrumb\"},\"inLanguage\":\"tr\",\"potentialAction\":[{\"@type\":\"ReadAction\",\"target\":[\"https:\\\/\\\/www.sorelektrik.com\\\/index.php\\\/urun\\\/toroidal-akim-transformatorleri\\\/\"]}]},{\"@type\":\"ImageObject\",\"inLanguage\":\"tr\",\"@id\":\"https:\\\/\\\/www.sorelektrik.com\\\/index.php\\\/urun\\\/toroidal-akim-transformatorleri\\\/#primaryimage\",\"url\":\"https:\\\/\\\/www.sorelektrik.com\\\/wp-content\\\/uploads\\\/2023\\\/09\\\/troidal-akim-transfaformatorleri.jpg\",\"contentUrl\":\"https:\\\/\\\/www.sorelektrik.com\\\/wp-content\\\/uploads\\\/2023\\\/09\\\/troidal-akim-transfaformatorleri.jpg\",\"width\":704,\"height\":900},{\"@type\":\"BreadcrumbList\",\"@id\":\"https:\\\/\\\/www.sorelektrik.com\\\/index.php\\\/urun\\\/toroidal-akim-transformatorleri\\\/#breadcrumb\",\"itemListElement\":[{\"@type\":\"ListItem\",\"position\":1,\"name\":\"Anasayfa\",\"item\":\"https:\\\/\\\/www.sorelektrik.com\\\/\"},{\"@type\":\"ListItem\",\"position\":2,\"name\":\"\u00dcr\u00fcnlerimiz\",\"item\":\"https:\\\/\\\/www.sorelektrik.com\\\/index.php\\\/urunlerimiz\\\/\"},{\"@type\":\"ListItem\",\"position\":3,\"name\":\"Toroidal Ak\u0131m Transformat\u00f6rleri\"}]},{\"@type\":\"WebSite\",\"@id\":\"https:\\\/\\\/www.sorelektrik.com\\\/#website\",\"url\":\"https:\\\/\\\/www.sorelektrik.com\\\/\",\"name\":\"Sor Elektrik\",\"description\":\"Kalite Hi\u00e7bir Zaman Tesad\u00fcf De\u011fildir\",\"publisher\":{\"@id\":\"https:\\\/\\\/www.sorelektrik.com\\\/#organization\"},\"alternateName\":\"http:\\\/\\\/www.sorelektrik.com\\\/\",\"potentialAction\":[{\"@type\":\"SearchAction\",\"target\":{\"@type\":\"EntryPoint\",\"urlTemplate\":\"https:\\\/\\\/www.sorelektrik.com\\\/?s={search_term_string}\"},\"query-input\":{\"@type\":\"PropertyValueSpecification\",\"valueRequired\":true,\"valueName\":\"search_term_string\"}}],\"inLanguage\":\"tr\"},{\"@type\":\"Organization\",\"@id\":\"https:\\\/\\\/www.sorelektrik.com\\\/#organization\",\"name\":\"Sor Elektrik\",\"alternateName\":\"http:\\\/\\\/www.sorelektrik.com\\\/\",\"url\":\"https:\\\/\\\/www.sorelektrik.com\\\/\",\"logo\":{\"@type\":\"ImageObject\",\"inLanguage\":\"tr\",\"@id\":\"https:\\\/\\\/www.sorelektrik.com\\\/#\\\/schema\\\/logo\\\/image\\\/\",\"url\":\"http:\\\/\\\/www.sorelektrik.com\\\/wp-content\\\/uploads\\\/2023\\\/09\\\/sorlogoicon_Calisma-Yuzeyi-1.png\",\"contentUrl\":\"http:\\\/\\\/www.sorelektrik.com\\\/wp-content\\\/uploads\\\/2023\\\/09\\\/sorlogoicon_Calisma-Yuzeyi-1.png\",\"width\":2134,\"height\":2134,\"caption\":\"Sor Elektrik\"},\"image\":{\"@id\":\"https:\\\/\\\/www.sorelektrik.com\\\/#\\\/schema\\\/logo\\\/image\\\/\"}}]}<\/script>\n<!-- \/ Yoast SEO plugin. -->","yoast_head_json":{"title":"Toroidal Ak\u0131m Transformat\u00f6rleri - Sor Elektrik","robots":{"index":"index","follow":"follow","max-snippet":"max-snippet:-1","max-image-preview":"max-image-preview:large","max-video-preview":"max-video-preview:-1"},"canonical":"https:\/\/www.sorelektrik.com\/index.php\/urun\/toroidal-akim-transformatorleri\/","og_locale":"tr_TR","og_type":"article","og_title":"Toroidal Ak\u0131m Transformat\u00f6rleri - Sor Elektrik","og_description":"Ka\u00e7ak ak\u0131m alg\u0131lama r\u00f6lelerimiz i\u00e7in tasarlanm\u0131\u015f devre eleman\u0131d\u0131r. \u0130zolasyon hatalar\u0131ndan do\u011fabilecek yang\u0131nlar\u0131 ve elektrik \u00e7arpmalar\u0131n\u0131 engellemek i\u00e7in kullan\u0131lmaktad\u0131r. \u2022 45-400 Hz \u00e7al\u0131\u015fma frekans\u0131 \u2022 2.5kV izolasyon seviyesi \u2022 Beklenilen primer ak\u0131m\u0131 30A \u2022 Toza ve 12mm\u2019den b\u00fcy\u00fck nesneler kar\u015f\u0131 koruma","og_url":"https:\/\/www.sorelektrik.com\/index.php\/urun\/toroidal-akim-transformatorleri\/","og_site_name":"Sor Elektrik","article_modified_time":"2023-09-13T09:17:09+00:00","og_image":[{"width":704,"height":900,"url":"https:\/\/www.sorelektrik.com\/wp-content\/uploads\/2023\/09\/troidal-akim-transfaformatorleri.jpg","type":"image\/jpeg"}],"twitter_card":"summary_large_image","schema":{"@context":"https:\/\/schema.org","@graph":[{"@type":"WebPage","@id":"https:\/\/www.sorelektrik.com\/index.php\/urun\/toroidal-akim-transformatorleri\/","url":"https:\/\/www.sorelektrik.com\/index.php\/urun\/toroidal-akim-transformatorleri\/","name":"Toroidal Ak\u0131m Transformat\u00f6rleri - Sor Elektrik","isPartOf":{"@id":"https:\/\/www.sorelektrik.com\/#website"},"primaryImageOfPage":{"@id":"https:\/\/www.sorelektrik.com\/index.php\/urun\/toroidal-akim-transformatorleri\/#primaryimage"},"image":{"@id":"https:\/\/www.sorelektrik.com\/index.php\/urun\/toroidal-akim-transformatorleri\/#primaryimage"},"thumbnailUrl":"https:\/\/www.sorelektrik.com\/wp-content\/uploads\/2023\/09\/troidal-akim-transfaformatorleri.jpg","datePublished":"2023-09-13T09:17:07+00:00","dateModified":"2023-09-13T09:17:09+00:00","breadcrumb":{"@id":"https:\/\/www.sorelektrik.com\/index.php\/urun\/toroidal-akim-transformatorleri\/#breadcrumb"},"inLanguage":"tr","potentialAction":[{"@type":"ReadAction","target":["https:\/\/www.sorelektrik.com\/index.php\/urun\/toroidal-akim-transformatorleri\/"]}]},{"@type":"ImageObject","inLanguage":"tr","@id":"https:\/\/www.sorelektrik.com\/index.php\/urun\/toroidal-akim-transformatorleri\/#primaryimage","url":"https:\/\/www.sorelektrik.com\/wp-content\/uploads\/2023\/09\/troidal-akim-transfaformatorleri.jpg","contentUrl":"https:\/\/www.sorelektrik.com\/wp-content\/uploads\/2023\/09\/troidal-akim-transfaformatorleri.jpg","width":704,"height":900},{"@type":"BreadcrumbList","@id":"https:\/\/www.sorelektrik.com\/index.php\/urun\/toroidal-akim-transformatorleri\/#breadcrumb","itemListElement":[{"@type":"ListItem","position":1,"name":"Anasayfa","item":"https:\/\/www.sorelektrik.com\/"},{"@type":"ListItem","position":2,"name":"\u00dcr\u00fcnlerimiz","item":"https:\/\/www.sorelektrik.com\/index.php\/urunlerimiz\/"},{"@type":"ListItem","position":3,"name":"Toroidal Ak\u0131m Transformat\u00f6rleri"}]},{"@type":"WebSite","@id":"https:\/\/www.sorelektrik.com\/#website","url":"https:\/\/www.sorelektrik.com\/","name":"Sor Elektrik","description":"Kalite Hi\u00e7bir Zaman Tesad\u00fcf De\u011fildir","publisher":{"@id":"https:\/\/www.sorelektrik.com\/#organization"},"alternateName":"http:\/\/www.sorelektrik.com\/","potentialAction":[{"@type":"SearchAction","target":{"@type":"EntryPoint","urlTemplate":"https:\/\/www.sorelektrik.com\/?s={search_term_string}"},"query-input":{"@type":"PropertyValueSpecification","valueRequired":true,"valueName":"search_term_string"}}],"inLanguage":"tr"},{"@type":"Organization","@id":"https:\/\/www.sorelektrik.com\/#organization","name":"Sor Elektrik","alternateName":"http:\/\/www.sorelektrik.com\/","url":"https:\/\/www.sorelektrik.com\/","logo":{"@type":"ImageObject","inLanguage":"tr","@id":"https:\/\/www.sorelektrik.com\/#\/schema\/logo\/image\/","url":"http:\/\/www.sorelektrik.com\/wp-content\/uploads\/2023\/09\/sorlogoicon_Calisma-Yuzeyi-1.png","contentUrl":"http:\/\/www.sorelektrik.com\/wp-content\/uploads\/2023\/09\/sorlogoicon_Calisma-Yuzeyi-1.png","width":2134,"height":2134,"caption":"Sor Elektrik"},"image":{"@id":"https:\/\/www.sorelektrik.com\/#\/schema\/logo\/image\/"}}]}},"_links":{"self":[{"href":"https:\/\/www.sorelektrik.com\/index.php\/wp-json\/wp\/v2\/product\/750","targetHints":{"allow":["GET"]}}],"collection":[{"href":"https:\/\/www.sorelektrik.com\/index.php\/wp-json\/wp\/v2\/product"}],"about":[{"href":"https:\/\/www.sorelektrik.com\/index.php\/wp-json\/wp\/v2\/types\/product"}],"replies":[{"embeddable":true,"href":"https:\/\/www.sorelektrik.com\/index.php\/wp-json\/wp\/v2\/comments?post=750"}],"wp:featuredmedia":[{"embeddable":true,"href":"https:\/\/www.sorelektrik.com\/index.php\/wp-json\/wp\/v2\/media\/751"}],"wp:attachment":[{"href":"https:\/\/www.sorelektrik.com\/index.php\/wp-json\/wp\/v2\/media?parent=750"}],"wp:term":[{"taxonomy":"product_brand","embeddable":true,"href":"https:\/\/www.sorelektrik.com\/index.php\/wp-json\/wp\/v2\/product_brand?post=750"},{"taxonomy":"product_cat","embeddable":true,"href":"https:\/\/www.sorelektrik.com\/index.php\/wp-json\/wp\/v2\/product_cat?post=750"},{"taxonomy":"product_tag","embeddable":true,"href":"https:\/\/www.sorelektrik.com\/index.php\/wp-json\/wp\/v2\/product_tag?post=750"}],"curies":[{"name":"wp","href":"https:\/\/api.w.org\/{rel}","templated":true}]}}